{"id":988,"date":"2018-02-22T14:01:20","date_gmt":"2018-02-22T17:01:20","guid":{"rendered":"http:\/\/concefor.cefor.ifes.edu.br\/?page_id=988"},"modified":"2024-08-06T13:21:13","modified_gmt":"2024-08-06T16:21:13","slug":"cronograma","status":"publish","type":"page","link":"https:\/\/concefor.cefor.ifes.edu.br\/2024\/cronograma\/","title":{"rendered":"Cronograma"},"content":{"rendered":"<h2><\/h2>\n<ul>\n<li>Per\u00edodo de Inscri\u00e7\u00f5es: 15 de abril a 11 de agosto de 2024.<\/li>\n<li>Per\u00edodo de submiss\u00f5es: 17 de abril a 07 de junho de 2024.<\/li>\n<li>Per\u00edodo de Avalia\u00e7\u00e3o: 13 de junho a 04 de julho de 2024.<\/li>\n<li>Notifica\u00e7\u00e3o de Aceite: 08 de julho de 2024.<\/li>\n<li>Prazo para envio final: 19 de julho de 2024.<\/li>\n<\/ul>\n","protected":false},"excerpt":{"rendered":"<p>Per\u00edodo de Inscri\u00e7\u00f5es: 15 de abril a 11 de agosto de 2024. Per\u00edodo de submiss\u00f5es: 17 de abril a 07 de junho de 2024. Per\u00edodo de Avalia\u00e7\u00e3o: 13 de junho a 04 de julho de 2024. Notifica\u00e7\u00e3o de Aceite: 08 <a class=\"more-link\" href=\"https:\/\/concefor.cefor.ifes.edu.br\/2024\/cronograma\/\">Leia mais&#8230; &raquo;<\/a><\/p>\n","protected":false},"author":4,"featured_media":0,"parent":0,"menu_order":0,"comment_status":"closed","ping_status":"closed","template":"","meta":[],"_links":{"self":[{"href":"https:\/\/concefor.cefor.ifes.edu.br\/2024\/wp-json\/wp\/v2\/pages\/988"}],"collection":[{"href":"https:\/\/concefor.cefor.ifes.edu.br\/2024\/wp-json\/wp\/v2\/pages"}],"about":[{"href":"https:\/\/concefor.cefor.ifes.edu.br\/2024\/wp-json\/wp\/v2\/types\/page"}],"author":[{"embeddable":true,"href":"https:\/\/concefor.cefor.ifes.edu.br\/2024\/wp-json\/wp\/v2\/users\/4"}],"replies":[{"embeddable":true,"href":"https:\/\/concefor.cefor.ifes.edu.br\/2024\/wp-json\/wp\/v2\/comments?post=988"}],"version-history":[{"count":16,"href":"https:\/\/concefor.cefor.ifes.edu.br\/2024\/wp-json\/wp\/v2\/pages\/988\/revisions"}],"predecessor-version":[{"id":14051,"href":"https:\/\/concefor.cefor.ifes.edu.br\/2024\/wp-json\/wp\/v2\/pages\/988\/revisions\/14051"}],"wp:attachment":[{"href":"https:\/\/concefor.cefor.ifes.edu.br\/2024\/wp-json\/wp\/v2\/media?parent=988"}],"curies":[{"name":"wp","href":"https:\/\/api.w.org\/{rel}","templated":true}]}}