{"id":22,"date":"2016-04-12T13:36:15","date_gmt":"2016-04-12T13:36:15","guid":{"rendered":"http:\/\/concefor.cefor.ifes.edu.br\/?page_id=22"},"modified":"2024-04-18T15:46:39","modified_gmt":"2024-04-18T18:46:39","slug":"inscricoes","status":"publish","type":"page","link":"https:\/\/concefor.cefor.ifes.edu.br\/2024\/inscricoes\/","title":{"rendered":"Inscri\u00e7\u00f5es"},"content":{"rendered":"<p><b>Per\u00edodo:<\/b><span style=\"font-weight: 400;\"> 15 de abril a 15 de julho de 2024.<\/span><\/p>\n<p><a href=\"https:\/\/www.even3.com.br\/viiconcefor\/\" data-wplink-edit=\"true\"><span style=\"font-weight: 400;\">CLIQUE AQUI para se inscrever no VII Concefor<\/span><\/a><\/p>\n","protected":false},"excerpt":{"rendered":"<p>Per\u00edodo: 15 de abril a 15 de julho de 2024. CLIQUE AQUI para se inscrever no VII Concefor<\/p>\n","protected":false},"author":1,"featured_media":0,"parent":0,"menu_order":0,"comment_status":"closed","ping_status":"closed","template":"","meta":[],"_links":{"self":[{"href":"https:\/\/concefor.cefor.ifes.edu.br\/2024\/wp-json\/wp\/v2\/pages\/22"}],"collection":[{"href":"https:\/\/concefor.cefor.ifes.edu.br\/2024\/wp-json\/wp\/v2\/pages"}],"about":[{"href":"https:\/\/concefor.cefor.ifes.edu.br\/2024\/wp-json\/wp\/v2\/types\/page"}],"author":[{"embeddable":true,"href":"https:\/\/concefor.cefor.ifes.edu.br\/2024\/wp-json\/wp\/v2\/users\/1"}],"replies":[{"embeddable":true,"href":"https:\/\/concefor.cefor.ifes.edu.br\/2024\/wp-json\/wp\/v2\/comments?post=22"}],"version-history":[{"count":64,"href":"https:\/\/concefor.cefor.ifes.edu.br\/2024\/wp-json\/wp\/v2\/pages\/22\/revisions"}],"predecessor-version":[{"id":14000,"href":"https:\/\/concefor.cefor.ifes.edu.br\/2024\/wp-json\/wp\/v2\/pages\/22\/revisions\/14000"}],"wp:attachment":[{"href":"https:\/\/concefor.cefor.ifes.edu.br\/2024\/wp-json\/wp\/v2\/media?parent=22"}],"curies":[{"name":"wp","href":"https:\/\/api.w.org\/{rel}","templated":true}]}}