{"id":2,"date":"2016-04-11T18:40:45","date_gmt":"2016-04-11T18:40:45","guid":{"rendered":"http:\/\/concefor.cefor.ifes.edu.br\/?page_id=2"},"modified":"2024-05-17T14:04:25","modified_gmt":"2024-05-17T17:04:25","slug":"o-concefor","status":"publish","type":"page","link":"https:\/\/concefor.cefor.ifes.edu.br\/2024\/","title":{"rendered":"O Concefor"},"content":{"rendered":"<p>O Concefor \u00e9 um evento bienal de abrang\u00eancia nacional promovido pelo Centro de Refer\u00eancia em Forma\u00e7\u00e3o e em Educa\u00e7\u00e3o a Dist\u00e2ncia \u2013 Cefor do Instituto Federal de Educa\u00e7\u00e3o do Esp\u00edrito Santo \u2013 Ifes. Esse evento de pesquisa e extens\u00e3o tem por finalidade reunir pesquisadores de estados da regi\u00e3o Sudeste e de todo o Brasil com o prop\u00f3sito de gerar novos conhecimentos sobre Educa\u00e7\u00e3o a Dist\u00e2ncia e h\u00edbrida a partir de discuss\u00f5es e reflex\u00f5es sobre as tem\u00e1ticas de uso e constru\u00e7\u00e3o de tecnologias educacionais, de forma\u00e7\u00e3o de professores e de pr\u00e1ticas docentes inovadoras nos contextos do ensino presencial e a dist\u00e2ncia.<\/p>\n<p><strong>A s\u00e9tima edi\u00e7\u00e3o do Concefor ser\u00e1 realizada presencialmente no Cefor em Vit\u00f3ria (ES) nos dias 14, 15 e 16 de agosto de 2024<\/strong> e ter\u00e1 como tema central &#8220;<strong>Educa\u00e7\u00e3o e Intelig\u00eancia Tecnol\u00f3gica: Inova\u00e7\u00e3o no Ensino Presencial e a Dist\u00e2ncia<\/strong>&#8220;. A programa\u00e7\u00e3o cient\u00edfica do evento inclui palestras, mesas redondas, grupo de trabalhos (GT&#8217;s), oficinas, minicursos e sess\u00f5es t\u00e9cnicas de comunica\u00e7\u00e3o oral. Al\u00e9m disso, a programa\u00e7\u00e3o abriu espa\u00e7os para mostras de moocs, produtos educacionais de mestrado e outras produ\u00e7\u00f5es t\u00e9cnicas.<\/p>\n<p>O VII Concefor ter\u00e1 apoio de algumas entidades cient\u00edficas relacionadas \u00e0 educa\u00e7\u00e3o a dist\u00e2ncia e \u00e0 forma\u00e7\u00e3o inicial e continuada de educadores. Entre essas entidades, destacamos o Programa de P\u00f3s-Gradua\u00e7\u00e3o de Mestrado e Doutorado Profissional em Educa\u00e7\u00e3o em Ci\u00eancias e Matem\u00e1tica do Ifes (Educimat).<\/p>\n<p>O evento tamb\u00e9m contar\u00e1 com a participa\u00e7\u00e3o de pesquisadores e professores de outros estados, tendo em vista o amplo conhecimento sobre as tem\u00e1ticas abordadas nas palestras e nas mesas-redondas. Em virtude da crescente demanda de interesse do p\u00fablico em geral quanto \u00e0s tem\u00e1ticas que abordam a educa\u00e7\u00e3o a dist\u00e2ncia e a forma\u00e7\u00e3o de educadores, o p\u00fablico-alvo deste evento \u00e9 formado por diferentes sujeitos do processo educativo.<\/p>\n<p>Os produtos cient\u00edficos gerados pelo evento ser\u00e3o os anais do evento, contendo artigos completos e resumos, e uma edi\u00e7\u00e3o especial da Revista Sala de Aula em Foco (Qualis B2 na \u00e1rea de ensino), contendo os melhores trabalhos do evento.<\/p>\n<p>Dessa forma, o VII Concefor constitui-se como evento de grande import\u00e2ncia para a educa\u00e7\u00e3o em geral, pois proporcionar\u00e1 um espa\u00e7o para o compartilhamento de ideias, pesquisas e experi\u00eancias nos contextos do ensino presencial e a dist\u00e2ncia que s\u00e3o voltadas para a forma\u00e7\u00e3o e a pr\u00e1tica docente, perpassadas pela utiliza\u00e7\u00e3o de tecnologias educacionais.<\/p>\n","protected":false},"excerpt":{"rendered":"<p>O Concefor \u00e9 um evento bienal de abrang\u00eancia nacional promovido pelo Centro de Refer\u00eancia em Forma\u00e7\u00e3o e em Educa\u00e7\u00e3o a Dist\u00e2ncia \u2013 Cefor do Instituto Federal de Educa\u00e7\u00e3o do Esp\u00edrito Santo \u2013 Ifes. Esse evento de pesquisa e extens\u00e3o tem <a class=\"more-link\" href=\"https:\/\/concefor.cefor.ifes.edu.br\/2024\/\">Leia mais&#8230; &raquo;<\/a><\/p>\n","protected":false},"author":2,"featured_media":0,"parent":0,"menu_order":0,"comment_status":"closed","ping_status":"open","template":"","meta":[],"_links":{"self":[{"href":"https:\/\/concefor.cefor.ifes.edu.br\/2024\/wp-json\/wp\/v2\/pages\/2"}],"collection":[{"href":"https:\/\/concefor.cefor.ifes.edu.br\/2024\/wp-json\/wp\/v2\/pages"}],"about":[{"href":"https:\/\/concefor.cefor.ifes.edu.br\/2024\/wp-json\/wp\/v2\/types\/page"}],"author":[{"embeddable":true,"href":"https:\/\/concefor.cefor.ifes.edu.br\/2024\/wp-json\/wp\/v2\/users\/2"}],"replies":[{"embeddable":true,"href":"https:\/\/concefor.cefor.ifes.edu.br\/2024\/wp-json\/wp\/v2\/comments?post=2"}],"version-history":[{"count":133,"href":"https:\/\/concefor.cefor.ifes.edu.br\/2024\/wp-json\/wp\/v2\/pages\/2\/revisions"}],"predecessor-version":[{"id":14034,"href":"https:\/\/concefor.cefor.ifes.edu.br\/2024\/wp-json\/wp\/v2\/pages\/2\/revisions\/14034"}],"wp:attachment":[{"href":"https:\/\/concefor.cefor.ifes.edu.br\/2024\/wp-json\/wp\/v2\/media?parent=2"}],"curies":[{"name":"wp","href":"https:\/\/api.w.org\/{rel}","templated":true}]}}