{"id":13927,"date":"2024-02-15T17:17:58","date_gmt":"2024-02-15T20:17:58","guid":{"rendered":"https:\/\/concefor.cefor.ifes.edu.br\/?page_id=13927"},"modified":"2024-08-22T13:27:16","modified_gmt":"2024-08-22T16:27:16","slug":"programacao","status":"publish","type":"page","link":"https:\/\/concefor.cefor.ifes.edu.br\/2024\/programacao\/","title":{"rendered":"Programa\u00e7\u00e3o"},"content":{"rendered":"\n<p><\/p>\n\n\n\n<div class=\"wp-block-buttons\">\n<div class=\"wp-block-button is-style-fill\"><a class=\"wp-block-button__link has-white-color has-text-color has-background\" href=\"https:\/\/docs.google.com\/document\/d\/1Utm6njeCub-Eeblk8msKxYUu_kxoTuEMNhbvygzPCEQ\/export?format=pdf\" style=\"border-radius:10px;background:linear-gradient(180deg,rgb(48,126,154) 0%,rgb(33,93,114) 100%)\" target=\"_blank\" rel=\"noreferrer noopener\">Fa\u00e7a o download da programa\u00e7\u00e3o completa (PDF)<\/a><\/div>\n<\/div>\n\n\n\n<div class=\"wp-block-buttons\">\n<div class=\"wp-block-button has-custom-font-size is-style-outline has-normal-font-size\"><a class=\"wp-block-button__link has-vivid-red-color has-text-color\" href=\"https:\/\/www.youtube.com\/playlist?list=PLKz4fshrNwnWwyjgrZNlIdIMJd0wiDAaA\" style=\"border-radius:11px\" target=\"_blank\" rel=\"noreferrer noopener\"> \ud83d\udd34 Assista as Grava\u00e7\u00f5es realizadas<\/a><\/div>\n<\/div>\n\n\n\n<p><strong>Itens marcados abaixo com \ud83d\udd34 contar\u00e3o com transmiss\u00e3o online ao-vivo. <\/strong><\/p>\n\n\n\n<hr class=\"wp-block-separator has-text-color has-background has-cyan-bluish-gray-background-color has-cyan-bluish-gray-color is-style-default\"\/>\n\n\n\n<h3><strong>Quarta-Feira (14\/08\/2024)<\/strong><\/h3>\n\n\n\n<figure class=\"wp-block-table is-style-stripes\"><table><tbody><tr><td><strong>08:00<\/strong>&nbsp;<\/td><td>Credenciamento e Recep\u00e7\u00e3o e inscri\u00e7\u00e3o de participantes<\/td><td><em>Local: P\u00e1tio (t\u00e9rreo)<\/em><\/td><\/tr><tr><td><strong>\u261508:30<\/strong><\/td><td>Acolhimento dos participantes e Coffee-Break e Momento Musical<\/td><td><em>Local: P\u00e1tio (t\u00e9rreo)<\/em><\/td><\/tr><tr><td><strong>\ud83c\udfa4 09:30<\/strong><\/td><td>\ud83d\udd34 <strong>Abertura do Evento<\/strong><\/td><td><em>Local: P\u00e1tio (t\u00e9rreo)<\/em><\/td><\/tr><tr><td><strong>\ud83c\udfa4 10:30<\/strong><\/td><td>\ud83d\udd34 <strong>Palestra <\/strong>\u201cEduca\u00e7\u00e3o e Intelig\u00eancia Tecnol\u00f3gica: Inova\u00e7\u00e3o no Ensino Presencial e a Dist\u00e2ncia\u201d \u2013 Dr. Jo\u00e3o Mattar<\/td><td><em>Local: P\u00e1tio (t\u00e9rreo)<\/em><\/td><\/tr><tr><td><strong>\ud83d\udcd1 13:30<\/strong><\/td><td><strong>Sess\u00f5es t\u00e9cnicas<\/strong> de apresenta\u00e7\u00e3o de artigos completos<\/td><td><em>Local: Audit\u00f3rio (4\u00ba Andar)<\/em><\/td><\/tr><tr><td><strong>\u2615 15:30<\/strong><\/td><td>Coffee Break e Momento cultural<\/td><td><em>Local: P\u00e1tio (t\u00e9rreo)<\/em><\/td><\/tr><tr><td><strong>\ud83c\udfa4 16:00<\/strong><\/td><td>\ud83d\udd34 <strong>Mesa-Redonda<\/strong> \u2013 Impactos da IA na Educa\u00e7\u00e3o B\u00e1sica \u2013 Dr. Rodrigo Duran; Dra. Marize Lyra Silva Passos<\/td><td><em>Local: P\u00e1tio (t\u00e9rreo)<\/em><\/td><\/tr><\/tbody><\/table><\/figure>\n\n\n\n<p>N\u00e3o foi poss\u00edvel se deslocar para o evento? <strong>As palestras e mesas-redondas ser\u00e3o transmitidas ao vivo<\/strong> atrav\u00e9s do Canal do Cefor no YouTube. Acesse abaixo e participe. <\/p>\n\n\n\n<div class=\"wp-block-buttons\">\n<div class=\"wp-block-button has-custom-font-size is-style-outline has-normal-font-size\"><a class=\"wp-block-button__link has-vivid-red-color has-text-color\" href=\"https:\/\/www.youtube.com\/playlist?list=PLKz4fshrNwnWwyjgrZNlIdIMJd0wiDAaA\" style=\"border-radius:11px\" target=\"_blank\" rel=\"noreferrer noopener\"> \ud83d\udd34 Assista as Grava\u00e7\u00f5es realizadas<\/a><\/div>\n<\/div>\n\n\n\n<hr class=\"wp-block-separator has-text-color has-background has-cyan-bluish-gray-background-color has-cyan-bluish-gray-color is-style-default\"\/>\n\n\n\n<h3><strong>Quinta-Feira (15\/08\/2023)<\/strong><\/h3>\n\n\n\n<figure class=\"wp-block-table is-style-stripes\"><table><tbody><tr><td><strong>\ud83d\udcd1 08:00<\/strong><\/td><td><strong>Sess\u00f5es t\u00e9cnicas<\/strong> de apresenta\u00e7\u00e3o de artigos completos<\/td><td><em>Local: Audit\u00f3rio (4\u00ba <em>Andar<\/em> )<\/em><\/td><\/tr><tr><td><strong>\u2615 10:00<\/strong><\/td><td>Coffee break e Momento Cultural<\/td><td><em>Local: P\u00e1tio (t\u00e9rreo)<\/em><\/td><\/tr><tr><td><strong>\ud83c\udfa4 10:30<\/strong><\/td><td>\ud83d\udd34 <strong>Palestra <\/strong>\u201cInova\u00e7\u00f5es, aplica\u00e7\u00f5es e desa\ufb01os da IA e contribui\u00e7\u00f5es para Educa\u00e7\u00e3o\u201d &#8211; Dr. Alberto Ferreira de Souza<\/td><td><em>Local: P\u00e1tio (t\u00e9rreo)<\/em><\/td><\/tr><tr><td><strong>\ud83d\udcd1 13:30<\/strong><\/td><td><strong>Sess\u00f5es t\u00e9cnicas<\/strong> de apresenta\u00e7\u00e3o de artigos completos<\/td><td><em>Local: Audit\u00f3rio (4\u00ba <em>Andar<\/em>)<\/em><\/td><\/tr><tr><td><strong>\u2615 15:00<\/strong><\/td><td>Coffee Break e Momento cultural<\/td><td><em>Local: P\u00e1tio (t\u00e9rreo)<\/em><\/td><\/tr><tr><td><strong>\ud83c\udfa4 15:30<\/strong><\/td><td>\ud83d\udd34 <strong>Mesa-Redonda<\/strong> \u201cIntelig\u00eancia Arti\ufb01cial, Inclus\u00e3o e Tecnologia Assistiva\u201d \u2013 Dra. Mary Grace Pereira Andrioli e Dra. Larissy Cotonhoto<\/td><td><em>Local: P\u00e1tio (t\u00e9rreo)<\/em><\/td><\/tr><tr><td><strong>\ud83d\udcd1 17:00<\/strong><\/td><td><strong>Mostra<\/strong> de Produtos e Produ\u00e7\u00f5es T\u00e9cnicas \u2013 Painel<\/td><td><em>Locais: Salas 1, 2 e 3 (1\u00ba e 2\u00ba <em>Andar<\/em>)<\/em><\/td><\/tr><\/tbody><\/table><\/figure>\n\n\n\n<h3><strong>Sexta-feira (16\/08\/2024)<\/strong><\/h3>\n\n\n\n<figure class=\"wp-block-table is-style-stripes\"><table><tbody><tr><td><strong>\ud83d\udd00 08:00<\/strong><\/td><td><strong>Eventos paralelos<\/strong> &#8211; Momento I&nbsp;<\/td><td><\/td><\/tr><tr><td><\/td><td>Evento Paralelo 1 \u2013 Projeto Rio Doce Escolar (Educimat)&nbsp;<\/td><td><em>Local: P\u00e1tio (t\u00e9rreo)<\/em><\/td><\/tr><tr><td><\/td><td>Evento Paralelo 2 \u2013 UAB e UNAC<\/td><td><em>Local: Audit\u00f3rio (4\u00ba <em><em>Andar<\/em><\/em>)<\/em><\/td><\/tr><tr><td><\/td><td>Evento Paralelo 3 \u2013 Pros@tec (Grupo de Pesquisa Tecnologias Digitais e Computa\u00e7\u00e3o na Educa\u00e7\u00e3o)<\/td><td><em>Local: Sala 1 (1\u00ba <em><em>Andar<\/em><\/em>)<\/em><\/td><\/tr><tr><td><\/td><td>Evento Paralelo 4 \u2013 Oficina Intelig\u00eancia Artificial no Cotidiano&nbsp;<\/td><td><em>Local: Sala 3 (2\u00ba <em><em>Andar<\/em><\/em>)<\/em><\/td><\/tr><tr><td><\/td><td>Evento Paralelo 5 \u2013 Oficina de Pensamento Computacional no Ensino de Ci\u00eancias&nbsp;<\/td><td><em>Local: Sala 4 (2\u00ba <em><em>Andar<\/em><\/em>)&nbsp;<\/em><\/td><\/tr><tr><td><\/td><td>Evento Paralelo 6 \u2013 Oficina Professor + IA: crie atividades com agilidade e qualidade no Moodle com o ChatGPT&nbsp;<\/td><td><em>Local: Laborat\u00f3rio de Inform\u00e1tica (4\u00ba <em><em>Andar<\/em><\/em>)<\/em><\/td><\/tr><tr><td><\/td><td>Evento Paralelo 8 \u2013 Projeto Embrace<\/td><td><em>Local: Sala 2 (1\u00ba <em><em>Andar<\/em><\/em>)<\/em><\/td><\/tr><tr><td><strong>\u2615 10:00&nbsp;<\/strong><\/td><td>Coffee Break&nbsp;<\/td><td><em>Local: P\u00e1tio (t\u00e9rreo)<\/em><\/td><\/tr><tr><td>\ud83c\udfa4 <strong>10:30<\/strong>&nbsp;<\/td><td>\ud83d\udd34 <strong>Palestra <\/strong>\u201d Educa\u00e7\u00e3o e Intelig\u00eancia Tecnol\u00f3gica: Inova\u00e7\u00e3o no Ensino e na Aprendizagem Online\u201d Dr. Luis Otoni Ribeiro<\/td><td><em>Local: P\u00e1tio (t\u00e9rreo)<\/em><\/td><\/tr><tr><td><strong>\ud83d\udd00 13:30<\/strong><\/td><td><strong>Eventos paralelos<\/strong> &#8211; Momento II&nbsp;<\/td><td><\/td><\/tr><tr><td><\/td><td>Evento Paralelo 1 \u2013 Projeto Rio Doce Escolar (Educimat)&nbsp;<\/td><td><em>Local: P\u00e1tio (t\u00e9rreo)<\/em><\/td><\/tr><tr><td><\/td><td>Evento Paralelo 2 \u2013 UAB e UNAC<\/td><td><em>Local: Salas 3 e 4 (2\u00ba <em><em>Andar<\/em><\/em>)<\/em><\/td><\/tr><tr><td><\/td><td>Evento Paralelo 3 \u2013 Pros@tec (Grupo de Pesquisa Tecnologias Digitais e Computa\u00e7\u00e3o na Educa\u00e7\u00e3o)<\/td><td><em>Local: Sala 1 (1\u00ba <em><em>Andar<\/em><\/em>)<\/em><\/td><\/tr><tr><td><\/td><td>Evento Paralelo 6 \u2013 Oficina Professor + IA: crie atividades com agilidade e qualidade no Moodle com o ChatGPT&nbsp;<\/td><td><em>Local: Laborat\u00f3rio de Inform\u00e1tica (4\u00ba <em><em>Andar<\/em><\/em>)<\/em><\/td><\/tr><tr><td><\/td><td>Evento Paralelo 7 \u2013 Oficina de Roteiro para videoaula<\/td><td><em>Local: Sala 2 (1\u00ba <em><em>Andar<\/em><\/em>)<\/em><\/td><\/tr><tr><td><strong>\ud83c\udfc6 15:30<\/strong><\/td><td>\ud83d\udd34 <strong>Premia\u00e7\u00e3o <\/strong>dos Melhores Trabalhos do VII Concefor<\/td><td><em>Local: P\u00e1tio (t\u00e9rreo)<\/em><\/td><\/tr><tr><td><strong>\ud83c\udf89 16:00<\/strong>&nbsp;<\/td><td><strong>Celebra\u00e7\u00e3o do Anivers\u00e1rio de 18 anos<\/strong> do Cefor e Encerramento do evento<\/td><td><em>Local: P\u00e1tio (t\u00e9rreo)<\/em><\/td><\/tr><\/tbody><\/table><\/figure>\n\n\n\n<hr class=\"wp-block-separator has-text-color has-background has-cyan-bluish-gray-background-color has-cyan-bluish-gray-color is-style-default\"\/>\n\n\n\n<p>Para visualizar os hor\u00e1rios e locais das <strong>Sess\u00f5es T\u00e9cnicas e das Mostras de Produtos e Produ\u00e7\u00f5es T\u00e9cnicas<\/strong>, fa\u00e7a o download da programa\u00e7\u00e3o completa no PDF abaixo: <\/p>\n\n\n\n<div class=\"wp-block-buttons\">\n<div class=\"wp-block-button is-style-fill\"><a class=\"wp-block-button__link has-white-color has-text-color has-background\" href=\"https:\/\/docs.google.com\/document\/d\/1Utm6njeCub-Eeblk8msKxYUu_kxoTuEMNhbvygzPCEQ\/export?format=pdf\" style=\"border-radius:10px;background:linear-gradient(180deg,rgb(48,126,154) 0%,rgb(33,93,114) 100%)\" target=\"_blank\" rel=\"noreferrer noopener\">Fa\u00e7a o download da programa\u00e7\u00e3o completa (PDF)<\/a><\/div>\n<\/div>\n\n\n\n<hr class=\"wp-block-separator has-text-color has-background has-cyan-bluish-gray-background-color has-cyan-bluish-gray-color is-style-default\"\/>\n\n\n\n<p>N\u00e3o foi poss\u00edvel se deslocar para o evento? <strong>As palestras e mesas-redondas ser\u00e3o transmitidas ao vivo<\/strong> atrav\u00e9s do Canal do Cefor no YouTube. Acesse abaixo e participe. <\/p>\n\n\n\n<div class=\"wp-block-buttons\">\n<div class=\"wp-block-button has-custom-font-size is-style-outline has-normal-font-size\"><a class=\"wp-block-button__link has-vivid-red-color has-text-color\" href=\"https:\/\/www.youtube.com\/playlist?list=PLKz4fshrNwnWwyjgrZNlIdIMJd0wiDAaA\" style=\"border-radius:11px\" target=\"_blank\" rel=\"noreferrer noopener\"> \ud83d\udd34 Assista as Grava\u00e7\u00f5es realizadas<\/a><\/div>\n<\/div>\n","protected":false},"excerpt":{"rendered":"<p>Itens marcados abaixo com \ud83d\udd34 contar\u00e3o com transmiss\u00e3o online ao-vivo. Quarta-Feira (14\/08\/2024) 08:00&nbsp; Credenciamento e Recep\u00e7\u00e3o e inscri\u00e7\u00e3o de participantes Local: P\u00e1tio (t\u00e9rreo) \u261508:30 Acolhimento dos participantes e Coffee-Break e Momento Musical Local: P\u00e1tio (t\u00e9rreo) \ud83c\udfa4 09:30 \ud83d\udd34 Abertura do <a class=\"more-link\" href=\"https:\/\/concefor.cefor.ifes.edu.br\/2024\/programacao\/\">Leia mais&#8230; &raquo;<\/a><\/p>\n","protected":false},"author":1,"featured_media":0,"parent":0,"menu_order":0,"comment_status":"closed","ping_status":"closed","template":"","meta":[],"_links":{"self":[{"href":"https:\/\/concefor.cefor.ifes.edu.br\/2024\/wp-json\/wp\/v2\/pages\/13927"}],"collection":[{"href":"https:\/\/concefor.cefor.ifes.edu.br\/2024\/wp-json\/wp\/v2\/pages"}],"about":[{"href":"https:\/\/concefor.cefor.ifes.edu.br\/2024\/wp-json\/wp\/v2\/types\/page"}],"author":[{"embeddable":true,"href":"https:\/\/concefor.cefor.ifes.edu.br\/2024\/wp-json\/wp\/v2\/users\/1"}],"replies":[{"embeddable":true,"href":"https:\/\/concefor.cefor.ifes.edu.br\/2024\/wp-json\/wp\/v2\/comments?post=13927"}],"version-history":[{"count":40,"href":"https:\/\/concefor.cefor.ifes.edu.br\/2024\/wp-json\/wp\/v2\/pages\/13927\/revisions"}],"predecessor-version":[{"id":14106,"href":"https:\/\/concefor.cefor.ifes.edu.br\/2024\/wp-json\/wp\/v2\/pages\/13927\/revisions\/14106"}],"wp:attachment":[{"href":"https:\/\/concefor.cefor.ifes.edu.br\/2024\/wp-json\/wp\/v2\/media?parent=13927"}],"curies":[{"name":"wp","href":"https:\/\/api.w.org\/{rel}","templated":true}]}}