{"id":1060,"date":"2018-02-27T16:05:35","date_gmt":"2018-02-27T19:05:35","guid":{"rendered":"http:\/\/concefor.cefor.ifes.edu.br\/?page_id=1060"},"modified":"2024-08-08T11:43:13","modified_gmt":"2024-08-08T14:43:13","slug":"opcoes-de-restaurantes","status":"publish","type":"page","link":"https:\/\/concefor.cefor.ifes.edu.br\/2024\/opcoes-de-restaurantes\/","title":{"rendered":"Restaurantes"},"content":{"rendered":"<p><strong>Restaurante Pioneiro<\/strong><br \/>\nEndere\u00e7o: Avenida Paulino Muller, 815 &#8211; Jucutuquara, Vit\u00f3ria &#8211; ES, 29040-715<br \/>\nTelefone: (27) 3222-0612<\/p>\n<p><strong>Restaurante Franscischetto<\/strong><br \/>\nEndere\u00e7o: Rua Gen. Guaran\u00e1, 62 &#8211; Jucutuquara, Vit\u00f3ria &#8211; ES, 29040-870<br \/>\nTelefone: 3322-7860<\/p>\n<p><strong>Restaurante Subway<\/strong><br \/>\nEndere\u00e7o: Avenida Vit\u00f3ria, 1980 &#8211; Loja 1 &#8211; Monte Belo, Vit\u00f3ria &#8211; ES, 29053-360<br \/>\nTelefone: (27) 3026-4774<\/p>\n<p><strong>Restaurante Casa da Ilha<\/strong><br \/>\nEndere\u00e7o: Avenida Jo\u00e3o Santos Filho, 340 &#8211; Ilha de Santa Maria, Vit\u00f3ria &#8211; ES, 29051-140<br \/>\nTelefone: (27) 3057-1011<\/p>\n<p><strong>Horto Mercado<\/strong><br \/>\nEndere\u00e7o: R. Lic\u00ednio dos Santos Conte, 51 \u2013 Enseada do Su\u00e1, Vit\u00f3ria \u2013 ES, 29050-333<br \/>\nTelefone: (27) 3235-7556<\/p>\n<p><strong>Salsa Self-Service<\/strong><br \/>\nEndere\u00e7o: R. Madeira de Freitas, 76 \u2013 Praia do Canto, Vit\u00f3ria \u2013 ES, 29055-320<br \/>\nTelefone: (27) 3315-7511<\/p>\n","protected":false},"excerpt":{"rendered":"<p>Restaurante Pioneiro Endere\u00e7o: Avenida Paulino Muller, 815 &#8211; Jucutuquara, Vit\u00f3ria &#8211; ES, 29040-715 Telefone: (27) 3222-0612 Restaurante Franscischetto Endere\u00e7o: Rua Gen. Guaran\u00e1, 62 &#8211; Jucutuquara, Vit\u00f3ria &#8211; ES, 29040-870 Telefone: 3322-7860 Restaurante Subway Endere\u00e7o: Avenida Vit\u00f3ria, 1980 &#8211; Loja 1 <a class=\"more-link\" href=\"https:\/\/concefor.cefor.ifes.edu.br\/2024\/opcoes-de-restaurantes\/\">Leia mais&#8230; &raquo;<\/a><\/p>\n","protected":false},"author":4,"featured_media":0,"parent":0,"menu_order":0,"comment_status":"closed","ping_status":"closed","template":"","meta":[],"_links":{"self":[{"href":"https:\/\/concefor.cefor.ifes.edu.br\/2024\/wp-json\/wp\/v2\/pages\/1060"}],"collection":[{"href":"https:\/\/concefor.cefor.ifes.edu.br\/2024\/wp-json\/wp\/v2\/pages"}],"about":[{"href":"https:\/\/concefor.cefor.ifes.edu.br\/2024\/wp-json\/wp\/v2\/types\/page"}],"author":[{"embeddable":true,"href":"https:\/\/concefor.cefor.ifes.edu.br\/2024\/wp-json\/wp\/v2\/users\/4"}],"replies":[{"embeddable":true,"href":"https:\/\/concefor.cefor.ifes.edu.br\/2024\/wp-json\/wp\/v2\/comments?post=1060"}],"version-history":[{"count":6,"href":"https:\/\/concefor.cefor.ifes.edu.br\/2024\/wp-json\/wp\/v2\/pages\/1060\/revisions"}],"predecessor-version":[{"id":14059,"href":"https:\/\/concefor.cefor.ifes.edu.br\/2024\/wp-json\/wp\/v2\/pages\/1060\/revisions\/14059"}],"wp:attachment":[{"href":"https:\/\/concefor.cefor.ifes.edu.br\/2024\/wp-json\/wp\/v2\/media?parent=1060"}],"curies":[{"name":"wp","href":"https:\/\/api.w.org\/{rel}","templated":true}]}}