{"id":988,"date":"2018-02-22T14:01:20","date_gmt":"2018-02-22T17:01:20","guid":{"rendered":"http:\/\/concefor.cefor.ifes.edu.br\/?page_id=988"},"modified":"2024-02-16T07:46:10","modified_gmt":"2024-02-16T10:46:10","slug":"cronograma","status":"publish","type":"page","link":"https:\/\/concefor.cefor.ifes.edu.br\/2021\/cronograma\/","title":{"rendered":"Cronograma"},"content":{"rendered":"<h2><\/h2>\n<ul>\n<li>Per\u00edodo de Inscri\u00e7\u00f5es: 2 de Mar\u00e7o a 15 de Julho<\/li>\n<li>Per\u00edodo de submiss\u00f5es: 2 de janeiro a 15 de Mar\u00e7o (Com prorroga\u00e7\u00e3o de prazo at\u00e9 15\/04);<\/li>\n<li>Per\u00edodo de Avalia\u00e7\u00e3o: 16\/04 a 16\/05 (Prazo prorrogado: 31\/05)<\/li>\n<li>Notifica\u00e7\u00e3o de Aceite: 31\/05<\/li>\n<li>Prazo para envio final: 11\/06<\/li>\n<\/ul>\n","protected":false},"excerpt":{"rendered":"<p>Per\u00edodo de Inscri\u00e7\u00f5es: 2 de Mar\u00e7o a 15 de Julho Per\u00edodo de submiss\u00f5es: 2 de janeiro a 15 de Mar\u00e7o (Com prorroga\u00e7\u00e3o de prazo at\u00e9 15\/04); Per\u00edodo de Avalia\u00e7\u00e3o: 16\/04 a 16\/05 (Prazo prorrogado: 31\/05) Notifica\u00e7\u00e3o de Aceite: 31\/05 Prazo <a class=\"more-link\" href=\"https:\/\/concefor.cefor.ifes.edu.br\/2021\/cronograma\/\">Leia mais&#8230; &raquo;<\/a><\/p>\n","protected":false},"author":1,"featured_media":0,"parent":0,"menu_order":0,"comment_status":"closed","ping_status":"closed","template":"","meta":[],"_links":{"self":[{"href":"https:\/\/concefor.cefor.ifes.edu.br\/2021\/wp-json\/wp\/v2\/pages\/988"}],"collection":[{"href":"https:\/\/concefor.cefor.ifes.edu.br\/2021\/wp-json\/wp\/v2\/pages"}],"about":[{"href":"https:\/\/concefor.cefor.ifes.edu.br\/2021\/wp-json\/wp\/v2\/types\/page"}],"author":[{"embeddable":true,"href":"https:\/\/concefor.cefor.ifes.edu.br\/2021\/wp-json\/wp\/v2\/users\/1"}],"replies":[{"embeddable":true,"href":"https:\/\/concefor.cefor.ifes.edu.br\/2021\/wp-json\/wp\/v2\/comments?post=988"}],"version-history":[{"count":1,"href":"https:\/\/concefor.cefor.ifes.edu.br\/2021\/wp-json\/wp\/v2\/pages\/988\/revisions"}],"predecessor-version":[{"id":13951,"href":"https:\/\/concefor.cefor.ifes.edu.br\/2021\/wp-json\/wp\/v2\/pages\/988\/revisions\/13951"}],"wp:attachment":[{"href":"https:\/\/concefor.cefor.ifes.edu.br\/2021\/wp-json\/wp\/v2\/media?parent=988"}],"curies":[{"name":"wp","href":"https:\/\/api.w.org\/{rel}","templated":true}]}}