{"id":7,"date":"2016-04-11T18:40:45","date_gmt":"2016-04-11T18:40:45","guid":{"rendered":"http:\/\/concefor.cefor.ifes.edu.br\/?page_id=2"},"modified":"2016-04-11T18:40:45","modified_gmt":"2016-04-11T18:40:45","slug":"o-concefor","status":"publish","type":"page","link":"https:\/\/concefor.cefor.ifes.edu.br\/2021\/","title":{"rendered":"O Concefor"},"content":{"rendered":"<p><span style=\"font-weight: 400\">O Concefor \u00e9 um evento cient\u00edfico de abrang\u00eancia regional promovido pelo <\/span><b>Centro de Refer\u00eancia em Forma\u00e7\u00e3o e em Educa\u00e7\u00e3o a Dist\u00e2ncia (Cefor)<\/b><span style=\"font-weight: 400\">, do Instituto Federal do Esp\u00edrito Santo (<\/span><b>Ifes<\/b><span style=\"font-weight: 400\">). Em 2021, ocorrer\u00e1, de forma online, o VI Concefor, que pretende, al\u00e9m de refor\u00e7ar seu car\u00e1ter regional, ampliar o seu alcance buscando contribui\u00e7\u00f5es da comunidade cient\u00edfica para os temas relacionados \u00e0s pr\u00e1ticas educativas inovadoras, \u00e0s tecnologias digitais e \u00e0 forma\u00e7\u00e3o de profissionais da educa\u00e7\u00e3o.\u00a0<\/span><\/p>\n<p><span style=\"font-weight: 400\">O <\/span><b>VI Concefor ocorrer\u00e1 nos dias 04 e 05 de novembro de 2021<\/b><span style=\"font-weight: 400\"> e ter\u00e1 como <\/span><b>tema \u201cDo caos \u00e0 inova\u00e7\u00e3o: as transforma\u00e7\u00f5es educacionais durante a pandemia\u201d<\/b><span style=\"font-weight: 400\">. Esse tema foi concebido tendo em vista a necessidade de uma reflex\u00e3o mais profunda sobre novas estrat\u00e9gias e, tamb\u00e9m, novos mecanismos educacionais relacionados ao processo de ensino e de aprendizagem que contemplem a introdu\u00e7\u00e3o de tecnologias e metodologias em uma perspectiva inclusiva no contexto da Pandemia de Covid-19.\u00a0<\/span><\/p>\n<p><span style=\"font-weight: 400\">Nesse contexto pand\u00eamico, o uso de recursos tecnol\u00f3gicos tornou-se fundamental para os processos de ensino e de aprendizagem \u00e0 medida que as aulas presenciais foram substitu\u00eddas por aulas remotas. Dessa forma, h\u00e1 uma necessidade maior que as tecnologias digitais e as metodologias de ensino sejam mais difundidas no \u00e2mbito educacional, criando espa\u00e7os de debate, reflex\u00e3o e troca de experi\u00eancias para abordagem dessa tem\u00e1tica. A execu\u00e7\u00e3o deste evento justifica-se, portanto, especialmente pela estrat\u00e9gia de divulga\u00e7\u00e3o, reflex\u00e3o, discuss\u00e3o e constru\u00e7\u00e3o de conhecimentos sobre o uso de Tecnologias na Educa\u00e7\u00e3o considerando as transforma\u00e7\u00f5es sociais impulsionadas pela Pandemia de Covid-19.<\/span><\/p>\n<h2>Finalidades do evento<\/h2>\n<p><span style=\"font-weight: 400\">O <\/span><b>VI Concefor<\/b><span style=\"font-weight: 400\"> tem por finalidade fortalecer e ampliar o espa\u00e7o de discuss\u00e3o e reflex\u00e3o da comunidade acad\u00eamico-cient\u00edfica sobre a forma\u00e7\u00e3o, as pr\u00e1ticas docentes, a EaD e a utiliza\u00e7\u00e3o de tecnologias na educa\u00e7\u00e3o no contexto de pandemia. Al\u00e9m disso, visa a promover o encontro e a integra\u00e7\u00e3o de pesquisadores, alunos de p\u00f3s-gradua\u00e7\u00e3o e professores para interc\u00e2mbio de experi\u00eancias, divulga\u00e7\u00e3o de pesquisas cient\u00edficas e produ\u00e7\u00f5es t\u00e9cnicas relacionadas \u00e0s \u00e1reas de forma\u00e7\u00e3o, EaD e tecnologias.\u00a0<\/span><\/p>\n<p><span style=\"font-weight: 400\">O p\u00fablico-alvo desse evento \u00e9 composto de alunos de p\u00f3s-gradua\u00e7\u00e3o, pesquisadores, professores e gestores que atuam no \u00e2mbito educacional e tecnol\u00f3gico. Dessa forma, a realiza\u00e7\u00e3o do VI Concefor revela-se de grande import\u00e2ncia para a educa\u00e7\u00e3o em geral, tendo em vista proporcionar um espa\u00e7o para o compartilhamento de ideias, pesquisas e experi\u00eancias voltadas para a forma\u00e7\u00e3o e a pr\u00e1tica docente, perpassadas pela utiliza\u00e7\u00e3o de tecnologias educacionais caminhando para a realidade de p\u00f3s-pandemia.<\/span><\/p>\n<p><span style=\"font-weight: 400\">A programa\u00e7\u00e3o cient\u00edfica do evento constituir-se-\u00e1 de palestras, mesas-redondas, minicursos, sess\u00f5es t\u00e9cnicas e painel de produ\u00e7\u00f5es t\u00e9cnicas. Para a submiss\u00e3o dos trabalhos ser\u00e3o propostos quatro eixos tem\u00e1ticos, embasados nos quais ser\u00e3o aceitas, classificadas e distribu\u00eddas as comunica\u00e7\u00f5es coordenadas.<\/span><\/p>\n","protected":false},"excerpt":{"rendered":"<p>O Concefor \u00e9 um evento cient\u00edfico de abrang\u00eancia regional promovido pelo Centro de Refer\u00eancia em Forma\u00e7\u00e3o e em Educa\u00e7\u00e3o a Dist\u00e2ncia (Cefor), do Instituto Federal do Esp\u00edrito Santo (Ifes). Em 2021, ocorrer\u00e1, de forma online, o VI Concefor, que pretende, <a class=\"more-link\" href=\"https:\/\/concefor.cefor.ifes.edu.br\/2021\/\">Leia mais&#8230; &raquo;<\/a><\/p>\n","protected":false},"author":1,"featured_media":0,"parent":0,"menu_order":0,"comment_status":"closed","ping_status":"open","template":"","meta":[],"_links":{"self":[{"href":"https:\/\/concefor.cefor.ifes.edu.br\/2021\/wp-json\/wp\/v2\/pages\/7"}],"collection":[{"href":"https:\/\/concefor.cefor.ifes.edu.br\/2021\/wp-json\/wp\/v2\/pages"}],"about":[{"href":"https:\/\/concefor.cefor.ifes.edu.br\/2021\/wp-json\/wp\/v2\/types\/page"}],"author":[{"embeddable":true,"href":"https:\/\/concefor.cefor.ifes.edu.br\/2021\/wp-json\/wp\/v2\/users\/1"}],"replies":[{"embeddable":true,"href":"https:\/\/concefor.cefor.ifes.edu.br\/2021\/wp-json\/wp\/v2\/comments?post=7"}],"version-history":[{"count":0,"href":"https:\/\/concefor.cefor.ifes.edu.br\/2021\/wp-json\/wp\/v2\/pages\/7\/revisions"}],"wp:attachment":[{"href":"https:\/\/concefor.cefor.ifes.edu.br\/2021\/wp-json\/wp\/v2\/media?parent=7"}],"curies":[{"name":"wp","href":"https:\/\/api.w.org\/{rel}","templated":true}]}}