{"id":30,"date":"2016-04-12T13:37:24","date_gmt":"2016-04-12T13:37:24","guid":{"rendered":"http:\/\/concefor.cefor.ifes.edu.br\/?page_id=30"},"modified":"2016-04-12T13:37:24","modified_gmt":"2016-04-12T13:37:24","slug":"contato","status":"publish","type":"page","link":"https:\/\/concefor.cefor.ifes.edu.br\/2021\/contato\/","title":{"rendered":"Contato"},"content":{"rendered":"<header class=\"entry-header\">\n<h1 class=\"entry-title\"><\/h1>\n<\/header>\n<div class=\"entry-content\">\n<p><span style=\"font-weight: 400\">Toda a comunica\u00e7\u00e3o ser\u00e1 realizada pelos seguintes contatos:<\/span><\/p>\n<ol>\n<li style=\"font-weight: 400\"><span style=\"font-weight: 400\">Coordena\u00e7\u00e3o do VI Concefor: <\/span><a href=\"mailto:concefor@ifes.edu.br\"><span style=\"font-weight: 400\">concefor@ifes.edu.br<\/span><\/a><\/li>\n<li><span style=\"font-weight: 400\">Submiss\u00e3o de Trabalhos: <\/span><a href=\"mailto:submissoes.concefor@ifes.edu.br\"><span style=\"font-weight: 400\">submissoes.concefor@ifes.edu.br<\/span><\/a><\/li>\n<\/ol>\n<\/div>\n","protected":false},"excerpt":{"rendered":"<p>Toda a comunica\u00e7\u00e3o ser\u00e1 realizada pelos seguintes contatos: Coordena\u00e7\u00e3o do VI Concefor: concefor@ifes.edu.br Submiss\u00e3o de Trabalhos: submissoes.concefor@ifes.edu.br<\/p>\n","protected":false},"author":1,"featured_media":0,"parent":0,"menu_order":0,"comment_status":"closed","ping_status":"open","template":"","meta":[],"_links":{"self":[{"href":"https:\/\/concefor.cefor.ifes.edu.br\/2021\/wp-json\/wp\/v2\/pages\/30"}],"collection":[{"href":"https:\/\/concefor.cefor.ifes.edu.br\/2021\/wp-json\/wp\/v2\/pages"}],"about":[{"href":"https:\/\/concefor.cefor.ifes.edu.br\/2021\/wp-json\/wp\/v2\/types\/page"}],"author":[{"embeddable":true,"href":"https:\/\/concefor.cefor.ifes.edu.br\/2021\/wp-json\/wp\/v2\/users\/1"}],"replies":[{"embeddable":true,"href":"https:\/\/concefor.cefor.ifes.edu.br\/2021\/wp-json\/wp\/v2\/comments?post=30"}],"version-history":[{"count":0,"href":"https:\/\/concefor.cefor.ifes.edu.br\/2021\/wp-json\/wp\/v2\/pages\/30\/revisions"}],"wp:attachment":[{"href":"https:\/\/concefor.cefor.ifes.edu.br\/2021\/wp-json\/wp\/v2\/media?parent=30"}],"curies":[{"name":"wp","href":"https:\/\/api.w.org\/{rel}","templated":true}]}}