{"id":28,"date":"2016-04-12T13:37:08","date_gmt":"2016-04-12T13:37:08","guid":{"rendered":"http:\/\/concefor.cefor.ifes.edu.br\/?page_id=28"},"modified":"2016-04-12T13:37:08","modified_gmt":"2016-04-12T13:37:08","slug":"localizacao","status":"publish","type":"page","link":"https:\/\/concefor.cefor.ifes.edu.br\/2021\/localizacao\/","title":{"rendered":"O Esp\u00edrito Santo"},"content":{"rendered":"<p>O Esp\u00edrito Santo re\u00fane desde atividades de lazer, neg\u00f3cios e gastronomia, a eventos culturais e hist\u00f3ricos, aliados a belezas naturais que enriquecem o estado. A combina\u00e7\u00e3o distinta do mar com as montanhas, juntamente ao contraste entre tradi\u00e7\u00e3o e modernidade, agita\u00e7\u00e3o e tranquilidade, esportes e eventos culturais entrela\u00e7am um roteiro imperd\u00edvel e cheio de descobertas.<\/p>\n<p>As peculiaridades de cada munic\u00edpio s\u00e3o reveladas atrav\u00e9s das belas praias, cachoeiras incr\u00edveis, culin\u00e1ria diversificada e, principalmente, dos diferentes tipos de clima. Em 40 minutos \u00e9 poss\u00edvel sair do clima quente das praias para o frio e o aconchego das montanhas, al\u00e9m da possibilidade de saborear pratos variados, que v\u00e3o desde a tradicional e aut\u00eantica moqueca capixaba aos pratos alem\u00e3es e italianos, acompanhados por um bom vinho.<\/p>\n<p>As op\u00e7\u00f5es de lazer e entretenimento s\u00e3o das mais variadas, tais como: esportes radicais \u2013 <em>raffting<\/em>, rapel e voo livre; ecoturismo; agroturismo; turismo n\u00e1utico; festas religiosas, culturais e musicais; al\u00e9m do riqu\u00edssimo patrim\u00f4nio hist\u00f3rico-cultural. Todas essas riquezas culturais e naturais fazem parte do patrim\u00f4nio hist\u00f3rico e da identidade capixaba.<\/p>\n<p>Fonte: <a href=\"http:\/\/descubraoespiritosanto.es.gov.br\" target=\"_blank\" rel=\"noopener\">Descubra o Esp\u00edrito Santo<\/a><\/p>\n<h4>Sobre Vit\u00f3ria<\/h4>\n<p>Vit\u00f3ria \u00e9 a capital do Esp\u00edrito Santo e est\u00e1 localizada sobre uma ilha. No Brasil, al\u00e9m da ilha de Vit\u00f3ria, h\u00e1 mais duas capitais de Estados estabelecidas sobre ilhas \u2013 as ilhas-capitais de Florian\u00f3polis e de S\u00e3o Lu\u00eds. Al\u00e9m disso, Vit\u00f3ria \u00e9 a principal cidade da Regi\u00e3o Metropolitana do Esp\u00edrito Santo, que inclui os munic\u00edpios de Cariacica, Fund\u00e3o, Guarapari, Serra, Vila Velha e Viana.<\/p>\n<p>Contando com uma popula\u00e7\u00e3o em torno de 352 mil habitantes, a capital do esp\u00edrito Santo \u00e9 respons\u00e1vel por aproximadamente 29% do PIB estadual, o maior entre as capitais brasileiras. Ademais, registra o 4\u00ba melhor \u00cdndice de Desenvolvimento Humano Municipal (IDHM) no Brasil, tendo obtido recentemente reconhecimentos entre os quais o de 2\u00aa melhor cidade para se viver no litoral brasileiro, 1\u00aa cidade em condi\u00e7\u00f5es para abrir um neg\u00f3cio no Brasil, 3\u00aa melhor cidade para criar e educar os filhos no Brasil, 1\u00aa capital mais transparente do Brasil, 1\u00aa cidade em infraestrutura da Regi\u00e3o Sudeste e 7\u00aa cidade do futuro para investidores no continente americano.<\/p>\n<p>Para mais informa\u00e7\u00f5es sobre turismo no Espirito Santo, acesse o site <a href=\"http:\/\/descubraoespiritosanto.es.gov.br\/pt\/\" target=\"_blank\" rel=\"noopener\">Descubra Vit\u00f3ria<\/a><\/p>\n<p>Fonte: <a href=\"http:\/\/descubraoespiritosanto.es.gov.br\/pt\/cidade\/vitoria.html\" target=\"_blank\" rel=\"noopener\">Descubra Vit\u00f3ria<\/a><\/p>\n<h2>Principais pontos tur\u00edsticos do Esp\u00edrito Santo<\/h2>\n<hr \/>\n<h4><strong>Regi\u00e3o Metropolitana<\/strong><\/h4>\n<p><em>Munic\u00edpios:<\/em> <em>Vit\u00f3ria, Vila Velha, Guarapari, Cariacica, Serra e Viana<\/em><\/p>\n<h5>Pal\u00e1cio Anchieta<\/h5>\n<p class=\"western\"><img loading=\"lazy\" class=\"alignleft wp-image-256\" src=\"http:\/\/concefor.cefor.ifes.edu.br\/wp-content\/uploads\/2016\/04\/Pala\u0301cio-Anchieta-eurritimia-1.jpg\" alt=\"Audiodescri\u00e7\u00e3o: foto em dia ensolarado do Pal\u00e1cio Anchieta, visto de frente a partir da escadaria. A constru\u00e7\u00e3o \u00e9 amarela com detalhes brancos. Fim da audiodescri\u00e7\u00e3o.\" width=\"236\" height=\"177\" \/>Atual sede do Governo do Estado, o Pal\u00e1cio Anchieta est\u00e1 localizado no Centro Hist\u00f3rico de Vit\u00f3ria. O local, al\u00e9m de ser um not\u00e1vel marco arquitet\u00f4nico no Esp\u00edrito Santo, abriga o setor principal do Poder Executivo e, tamb\u00e9m, \u00e9 utilizado como um importante espa\u00e7o para exposi\u00e7\u00f5es culturais e realiza\u00e7\u00e3o de diversas atividades. Em seu interior podem ser encontrados, nos diversos sal\u00f5es do local, objetos, mobili\u00e1rios, fotos, documentos e obras de arte, que integram seu acervo permanente.<br \/>\nTendo sido erguido sobre a estrutura do Col\u00e9gio e Resid\u00eancia Jesu\u00edtica de S\u00e3o Tiago, nome dado \u00e0 \u00e9poca devido ao santo adotado pelos padres jesu\u00edtas da Companhia de Jesus em sua miss\u00e3o, em meados do s\u00e9culo XVI, o pr\u00e9dio foi inaugurado em 25 de julho de 1551 e passou por diversas transforma\u00e7\u00f5es ao longo do tempo. Em 1798, recuperado de um inc\u00eandio ocorrido dois anos antes, o pr\u00e9dio atualmente \u00e9 denominado Pal\u00e1cio do Governo. Outro fato not\u00f3rio foi a realiza\u00e7\u00e3o da reforma feita para receber, em 1860, Dom Pedro II e Dona Teresa Cristina, numa visita de 15 dias que ali fizeram.<br \/>\nO edif\u00edcio foi Tombado pelo Conselho Estadual de Cultura, em 1983, e em 2004 a primeira obra de restaura\u00e7\u00e3o foi iniciada. Dois anos depois, com a primeira etapa finalizada, o Pal\u00e1cio Anchieta passou a abrigar apenas os setores ligados ao Gabinete do Governador. A restaura\u00e7\u00e3o completa do Pal\u00e1cio Anchieta foi conclu\u00edda em 2009, quando o Governo do Estado entregou \u00e0 popula\u00e7\u00e3o mais do que um patrim\u00f4nio, mas uma parte importante de sua hist\u00f3ria e de sua identidade. Uma das mais antigas sedes de Governo do Pa\u00eds, o Pal\u00e1cio est\u00e1 aberto \u00e0 visita\u00e7\u00e3o p\u00fablica.<\/p>\n<p>Endere\u00e7o: Pra\u00e7a Jo\u00e3o Cl\u00edmaco, s\/n, Cidade Alta, Centro, Vit\u00f3ria \u2013 ES.<br \/>\nTelefone: (27) 3636-1032<br \/>\nFonte: <a href=\"https:\/\/www.es.gov.br\/governo\/palacio-anchieta\" target=\"_blank\" rel=\"noopener\">Governo do Esp\u00edrito Santo<\/a><\/p>\n<h5>Convento da Penha<\/h5>\n<p><img loading=\"lazy\" class=\"alignleft wp-image-1052 size-medium\" src=\"http:\/\/concefor.cefor.ifes.edu.br\/wp-content\/uploads\/2016\/04\/convento_3-300x221.png\" alt=\"Audiodescri\u00e7\u00e3o: foto em dia ensolarado do Convento da Penha, visto de frente e a dist\u00e2ncia, por tr\u00e1s de dois p\u00e9s de coco. Essas \u00e1rvores s\u00e3o entrela\u00e7adas por um ter\u00e7o. A constru\u00e7\u00e3o \u00e9 branca e est\u00e1 edificada sobre rochedos, e rodeada por mata verde. Fim da audiodescri\u00e7\u00e3o.\" width=\"300\" height=\"221\" \/>Num penhasco \u2013 de 154 metros de altitude e localiza\u00e7\u00e3o privilegiada a 500 metros do mar \u2013 que ostenta no seu entorno imponente fragmento da mata atl\u00e2ntica, est\u00e1 edificado o Santu\u00e1rio de Nossa Senhora da Penha, fundado por Frei Pedro Pal\u00e1cios, que aqui chegou em 1558 trazendo consigo o Painel de Nossa Senhora das Alegrias.<\/p>\n<p>O monumento arquitet\u00f4nico, peculiar na singeleza e sobriedade, apresenta em sua trajet\u00f3ria hist\u00f3rica muitas reconstru\u00e7\u00f5es, como a excepcional concep\u00e7\u00e3o arquitet\u00f4nica do Convento, incrustrado na rocha do morro e abrindo as janelas de suas celas para o magn\u00edfico panorama da barra de Vit\u00f3ria e do oceano Atl\u00e2ntico, enquanto de sua fachada se tem bela vista panor\u00e2mica de Vila Velha.<\/p>\n<p>Fonte: <a href=\"http:\/\/conventodapenha.org.br\/conhecendo-o-convento\/\" target=\"_blank\" rel=\"noopener\">Convento da Penha<\/a><\/p>\n<hr \/>\n<h4><strong>Regi\u00e3o das Montanhas<\/strong><\/h4>\n<p><em>Munic\u00edpios: Domingos Martins, Afonso Cl\u00e1udio, Venda Nova do Imigrante, Castelo, Concei\u00e7\u00e3o do Castelo, Marechal Floriano, Vargem Alta e Brejetuba.<\/em><\/p>\n<p><img loading=\"lazy\" class=\"alignleft wp-image-825\" src=\"http:\/\/concefor.cefor.ifes.edu.br\/wp-content\/uploads\/2016\/04\/pavilhao-igreja-luterana-300x201.jpg\" alt=\"Audiodescri\u00e7\u00e3o: foto em dia ensolarado da pra\u00e7a central de Domingos Martins. Em primeiro plano, o jardim da pra\u00e7a, onde h\u00e1 uma fonte e plantas aparadas simetricamente. Ao fundo, o Pavilh\u00e3o da Igreja Luterana, em tons de marrom. Fim da audiodescri\u00e7\u00e3o.\" width=\"236\" height=\"158\" \/>O munic\u00edpio de Domingos Martins est\u00e1 localizado no Sudeste do Estado do Esp\u00edrito Santo e comp\u00f5e a microrregi\u00e3o Sudoeste Serrana. Encontra-se situado em meio ao verde das Montanhas Capixabas, o que o levou a ser conhecido como Cidade do Verde por manter preservada parte da sua flora e pela exuber\u00e2ncia da Mata Atl\u00e2ntica que mant\u00e9m em sua regi\u00e3o.<\/p>\n<p>A hospitalidade e o conforto de seus hot\u00e9is e pousadas com lazer, centros de conven\u00e7\u00f5es e acomoda\u00e7\u00f5es confort\u00e1veis, incluindo a deliciosa gastronomia de alto padr\u00e3o com especialidades na cozinha portuguesa, italiana, alem\u00e3, francesa e org\u00e2nica, al\u00e9m de quitutes regionais, s\u00e3o caracter\u00edsticas dessa regi\u00e3o de beleza indescrit\u00edvel. Os aspectos tradicionais da coloniza\u00e7\u00e3o italiana e os atrativos naturais contribuem para que a Pedra Azul seja a localidade com maior atratividade tur\u00edstica da regi\u00e3o. Al\u00e9m disso, a regi\u00e3o ainda possui um dos tr\u00eas melhores climas do mundo, a segunda maior cobertura de Mata Atl\u00e2ntica do pa\u00eds e a segunda pra\u00e7a tur\u00edstica do Estado. O turismo do munic\u00edpio est\u00e1 baseado no agroturismo, ecoturismo e turismo de aventura.<\/p>\n<p align=\"left\">Foto: Pavilh\u00e3o da Igreja Luterana<\/p>\n<p>With this kind of additional freebie, it is really hard to ignore the question&#8221;How does one receive a free gift&#8221; With the aim of answering that question, it&#8217;s important to understand a bit about what an article <a href=\"https:\/\/essayswriting.org\/\">write my essays online<\/a> is and what sort of essay is necessary for sale.<\/p>\n<p align=\"left\"><span style=\"font-family: Arial, sans-serif\">Fonte: <a href=\"http:\/\/www.domingosmartinsfacil.com.br\" target=\"_blank\" rel=\"noopener\">Domingos Martins F\u00e1cil<\/a><\/span><\/p>\n<hr \/>\n<h4><strong>Regi\u00e3o dos Imigrantes<\/strong><\/h4>\n<p><em>Munic\u00edpios: Santa Teresa, Santa Leopoldina, Santa Maria de Jetib\u00e1, Ibira\u00e7u, Itagua\u00e7u, Itarana, Jo\u00e3o Neiva e S\u00e3o Roque do Cana\u00e3.<\/em><\/p>\n<p><img loading=\"lazy\" class=\"alignleft wp-image-818\" src=\"http:\/\/concefor.cefor.ifes.edu.br\/wp-content\/uploads\/2016\/04\/Cachoeira-das-Andorinhas-5-300x200.jpg\" alt=\"Audiodescri\u00e7\u00e3o: foto em dia ensolarado da Cachoeira das Andorinhas em Santa Leopoldina. A \u00e1gua escoa de um rochedo rodeado por mata verde. Fim da audiodescri\u00e7\u00e3o.\" width=\"236\" height=\"157\" \/>Montanhas, rios, cachoeiras, hist\u00f3ria e cultura s\u00e3o alguns dos atrativos tur\u00edsticos das oito cidades da Regi\u00e3o dos Imigrantes, colonizadas por europeus e local onde seus descendentes agora vivem e preservam suas tradi\u00e7\u00f5es. O cultivo de uvas, ma\u00e7\u00e3s e morangos, com a agricultura familiar, por meio de s\u00edtios abertos \u00e0 visita\u00e7\u00e3o, inclusive com possibilidade de colheita pelos pr\u00f3prios visitantes, \u00e9 o grande destaque. Acrescenta-se a isso o agroturismo, o ecoturismo, os esportes de aventura (tracking, rafting e montanhismo), a gastronomia e as festas t\u00edpicas de origem europeia, que celebram as tradi\u00e7\u00f5es dos imigrantes que ali vivem e completam os atrativos tur\u00edsticos desse para\u00edso no Esp\u00edrito Santo.<\/p>\n<p>Foto: Cachoeira das Andorinhas em Santa Leopoldina<\/p>\n<p align=\"left\"><span style=\"font-family: Arial, sans-serif\">Fonte: <a href=\"http:\/\/rotadosimigrantes.com.br\/regiao-dos-imigrantes\/)\" target=\"_blank\" rel=\"noopener\">Rota dos Imigrantes<\/a><\/span><\/p>\n<hr \/>\n<h4><strong>Regi\u00e3o do Capara\u00f3<\/strong><\/h4>\n<p><em>Munic\u00edpio: Alegre, Divino de S\u00e3o Louren\u00e7o, Dores do Rio Preto, Gua\u00e7u\u00ed, Ibatiba, Ibitirama, I\u00fana, Irupi, Jer\u00f4nimo Monteiro, Muniz Freire e S\u00e3o Jos\u00e9 do Cal\u00e7ado.<\/em><\/p>\n<p><img loading=\"lazy\" class=\"alignleft wp-image-820\" src=\"http:\/\/concefor.cefor.ifes.edu.br\/wp-content\/uploads\/2016\/04\/720x540_evento-14764-banner-300x225.jpeg\" alt=\"Audiodescri\u00e7\u00e3o: foto em dia ensolarado do Pico da Bandeira, um rochedo que parece alcan\u00e7ar o c\u00e9u, devido \u00e0s nuvens pr\u00f3ximas a ele. Fim da audiodescri\u00e7\u00e3o.\" width=\"236\" height=\"177\" \/>Ideal para a pr\u00e1tica do turismo de aventura, do ecoturismo e do agroturismo, a Regi\u00e3o do Capara\u00f3 \u00e9 formada por onze munic\u00edpios que ficam no entorno do Parque Nacional do Capara\u00f3. A regi\u00e3o abarca parte da Serra do Mar e da Mantiqueira, o Pico da Bandeira (terceiro mais alto do Brasil) e o Parque Estadual da Cachoeira da Fuma\u00e7a. O Parque Nacional e seu entorno encantam por suas belezas naturais, bucolismo, gastronomia, cultura e hist\u00f3ria.<\/p>\n<p>Foto: Pico da Bandeira<\/p>\n<p align=\"left\"><span style=\"font-family: Arial, sans-serif\">Fonte: <a href=\"http:\/\/regiaocaparaocapixaba.tur.br\" target=\"_blank\" rel=\"noopener\">Regi\u00e3o Capara\u00f3 Capixaba<\/a><\/span><\/p>\n<hr \/>\n<h4><a href=\"http:\/\/descubraoespiritosanto.es.gov.br\/pt\/o-espirito-santo#regioes-turisticas\" target=\"_blank\" rel=\"noopener\">Conhe\u00e7a as outras regi\u00f5es tur\u00edsticas do Esp\u00edrito Santo<\/a><\/h4>\n<p>&nbsp;<\/p>\n","protected":false},"excerpt":{"rendered":"<p>O Esp\u00edrito Santo re\u00fane desde atividades de lazer, neg\u00f3cios e gastronomia, a eventos culturais e hist\u00f3ricos, aliados a belezas naturais que enriquecem o estado. A combina\u00e7\u00e3o distinta do mar com as montanhas, juntamente ao contraste entre tradi\u00e7\u00e3o e modernidade, agita\u00e7\u00e3o <a class=\"more-link\" href=\"https:\/\/concefor.cefor.ifes.edu.br\/2021\/localizacao\/\">Leia mais&#8230; &raquo;<\/a><\/p>\n","protected":false},"author":1,"featured_media":0,"parent":0,"menu_order":0,"comment_status":"closed","ping_status":"closed","template":"","meta":[],"_links":{"self":[{"href":"https:\/\/concefor.cefor.ifes.edu.br\/2021\/wp-json\/wp\/v2\/pages\/28"}],"collection":[{"href":"https:\/\/concefor.cefor.ifes.edu.br\/2021\/wp-json\/wp\/v2\/pages"}],"about":[{"href":"https:\/\/concefor.cefor.ifes.edu.br\/2021\/wp-json\/wp\/v2\/types\/page"}],"author":[{"embeddable":true,"href":"https:\/\/concefor.cefor.ifes.edu.br\/2021\/wp-json\/wp\/v2\/users\/1"}],"replies":[{"embeddable":true,"href":"https:\/\/concefor.cefor.ifes.edu.br\/2021\/wp-json\/wp\/v2\/comments?post=28"}],"version-history":[{"count":0,"href":"https:\/\/concefor.cefor.ifes.edu.br\/2021\/wp-json\/wp\/v2\/pages\/28\/revisions"}],"wp:attachment":[{"href":"https:\/\/concefor.cefor.ifes.edu.br\/2021\/wp-json\/wp\/v2\/media?parent=28"}],"curies":[{"name":"wp","href":"https:\/\/api.w.org\/{rel}","templated":true}]}}