{"id":24,"date":"2016-04-12T13:36:33","date_gmt":"2016-04-12T13:36:33","guid":{"rendered":"http:\/\/concefor.cefor.ifes.edu.br\/?page_id=24"},"modified":"2016-04-12T13:36:33","modified_gmt":"2016-04-12T13:36:33","slug":"orientacoes-para-submissao","status":"publish","type":"page","link":"https:\/\/concefor.cefor.ifes.edu.br\/2021\/orientacoes-para-submissao\/","title":{"rendered":"Orienta\u00e7\u00f5es para Submiss\u00e3o"},"content":{"rendered":"<p><span style=\"font-weight: 400\">Os trabalhos submetidos ao VI Congresso Regional de Forma\u00e7\u00e3o e Educa\u00e7\u00e3o a Dist\u00e2ncia passam por um processo de julgamento do tipo <\/span><i><span style=\"font-weight: 400\">blind<\/span><\/i> <i><span style=\"font-weight: 400\">peer review<\/span><\/i><span style=\"font-weight: 400\"> (revis\u00e3o cega por pares). Dessa forma, na primeira submiss\u00e3o do trabalho para avalia\u00e7\u00e3o, <\/span><b>a identidade, a afilia\u00e7\u00e3o institucional do autor e qualquer informa\u00e7\u00e3o que o identifique dever\u00e3o ser omitidas<\/b><span style=\"font-weight: 400\">, caso contr\u00e1rio, a submiss\u00e3o do trabalho ser\u00e1 automaticamente cancelada.<\/span><\/p>\n<p><span style=\"font-weight: 400\">A avalia\u00e7\u00e3o ser\u00e1 realizada pelos membros do Comit\u00ea Cient\u00edfico do VI Concefor, composto por pesquisadores de reconhecida atua\u00e7\u00e3o nas \u00e1reas relacionadas aos eixos tem\u00e1ticos.<\/span><\/p>\n<p><span style=\"font-weight: 400\">Cada trabalho submetido ser\u00e1 avaliado por pelo menos dois avaliadores, membros do Comit\u00ea Cient\u00edfico do VI Concefor, e a aceita\u00e7\u00e3o ou n\u00e3o do trabalho ser\u00e1 decidida pelos coordenadores do comit\u00ea cient\u00edfico do VI Concefor, conforme os pareceres dos avaliadores.<\/span><\/p>\n<p><span style=\"font-weight: 400\">As submiss\u00f5es de artigos para as comunica\u00e7\u00f5es cient\u00edficas dever\u00e3o ser realizadas com base nos eixos tem\u00e1ticos a seguir.<\/span><\/p>\n<h3><b>Eixo 1 \u2013 Pol\u00edticas educacionais, Curr\u00edculo e Forma\u00e7\u00e3o de Educadores<\/b><\/h3>\n<p><span style=\"font-weight: 400\">Engloba a\u00e7\u00f5es, estudos e pesquisas que abordem pol\u00edticas p\u00fablicas, curr\u00edculo e\/ou forma\u00e7\u00e3o inicial e continuada de educadores, nos contextos da educa\u00e7\u00e3o b\u00e1sica, profissional e tecnol\u00f3gica e superior, nas modalidades de ensino presencial, a dist\u00e2ncia e h\u00edbrido, em espa\u00e7os formais e n\u00e3o formais. Incluem-se, ainda, estudos sobre projetos de extens\u00e3o, Pibid, Proeja, Parfor, ensaios, revis\u00f5es sistem\u00e1ticas e outros.<\/span><\/p>\n<h3><b>Eixo 2 \u2013 Metodologias e Pr\u00e1ticas Pedag\u00f3gicas Inovadoras<\/b><\/h3>\n<p><span style=\"font-weight: 400\">Engloba trabalhos de investiga\u00e7\u00e3o que abordem metodologias e pr\u00e1ticas pedag\u00f3gicas inovadoras nos contextos da educa\u00e7\u00e3o b\u00e1sica, profissional, tecnol\u00f3gica e superior, nas modalidades de ensino presencial, a dist\u00e2ncia e h\u00edbrido, nas diversas \u00e1reas do conhecimento. Incluem-se, ainda, estudos realizados no contexto da pandemia.<\/span><\/p>\n<h3><b>Eixo 3 \u2013 Educa\u00e7\u00e3o n\u00e3o formal, Sustentabilidade, Diversidades e Inclus\u00e3o Social<\/b><\/h3>\n<p><span style=\"font-weight: 400\">Engloba trabalhos de investiga\u00e7\u00e3o que abordem experi\u00eancias em educa\u00e7\u00e3o n\u00e3o formal, sustentabilidade, diversidades e inclus\u00e3o social nos contextos da educa\u00e7\u00e3o b\u00e1sica, profissional e tecnol\u00f3gica e superior, nas modalidades de ensino presencial, a dist\u00e2ncia e h\u00edbrido. Incluem-se estudos relacionados \u00e0s tem\u00e1ticas ind\u00edgena, afrodescendente, educa\u00e7\u00e3o inclusiva, de g\u00eanero e outras.\u00a0<\/span><\/p>\n<h3><b>Eixo 4 \u2013 Tecnologias Digitais na Educa\u00e7\u00e3o<\/b><\/h3>\n<p><span style=\"font-weight: 400\">Engloba estudos e pesquisas que abordem o uso ou desenvolvimento de tecnologias digitais nos contextos da educa\u00e7\u00e3o b\u00e1sica, profissional e tecnol\u00f3gica e superior, nas modalidades de ensino presencial, a dist\u00e2ncia e h\u00edbrido. Incluem-se estudos sobre design educacional, softwares educacionais, objetos de aprendizagem, <\/span><i><span style=\"font-weight: 400\">Moocs<\/span><\/i><span style=\"font-weight: 400\">, ambientes virtuais, jogos digitais, m\u00eddias e outras tecnologias educacionais. Incluem-se, ainda, estudos realizados no contexto da pandemia.<\/span><\/p>\n<h1><b>CRONOGRAMA<\/b><\/h1>\n<ul>\n<li style=\"font-weight: 400\">\n<div>Veja o cronograma completo na <a href=\"https:\/\/concefor.cefor.ifes.edu.br\/cronograma\/\">p\u00e1gina de Cronograma<\/a>.<\/div>\n<\/li>\n<\/ul>\n<p><b>*Observa\u00e7\u00e3o:<\/b><span style=\"font-weight: 400\"> os autores dos trabalhos aprovados dever\u00e3o fazer nova submiss\u00e3o at\u00e9 o dia <\/span><b>13\/10\/2021<\/b><span style=\"font-weight: 400\"> com os ajustes solicitados pelos avaliadores e que constam no email que receberam com a notifica\u00e7\u00e3o de aceite.<\/span><\/p>\n<h2><b>COMO SUBMETER UM\u00a0 TRABALHO AO VI CONCEFOR<\/b><\/h2>\n<p><span style=\"font-weight: 400\">Os trabalhos submetidos ao VI Concefor podem ser nas modalidades de\u00a0 Artigo\u00a0 e Produ\u00e7\u00e3o T\u00e9cnica.\u00a0<\/span><\/p>\n<p><span style=\"font-weight: 400\">As produ\u00e7\u00f5es t\u00e9cnicas que poder\u00e3o ser\u00a0 aceitas para apresenta\u00e7\u00e3o no VI Concefor s\u00e3o as seguintes: produtos educacionais de Mestrados Profissionais, jogos educacionais, aplicativos e Moocs.<\/span><\/p>\n<p><span style=\"font-weight: 400\">O artigo submetido ao VI Concefor deve conter de 5 a 10 p\u00e1ginas, com omiss\u00e3o de qualquer informa\u00e7\u00e3o que possa identificar os autores (nomes, institui\u00e7\u00e3o, etc.) e deve estar em formato LibreOffice Writer ou Microsoft Word, conforme o modelo a seguir.<\/span><\/p>\n<pre><a href=\"https:\/\/concefor.cefor.ifes.edu.br\/wp-content\/uploads\/2021\/08\/modeloartigoVIConcefor.docx\" target=\"_blank\" rel=\"noopener\"><span style=\"font-weight: 400\">Modelo do Artigo do VI Concefor <\/span><\/a><\/pre>\n<p><span style=\"font-weight: 400\">A submiss\u00e3o da produ\u00e7\u00e3o t\u00e9cnica deve estar na forma de resumo com no m\u00e1ximo 500 palavras e com indica\u00e7\u00e3o do link do v\u00eddeo (que dever\u00e1 ter tempo m\u00e1ximo de 4 minutos) com a apresenta\u00e7\u00e3o da produ\u00e7\u00e3o t\u00e9cnica, conforme o modelo a seguir.<\/span><\/p>\n<pre><a href=\"https:\/\/concefor.cefor.ifes.edu.br\/wp-content\/uploads\/2021\/08\/modeloresumoPT_VIConcefor.docx\" target=\"_blank\" rel=\"noopener\"><span style=\"font-weight: 400\">Modelo de Resumo da Produ\u00e7\u00e3o T\u00e9cnica do VI Concefor <\/span><\/a><\/pre>\n<p><span style=\"font-weight: 400\">Para que um artigo ou uma produ\u00e7\u00e3o t\u00e9cnica sejam inclu\u00eddos nos Anais do VI Concefor, \u00e9 necess\u00e1ria a inscri\u00e7\u00e3o de pelo menos um dos autores e o envio da vers\u00e3o final do artigo ou produ\u00e7\u00e3o t\u00e9cnica no formato indicado pelo VI Concefor. Para que todos os autores do artigo ou produ\u00e7\u00e3o t\u00e9cnica apare\u00e7am nos anais, todos os nomes devem aparecer no cadastro do artigo.\u00a0<\/span><\/p>\n<p><span style=\"font-weight: 400\">Para submeter o seu trabalho, acesse o sistema de submiss\u00f5es de trabalhos do VI Concefor.<\/span><\/p>\n<p><span style=\"font-weight: 400\"># Submeter trabalhos (Submiss\u00f5es em breve)<\/span><\/p>\n<p><strong>&gt;&gt; ATEN\u00c7\u00c3O: <a href=\"https:\/\/docs.google.com\/presentation\/d\/1chRuazvjlxv05VonzfHl1Fa3azyte5lQ-jpBP4Sm8VA\/copy\" target=\"_blank\" rel=\"noopener\">Baixe aqui\u00a0o template para sua apresenta\u00e7\u00e3o<\/a>.<\/strong><\/p>\n<h2><\/h2>\n<h2><b>D\u00favidas<\/b><\/h2>\n<p><span style=\"font-weight: 400\">Em caso de d\u00favidas, entre em contato com a organiza\u00e7\u00e3o do evento pelo e-mail <\/span><a href=\"mailto:submissoes.concefor@ifes.edu.br\" target=\"_blank\" rel=\"noopener\"><span style=\"font-weight: 400\">submissoes.concefor@ifes.edu.br<\/span><\/a><span style=\"font-weight: 400\">.<\/span><\/p>\n","protected":false},"excerpt":{"rendered":"<p>Os trabalhos submetidos ao VI Congresso Regional de Forma\u00e7\u00e3o e Educa\u00e7\u00e3o a Dist\u00e2ncia passam por um processo de julgamento do tipo blind peer review (revis\u00e3o cega por pares). Dessa forma, na primeira submiss\u00e3o do trabalho para avalia\u00e7\u00e3o, a identidade, a <a class=\"more-link\" href=\"https:\/\/concefor.cefor.ifes.edu.br\/2021\/orientacoes-para-submissao\/\">Leia mais&#8230; &raquo;<\/a><\/p>\n","protected":false},"author":1,"featured_media":0,"parent":0,"menu_order":0,"comment_status":"closed","ping_status":"open","template":"","meta":[],"_links":{"self":[{"href":"https:\/\/concefor.cefor.ifes.edu.br\/2021\/wp-json\/wp\/v2\/pages\/24"}],"collection":[{"href":"https:\/\/concefor.cefor.ifes.edu.br\/2021\/wp-json\/wp\/v2\/pages"}],"about":[{"href":"https:\/\/concefor.cefor.ifes.edu.br\/2021\/wp-json\/wp\/v2\/types\/page"}],"author":[{"embeddable":true,"href":"https:\/\/concefor.cefor.ifes.edu.br\/2021\/wp-json\/wp\/v2\/users\/1"}],"replies":[{"embeddable":true,"href":"https:\/\/concefor.cefor.ifes.edu.br\/2021\/wp-json\/wp\/v2\/comments?post=24"}],"version-history":[{"count":0,"href":"https:\/\/concefor.cefor.ifes.edu.br\/2021\/wp-json\/wp\/v2\/pages\/24\/revisions"}],"wp:attachment":[{"href":"https:\/\/concefor.cefor.ifes.edu.br\/2021\/wp-json\/wp\/v2\/media?parent=24"}],"curies":[{"name":"wp","href":"https:\/\/api.w.org\/{rel}","templated":true}]}}