{"id":22,"date":"2016-04-12T13:36:15","date_gmt":"2016-04-12T13:36:15","guid":{"rendered":"http:\/\/concefor.cefor.ifes.edu.br\/?page_id=22"},"modified":"2016-04-12T13:36:15","modified_gmt":"2016-04-12T13:36:15","slug":"inscricoes","status":"publish","type":"page","link":"https:\/\/concefor.cefor.ifes.edu.br\/2021\/inscricoes\/","title":{"rendered":"Inscri\u00e7\u00f5es"},"content":{"rendered":"<p><span style=\"font-weight: 400\"><strong>As inscri\u00e7\u00f5es para o VII Concefor s\u00e3o gratuitas<\/strong>.<\/span><\/p>\n<p><b>Per\u00edodo:<\/b><span style=\"font-weight: 400\"> 2 de mar\u00e7o a 15 de julho de 2024.<\/span><\/p>\n","protected":false},"excerpt":{"rendered":"<p>As inscri\u00e7\u00f5es para o VII Concefor s\u00e3o gratuitas. Per\u00edodo: 2 de mar\u00e7o a 15 de julho de 2024.<\/p>\n","protected":false},"author":1,"featured_media":0,"parent":0,"menu_order":0,"comment_status":"closed","ping_status":"closed","template":"","meta":[],"_links":{"self":[{"href":"https:\/\/concefor.cefor.ifes.edu.br\/2021\/wp-json\/wp\/v2\/pages\/22"}],"collection":[{"href":"https:\/\/concefor.cefor.ifes.edu.br\/2021\/wp-json\/wp\/v2\/pages"}],"about":[{"href":"https:\/\/concefor.cefor.ifes.edu.br\/2021\/wp-json\/wp\/v2\/types\/page"}],"author":[{"embeddable":true,"href":"https:\/\/concefor.cefor.ifes.edu.br\/2021\/wp-json\/wp\/v2\/users\/1"}],"replies":[{"embeddable":true,"href":"https:\/\/concefor.cefor.ifes.edu.br\/2021\/wp-json\/wp\/v2\/comments?post=22"}],"version-history":[{"count":0,"href":"https:\/\/concefor.cefor.ifes.edu.br\/2021\/wp-json\/wp\/v2\/pages\/22\/revisions"}],"wp:attachment":[{"href":"https:\/\/concefor.cefor.ifes.edu.br\/2021\/wp-json\/wp\/v2\/media?parent=22"}],"curies":[{"name":"wp","href":"https:\/\/api.w.org\/{rel}","templated":true}]}}