{"id":13927,"date":"2024-02-15T17:17:58","date_gmt":"2024-02-15T20:17:58","guid":{"rendered":"https:\/\/concefor.cefor.ifes.edu.br\/?page_id=13927"},"modified":"2024-02-15T17:17:58","modified_gmt":"2024-02-15T20:17:58","slug":"programacao-2","status":"publish","type":"page","link":"https:\/\/concefor.cefor.ifes.edu.br\/2021\/programacao-2\/","title":{"rendered":"Programa\u00e7\u00e3o"},"content":{"rendered":"\n<p><\/p>\n\n\n\n<p><\/p>\n\n\n\n<h3><strong>14\/08\/2024 &#8211; Quarta-feira<\/strong><\/h3>\n\n\n\n<p>08:00 &#8211; 08:30 : Credenciamento<br>08:30 &#8211; 09:30 : Caf\u00e9 da Manh\u00e3<br>09:30 &#8211; 10:15 : Abertura<br>10:15 &#8211; 12:00 : Palestra<\/p>\n\n\n\n<p><em> <em>12:00 &#8211; 13:30 : Almo\u00e7o<\/em> <\/em><\/p>\n\n\n\n<p>13:30 &#8211; 15:00 : Sess\u00f5es T\u00e9cnicas<br>15:00 &#8211; 16:00 : Coffee-Break<br>16:00 &#8211; 18:00 : Mesa-Redonda<br>18:00 &#8211; Encerramento<\/p>\n\n\n\n<p><\/p>\n\n\n\n<h3><strong>15\/08\/2024 &#8211; Quinta-feira<\/strong><\/h3>\n\n\n\n<p>08:00 &#8211; 10:00 : Sess\u00f5es T\u00e9cnicas<br>10:00 &#8211; 10:30 : Caf\u00e9 com Prosa<br>10:30 &#8211; 12:00 : Palestra (a confirmar)<\/p>\n\n\n\n<p><em>12:00 &#8211; 13:30 : Almo\u00e7o<\/em><\/p>\n\n\n\n<p>13:30 &#8211; 15:00 : Sess\u00f5es T\u00e9cnicas<br>15:00 &#8211; 15:30 : Caf\u00e9 com Prosa<br>15:30 &#8211; 17:00 : Mesa-Redonda<br>17:00 &#8211; 18:00 : Mostra de Produtos e Produ\u00e7\u00f5es T\u00e9cnicas<\/p>\n\n\n\n<p><\/p>\n\n\n\n<h3><strong>16\/08\/2024 &#8211; Sexta-feira<\/strong><\/h3>\n\n\n\n<p>08:00 &#8211; 10:00 : Momento I &#8211; Oficinas\/Minicursos\/GTS \/ Reuni\u00f5es<br>10:00 &#8211; 10:30 : Coffee-Break e Momento Cultural<br>10:30 &#8211; 12:00 : Palestra &#8211; Dr Luis Otoni<\/p>\n\n\n\n<p><em>12:00 &#8211; 13:30 : Almo\u00e7o<\/em><\/p>\n\n\n\n<p>13:30 &#8211; 15:00 : Momento II &#8211; Oficinas\/Minicursos\/GTS \/Reuni\u00f5es<br>15:00 &#8211; 16:00 : Premia\u00e7\u00e3o dos melhores trabalhos<br>16:00 &#8211; Confraterniza\u00e7\u00e3o de Encerramento<\/p>\n","protected":false},"excerpt":{"rendered":"<p>14\/08\/2024 &#8211; Quarta-feira 08:00 &#8211; 08:30 : Credenciamento08:30 &#8211; 09:30 : Caf\u00e9 da Manh\u00e309:30 &#8211; 10:15 : Abertura10:15 &#8211; 12:00 : Palestra 12:00 &#8211; 13:30 : Almo\u00e7o 13:30 &#8211; 15:00 : Sess\u00f5es T\u00e9cnicas15:00 &#8211; 16:00 : Coffee-Break16:00 &#8211; 18:00 : <a class=\"more-link\" href=\"https:\/\/concefor.cefor.ifes.edu.br\/2021\/programacao-2\/\">Leia mais&#8230; &raquo;<\/a><\/p>\n","protected":false},"author":1,"featured_media":0,"parent":0,"menu_order":0,"comment_status":"closed","ping_status":"closed","template":"","meta":[],"_links":{"self":[{"href":"https:\/\/concefor.cefor.ifes.edu.br\/2021\/wp-json\/wp\/v2\/pages\/13927"}],"collection":[{"href":"https:\/\/concefor.cefor.ifes.edu.br\/2021\/wp-json\/wp\/v2\/pages"}],"about":[{"href":"https:\/\/concefor.cefor.ifes.edu.br\/2021\/wp-json\/wp\/v2\/types\/page"}],"author":[{"embeddable":true,"href":"https:\/\/concefor.cefor.ifes.edu.br\/2021\/wp-json\/wp\/v2\/users\/1"}],"replies":[{"embeddable":true,"href":"https:\/\/concefor.cefor.ifes.edu.br\/2021\/wp-json\/wp\/v2\/comments?post=13927"}],"version-history":[{"count":0,"href":"https:\/\/concefor.cefor.ifes.edu.br\/2021\/wp-json\/wp\/v2\/pages\/13927\/revisions"}],"wp:attachment":[{"href":"https:\/\/concefor.cefor.ifes.edu.br\/2021\/wp-json\/wp\/v2\/media?parent=13927"}],"curies":[{"name":"wp","href":"https:\/\/api.w.org\/{rel}","templated":true}]}}