{"id":13856,"date":"2021-10-28T16:08:36","date_gmt":"2021-10-28T19:08:36","guid":{"rendered":"https:\/\/concefor.cefor.ifes.edu.br\/?page_id=13856"},"modified":"2021-10-28T16:08:36","modified_gmt":"2021-10-28T19:08:36","slug":"apresentacao-de-trabalhos","status":"publish","type":"page","link":"https:\/\/concefor.cefor.ifes.edu.br\/2021\/apresentacao-de-trabalhos\/","title":{"rendered":"Apresenta\u00e7\u00e3o de Trabalhos"},"content":{"rendered":"\n<p><strong>Orienta\u00e7\u00f5es sobre as apresenta\u00e7\u00f5es de artigos e produ\u00e7\u00f5es t\u00e9cnicas no VI Concefor<\/strong><\/p>\n\n\n\n<ol><li>As apresenta\u00e7\u00f5es ser\u00e3o realizadas de forma s\u00edncrona, conforme <a rel=\"noreferrer noopener\" href=\"https:\/\/1drv.ms\/b\/s!AkFCmp65hycigxRz9OE4Xw3dR3nn\" target=\"_blank\">cronograma<\/a> disponibilizado.<\/li><li>\u00c9 obrigat\u00f3ria a utiliza\u00e7\u00e3o do <a href=\"https:\/\/docs.google.com\/presentation\/d\/1chRuazvjlxv05VonzfHl1Fa3azyte5lQ-jpBP4Sm8VA\/copy\" target=\"_blank\" rel=\"noreferrer noopener\">template de apresenta\u00e7\u00e3o do evento<\/a>.<\/li><li>Cada apresenta\u00e7\u00e3o de Artigo ter\u00e1 dura\u00e7\u00e3o de 15 minutos, sendo 10 minutos para exposi\u00e7\u00e3o e 5 minutos para perguntas.<\/li><li>Cada apresenta\u00e7\u00e3o de Produ\u00e7\u00e3o T\u00e9cnica ter\u00e1 a dura\u00e7\u00e3o de 7 minutos e dever\u00e1 apresentar o v\u00eddeo produzido.<\/li><\/ol>\n\n\n\n<p><strong><a href=\"https:\/\/1drv.ms\/b\/s!AkFCmp65hycigxRz9OE4Xw3dR3nn\" target=\"_blank\" rel=\"noreferrer noopener\">Lista de artigos e produ\u00e7\u00f5es t\u00e9cnicas aprovadas no VI Concefor<\/a><\/strong><\/p>\n","protected":false},"excerpt":{"rendered":"<p>Orienta\u00e7\u00f5es sobre as apresenta\u00e7\u00f5es de artigos e produ\u00e7\u00f5es t\u00e9cnicas no VI Concefor As apresenta\u00e7\u00f5es ser\u00e3o realizadas de forma s\u00edncrona, conforme cronograma disponibilizado. \u00c9 obrigat\u00f3ria a utiliza\u00e7\u00e3o do template de apresenta\u00e7\u00e3o do evento. Cada apresenta\u00e7\u00e3o de Artigo ter\u00e1 dura\u00e7\u00e3o de 15 <a class=\"more-link\" href=\"https:\/\/concefor.cefor.ifes.edu.br\/2021\/apresentacao-de-trabalhos\/\">Leia mais&#8230; &raquo;<\/a><\/p>\n","protected":false},"author":1,"featured_media":0,"parent":0,"menu_order":0,"comment_status":"closed","ping_status":"closed","template":"","meta":[],"_links":{"self":[{"href":"https:\/\/concefor.cefor.ifes.edu.br\/2021\/wp-json\/wp\/v2\/pages\/13856"}],"collection":[{"href":"https:\/\/concefor.cefor.ifes.edu.br\/2021\/wp-json\/wp\/v2\/pages"}],"about":[{"href":"https:\/\/concefor.cefor.ifes.edu.br\/2021\/wp-json\/wp\/v2\/types\/page"}],"author":[{"embeddable":true,"href":"https:\/\/concefor.cefor.ifes.edu.br\/2021\/wp-json\/wp\/v2\/users\/1"}],"replies":[{"embeddable":true,"href":"https:\/\/concefor.cefor.ifes.edu.br\/2021\/wp-json\/wp\/v2\/comments?post=13856"}],"version-history":[{"count":0,"href":"https:\/\/concefor.cefor.ifes.edu.br\/2021\/wp-json\/wp\/v2\/pages\/13856\/revisions"}],"wp:attachment":[{"href":"https:\/\/concefor.cefor.ifes.edu.br\/2021\/wp-json\/wp\/v2\/media?parent=13856"}],"curies":[{"name":"wp","href":"https:\/\/api.w.org\/{rel}","templated":true}]}}