{"id":988,"date":"2018-02-22T14:01:20","date_gmt":"2018-02-22T17:01:20","guid":{"rendered":"http:\/\/concefor.cefor.ifes.edu.br\/?page_id=988"},"modified":"2021-08-09T09:37:15","modified_gmt":"2021-08-09T12:37:15","slug":"cronograma","status":"publish","type":"page","link":"https:\/\/concefor.cefor.ifes.edu.br\/2018\/cronograma\/","title":{"rendered":"Cronograma"},"content":{"rendered":"<h2><\/h2>\n<ul>\n<li>Per\u00edodo de submiss\u00e3o de trabalhos: 1 de fevereiro a 29 de maio de 2018 (at\u00e9 \u00e0s 23h).<\/li>\n<li>Resultado final: 16 de julho<\/li>\n<li>Envio da vers\u00e3o final formatada pelos autores: 22 de julho<\/li>\n<li>Divulga\u00e7\u00e3o da agenda de apresenta\u00e7\u00e3o dos trabalhos aprovados: (a definir)<\/li>\n<li>Divulga\u00e7\u00e3o dos anais: (a definir)<\/li>\n<\/ul>\n<p><strong>*Observa\u00e7\u00e3o:<\/strong> os autores dos trabalhos aprovados dever\u00e3o fazer nova submiss\u00e3o, via sistema OCS, at\u00e9 o dia <strong>22\/07\/2018<\/strong>, com os ajustes solicitados pelos avaliadores e que constam no email que receberam com a notifica\u00e7\u00e3o de aceite.<\/p>\n","protected":false},"excerpt":{"rendered":"<p>Per\u00edodo de submiss\u00e3o de trabalhos: 1 de fevereiro a 29 de maio de 2018 (at\u00e9 \u00e0s 23h). Resultado final: 16 de julho Envio da vers\u00e3o final formatada pelos autores: 22 de julho Divulga\u00e7\u00e3o da agenda de apresenta\u00e7\u00e3o dos trabalhos aprovados: <a class=\"more-link\" href=\"https:\/\/concefor.cefor.ifes.edu.br\/2018\/cronograma\/\">Leia mais&#8230; &raquo;<\/a><\/p>\n","protected":false},"author":1,"featured_media":0,"parent":0,"menu_order":0,"comment_status":"closed","ping_status":"closed","template":"","meta":[],"_links":{"self":[{"href":"https:\/\/concefor.cefor.ifes.edu.br\/2018\/wp-json\/wp\/v2\/pages\/988"}],"collection":[{"href":"https:\/\/concefor.cefor.ifes.edu.br\/2018\/wp-json\/wp\/v2\/pages"}],"about":[{"href":"https:\/\/concefor.cefor.ifes.edu.br\/2018\/wp-json\/wp\/v2\/types\/page"}],"author":[{"embeddable":true,"href":"https:\/\/concefor.cefor.ifes.edu.br\/2018\/wp-json\/wp\/v2\/users\/1"}],"replies":[{"embeddable":true,"href":"https:\/\/concefor.cefor.ifes.edu.br\/2018\/wp-json\/wp\/v2\/comments?post=988"}],"version-history":[{"count":1,"href":"https:\/\/concefor.cefor.ifes.edu.br\/2018\/wp-json\/wp\/v2\/pages\/988\/revisions"}],"predecessor-version":[{"id":10841,"href":"https:\/\/concefor.cefor.ifes.edu.br\/2018\/wp-json\/wp\/v2\/pages\/988\/revisions\/10841"}],"wp:attachment":[{"href":"https:\/\/concefor.cefor.ifes.edu.br\/2018\/wp-json\/wp\/v2\/media?parent=988"}],"curies":[{"name":"wp","href":"https:\/\/api.w.org\/{rel}","templated":true}]}}