{"id":5,"date":"2016-04-11T18:40:45","date_gmt":"2016-04-11T18:40:45","guid":{"rendered":"http:\/\/concefor.cefor.ifes.edu.br\/?page_id=2"},"modified":"2021-08-09T09:59:06","modified_gmt":"2021-08-09T12:59:06","slug":"o-concefor","status":"publish","type":"page","link":"https:\/\/concefor.cefor.ifes.edu.br\/2018\/","title":{"rendered":"O Concefor"},"content":{"rendered":"<p>O Concefor \u00e9 um evento cient\u00edfico anual de abrang\u00eancia regional promovido pelo <strong>Centro de Refer\u00eancia em Forma\u00e7\u00e3o e em Educa\u00e7\u00e3o a Dist\u00e2ncia (Cefor)<\/strong>, do Instituto Federal do Esp\u00edrito Santo (<strong>Ifes<\/strong>). Em 2018 ocorrer\u00e1 o V Concefor, que pretende, al\u00e9m de refor\u00e7ar seu car\u00e1ter regional, ampliar o seu alcance buscando contribui\u00e7\u00f5es nacionais e internacionais, que se justificam pelo crescente interesse da comunidade cient\u00edfica e acad\u00eamica pelos temas relacionados \u00e0 forma\u00e7\u00e3o de profissionais da Educa\u00e7\u00e3o, em geral, e da EaD, que permeiam os eventos do Cefor. A participa\u00e7\u00e3o de pesquisadores internacionais se justifica pela oportunidade de se conhecer novas metodologias educacionais oriundas de pa\u00edses que v\u00eam apresentando resultados inovadores sobre a aprendizagem de seus alunos.<\/p>\n<p>O <strong>V Concefor ocorrer\u00e1 nos dias 16, 17 e 18 de agosto de 2018<\/strong> e ter\u00e1 como <strong>tema \u201cEduca\u00e7\u00e3o, tecnologias e inclus\u00e3o: construindo saberes\u201d<\/strong>. Esse tema foi concebido tendo em vista a necessidade de uma reflex\u00e3o mais profunda sobre novas estrat\u00e9gias e, tamb\u00e9m, novos mecanismos educacionais relacionados ao processo de ensino e de aprendizagem que contemplem a introdu\u00e7\u00e3o de novas tecnologias e metodologias nesse processo em uma perspectiva inclusiva. Isso porque, apesar dos avan\u00e7os em torno do uso das tecnologias na Educa\u00e7\u00e3o, ainda \u00e9 um desafio o uso educacional dessas tecnologias de forma a promover a inclus\u00e3o de pessoas com necessidades especiais.<\/p>\n<p>Na atualidade, os recursos tecnol\u00f3gicos t\u00eam evolu\u00eddo em alta velocidade necessitando-se, assim, que seus usos sejam difundidos, tamb\u00e9m, no \u00e2mbito educacional, tornando-se fundamental criar espa\u00e7os de debate, reflex\u00e3o e troca de experi\u00eancias para abordagem dessa tem\u00e1tica contemplando a inclus\u00e3o. Sendo assim, justifica-se a execu\u00e7\u00e3o desse projeto, especialmente pela estrat\u00e9gia de divulga\u00e7\u00e3o, reflex\u00e3o, discuss\u00e3o e constru\u00e7\u00e3o de conhecimentos sobre o uso de Tecnologias na Educa\u00e7\u00e3o em uma perspectiva inclusiva, legitimando, dessa forma, o tema \u201cEduca\u00e7\u00e3o, tecnologias e inclus\u00e3o: construindo saberes\u201d.<\/p>\n<h2>Eixos Tem\u00e1ticos<\/h2>\n<ul>\n<li>Eixo 1 \u2013 Pol\u00edticas educacionais e curr\u00edculo.<\/li>\n<li>Eixo 2 \u2013 Forma\u00e7\u00e3o inicial e continuada de educadores.<\/li>\n<li>Eixo 3 \u2013 Metodologias e Pr\u00e1ticas Pedag\u00f3gicas no contexto da Educa\u00e7\u00e3o B\u00e1sica, Educa\u00e7\u00e3o Profissional e Tecnol\u00f3gica.<\/li>\n<li>Eixo 4 \u2013 Educa\u00e7\u00e3o n\u00e3o formal, Sustentabilidade, Diversidades e Inclus\u00e3o Social.<\/li>\n<li>Eixo 5 \u2013 Tecnologias Digitais no processo educativo<\/li>\n<li>Eixo 6 \u2013 Hist\u00f3ria e mem\u00f3ria dos processos educativos.<\/li>\n<\/ul>\n<h2>Finalidades do evento<\/h2>\n<p>O <strong>V Concefor<\/strong> tem por finalidade fortalecer e ampliar o espa\u00e7o de discuss\u00e3o e reflex\u00e3o da comunidade acad\u00eamico-cient\u00edfica sobre a forma\u00e7\u00e3o, as pr\u00e1ticas docentes, a EaD e a utiliza\u00e7\u00e3o de tecnologias na educa\u00e7\u00e3o em uma perspectiva inclusiva. Al\u00e9m disso, visa a promover o encontro e a integra\u00e7\u00e3o de pesquisadores, alunos de p\u00f3s-gradua\u00e7\u00e3o e professores para interc\u00e2mbio de experi\u00eancias e divulga\u00e7\u00e3o de pesquisas cient\u00edficas relacionadas \u00e0s \u00e1reas de forma\u00e7\u00e3o, EaD e tecnologias educacionais.<\/p>\n<p>Para a sua realiza\u00e7\u00e3o, contamos com o apoio das Prefeituras da Grande Vit\u00f3ria-ES, da Secretaria de Educa\u00e7\u00e3o do estado do Esp\u00edrito Santo (SEDU) e algumas entidades cient\u00edficas relacionadas \u00e0 Educa\u00e7\u00e3o a Dist\u00e2ncia e \u00e0 Forma\u00e7\u00e3o Inicial e Continuada de educadores, como a Associa\u00e7\u00e3o Nacional de Pol\u00edtica e Administra\u00e7\u00e3o da Educa\u00e7\u00e3o (ANPAE). O p\u00fablico-alvo desse evento \u00e9 composto de alunos de p\u00f3s-gradua\u00e7\u00e3o, pesquisadores, professores e gestores que atuam no \u00e2mbito educacional e tecnol\u00f3gico. Dessa forma, a realiza\u00e7\u00e3o do V Concefor revela-se de grande import\u00e2ncia para a educa\u00e7\u00e3o em geral, tendo em vista proporcionar um espa\u00e7o para o compartilhamento de ideias, pesquisas e experi\u00eancias voltadas para a forma\u00e7\u00e3o e a pr\u00e1tica docente, perpassadas pela utiliza\u00e7\u00e3o de tecnologias educacionais.<\/p>\n<p>A programa\u00e7\u00e3o cient\u00edfica do evento constituir-se-\u00e1 de palestras, mesas-redondas, minicursos e comunica\u00e7\u00f5es coordenadas. Para a submiss\u00e3o dos trabalhos ser\u00e3o propostos seis eixos tem\u00e1ticos, embasados nos quais ser\u00e3o aceitas, classificadas e distribu\u00eddas as comunica\u00e7\u00f5es coordenadas.<\/p>\n","protected":false},"excerpt":{"rendered":"<p>O Concefor \u00e9 um evento cient\u00edfico anual de abrang\u00eancia regional promovido pelo Centro de Refer\u00eancia em Forma\u00e7\u00e3o e em Educa\u00e7\u00e3o a Dist\u00e2ncia (Cefor), do Instituto Federal do Esp\u00edrito Santo (Ifes). Em 2018 ocorrer\u00e1 o V Concefor, que pretende, al\u00e9m de <a class=\"more-link\" href=\"https:\/\/concefor.cefor.ifes.edu.br\/2018\/\">Leia mais&#8230; &raquo;<\/a><\/p>\n","protected":false},"author":1,"featured_media":0,"parent":0,"menu_order":0,"comment_status":"closed","ping_status":"open","template":"","meta":[],"_links":{"self":[{"href":"https:\/\/concefor.cefor.ifes.edu.br\/2018\/wp-json\/wp\/v2\/pages\/5"}],"collection":[{"href":"https:\/\/concefor.cefor.ifes.edu.br\/2018\/wp-json\/wp\/v2\/pages"}],"about":[{"href":"https:\/\/concefor.cefor.ifes.edu.br\/2018\/wp-json\/wp\/v2\/types\/page"}],"author":[{"embeddable":true,"href":"https:\/\/concefor.cefor.ifes.edu.br\/2018\/wp-json\/wp\/v2\/users\/1"}],"replies":[{"embeddable":true,"href":"https:\/\/concefor.cefor.ifes.edu.br\/2018\/wp-json\/wp\/v2\/comments?post=5"}],"version-history":[{"count":3,"href":"https:\/\/concefor.cefor.ifes.edu.br\/2018\/wp-json\/wp\/v2\/pages\/5\/revisions"}],"predecessor-version":[{"id":10877,"href":"https:\/\/concefor.cefor.ifes.edu.br\/2018\/wp-json\/wp\/v2\/pages\/5\/revisions\/10877"}],"wp:attachment":[{"href":"https:\/\/concefor.cefor.ifes.edu.br\/2018\/wp-json\/wp\/v2\/media?parent=5"}],"curies":[{"name":"wp","href":"https:\/\/api.w.org\/{rel}","templated":true}]}}