{"id":22,"date":"2016-04-12T13:36:15","date_gmt":"2016-04-12T13:36:15","guid":{"rendered":"http:\/\/concefor.cefor.ifes.edu.br\/?page_id=22"},"modified":"2021-08-09T09:51:26","modified_gmt":"2021-08-09T12:51:26","slug":"inscricoes","status":"publish","type":"page","link":"https:\/\/concefor.cefor.ifes.edu.br\/2018\/inscricoes\/","title":{"rendered":"Inscri\u00e7\u00f5es"},"content":{"rendered":"<p><strong><a href=\"https:\/\/www.even3.com.br\/vconcefor\" target=\"_blank\" rel=\"noopener\">Fa\u00e7a sua inscri\u00e7\u00e3o<\/a><\/strong><\/p>\n<p><strong style=\"font-size: 1.5rem;\">Data:<\/strong><span style=\"font-size: 1.5rem;\"> 19 de junho a 03 de agosto<\/span><\/p>\n<p><b>Valor das Inscri\u00e7\u00f5es:<\/b><\/p>\n<ul>\n<li>Estudantes: R$ 40,00<\/li>\n<li>Profissionais da educa\u00e7\u00e3o: R$ 70,00<\/li>\n<li>P\u00fablico em geral: R$ 100,00<\/li>\n<\/ul>\n<p>O valor se refere \u00e0 participa\u00e7\u00e3o nos 3 (tr\u00eas) dias do congresso<\/p>\n","protected":false},"excerpt":{"rendered":"<p>Fa\u00e7a sua inscri\u00e7\u00e3o Data: 19 de junho a 03 de agosto Valor das Inscri\u00e7\u00f5es: Estudantes: R$ 40,00 Profissionais da educa\u00e7\u00e3o: R$ 70,00 P\u00fablico em geral: R$ 100,00 O valor se refere \u00e0 participa\u00e7\u00e3o nos 3 (tr\u00eas) dias do congresso<\/p>\n","protected":false},"author":1,"featured_media":0,"parent":0,"menu_order":0,"comment_status":"closed","ping_status":"closed","template":"","meta":[],"_links":{"self":[{"href":"https:\/\/concefor.cefor.ifes.edu.br\/2018\/wp-json\/wp\/v2\/pages\/22"}],"collection":[{"href":"https:\/\/concefor.cefor.ifes.edu.br\/2018\/wp-json\/wp\/v2\/pages"}],"about":[{"href":"https:\/\/concefor.cefor.ifes.edu.br\/2018\/wp-json\/wp\/v2\/types\/page"}],"author":[{"embeddable":true,"href":"https:\/\/concefor.cefor.ifes.edu.br\/2018\/wp-json\/wp\/v2\/users\/1"}],"replies":[{"embeddable":true,"href":"https:\/\/concefor.cefor.ifes.edu.br\/2018\/wp-json\/wp\/v2\/comments?post=22"}],"version-history":[{"count":2,"href":"https:\/\/concefor.cefor.ifes.edu.br\/2018\/wp-json\/wp\/v2\/pages\/22\/revisions"}],"predecessor-version":[{"id":10873,"href":"https:\/\/concefor.cefor.ifes.edu.br\/2018\/wp-json\/wp\/v2\/pages\/22\/revisions\/10873"}],"wp:attachment":[{"href":"https:\/\/concefor.cefor.ifes.edu.br\/2018\/wp-json\/wp\/v2\/media?parent=22"}],"curies":[{"name":"wp","href":"https:\/\/api.w.org\/{rel}","templated":true}]}}