{"id":1109,"date":"2018-03-06T12:49:07","date_gmt":"2018-03-06T15:49:07","guid":{"rendered":"http:\/\/concefor.cefor.ifes.edu.br\/?page_id=1109"},"modified":"2021-08-09T09:46:31","modified_gmt":"2021-08-09T12:46:31","slug":"agenda-do-evento","status":"publish","type":"page","link":"https:\/\/concefor.cefor.ifes.edu.br\/2018\/agenda-do-evento\/","title":{"rendered":"Agenda do Evento"},"content":{"rendered":"<div class=\"tg-wrap\">\n<table class=\"tg\" style=\"height: 945px;\" summary=\"A seguir \u00e9 apresentado uma tabela com a programa\u00e7\u00e3o do evento para o dia 16\/08\/2018. As colunas s\u00e3o organizadas, respectivamente, por hor\u00e1rio, o evento e o local de realiza\u00e7\u00e3o.\" width=\"736\">\n<colgroup>\n<col class=\"col1\" \/>\n<col class=\"col2\" \/>\n<col class=\"col3\" \/> <\/colgroup>\n<caption>\n<h4>Dia 16\/08\/18 &#8211; Quinta-feira<\/h4>\n<\/caption>\n<thead>\n<tr>\n<th class=\"tg-dji4\">Hor\u00e1rio<\/th>\n<th class=\"tg-mjit\">Evento<\/th>\n<th class=\"tg-mjit\">Local<\/th>\n<\/tr>\n<\/thead>\n<tbody>\n<tr>\n<td class=\"tg-h3dp\">8h<\/td>\n<td class=\"tg-h3dp\">Credenciamento<\/td>\n<td class=\"tg-h3dp\">P\u00e1tio do Cefor<\/td>\n<\/tr>\n<tr>\n<td class=\"tg-h3dp\">8h30 &#8211; 9h<\/td>\n<td class=\"tg-h3dp\">Caf\u00e9 com Prosa<\/td>\n<td class=\"tg-h3dp\">P\u00e1tio do Cefor<\/td>\n<\/tr>\n<tr>\n<td class=\"tg-h3dp\">9h &#8211; 9h30<\/td>\n<td class=\"tg-h3dp\">Abertura do evento<\/td>\n<td class=\"tg-h3dp\">P\u00e1tio do Cefor<\/td>\n<\/tr>\n<tr>\n<td class=\"tg-h3dp\">9h30 &#8211; 10h30<\/td>\n<td class=\"tg-h3dp\">Momento Cultural<\/td>\n<td class=\"tg-h3dp\">P\u00e1tio do Cefor<\/td>\n<\/tr>\n<tr>\n<td class=\"tg-h3dp\">10h30 &#8211; 12h<\/td>\n<td class=\"tg-h3dp\">Plen\u00e1ria I<\/p>\n<p>\u201c<strong>Ambientes Virtuais Acess\u00edveis: desafios para a aprendizagem<\/strong>\u201d<\/p>\n<p>Dra. Andr\u00e9a Poletto Sonza (Instituto Federal do Rio Grande do Sul)<br \/>\nMediadora: Profa. Dra. Maria Alice Veiga Ferreira de Souza (Instituto Federal do Esp\u00edrito Santo)<\/td>\n<td class=\"tg-h3dp\">P\u00e1tio do Cefor<\/td>\n<\/tr>\n<tr>\n<td class=\"tg-h3dp\">12h &#8211; 13h30<\/td>\n<td class=\"tg-h3dp\">Almo\u00e7o<\/td>\n<td class=\"tg-h3dp\"><\/td>\n<\/tr>\n<tr>\n<td class=\"tg-h3dp\">13h &#8211; 15h30<\/td>\n<td class=\"tg-h3dp\">Reuni\u00e3o UAB (Paralela)<\/td>\n<td class=\"tg-h3dp\">Audit\u00f3rio<\/td>\n<\/tr>\n<tr>\n<td class=\"tg-h3dp\">13h30 &#8211; 15h30<\/td>\n<td class=\"tg-h3dp\">Comunica\u00e7\u00f5es Coordenadas I<\/td>\n<td class=\"tg-h3dp\">Salas 1, 2, 3, 4, Sal\u00e3o de Reuni\u00e3o e P\u00e1tio do Cefor<\/td>\n<\/tr>\n<tr>\n<td class=\"tg-h3dp\">15h30 &#8211; 16h<\/td>\n<td class=\"tg-h3dp\">Caf\u00e9 com Prosa<\/td>\n<td class=\"tg-h3dp\">P\u00e1tio do Cefor<\/td>\n<\/tr>\n<tr>\n<td class=\"tg-h3dp\">16h &#8211; 18h<\/td>\n<td class=\"tg-h3dp\">Mesa-Redonda I<br \/>\n\u201c<strong>As especificidades do p\u00fablico-alvo da Educa\u00e7\u00e3o Especial e os Desafios Educacionais<\/strong>\u201d.<br \/>\nParticipantes:<br \/>\nEdgar Alvarenga Sim\u00f5es (Ifes\/Cefor \u2013 Brasil), Dalila Gusm\u00e3o Carletti (Ifes\/Alegre \u2013 Brasil), Ariadna Pereira Siqueira Effgen (Prefeitura Municipal da Serra \u2013 ES \u2013 Brasil).<br \/>\nMediadora: Profa. Dra. Larissy Alves Cotonhoto (Instituto Federal do Esp\u00edrito Santo).<\/td>\n<td class=\"tg-h3dp\">P\u00e1tio do Cefor<\/td>\n<\/tr>\n<tr>\n<td class=\"tg-h3dp\">18h &#8211; 18h30<\/td>\n<td class=\"tg-h3dp\">Palestra<\/p>\n<p>\u201c<strong>A Inclus\u00e3o no Ifes: trabalhando por uma educa\u00e7\u00e3o de qualidade<\/strong>\u201d<br \/>\nDra. Sirley Trugilho da Silva \u2013 Presidente do FONAPNE<br \/>\nProfa. Dra. Larissy Alves Cotonhoto \u2013 Instituto Federal do Esp\u00edrito Santo<\/td>\n<td class=\"tg-h3dp\">P\u00e1tio do Cefor<\/td>\n<\/tr>\n<tr>\n<td class=\"tg-h3dp\">18h30 &#8211; 19h<\/td>\n<td class=\"tg-h3dp\">Comemora\u00e7\u00e3o de 12 anos do Cefor<\/td>\n<td class=\"tg-h3dp\">P\u00e1tio do Cefor<\/td>\n<\/tr>\n<\/tbody>\n<\/table>\n<table class=\"tg\">\n<colgroup>\n<col class=\"col1\" \/>\n<col class=\"col2\" \/>\n<col class=\"col3\" \/> <\/colgroup>\n<caption>\n<h4>Dia 17\/08\/18 &#8211; Sexta-feira<\/h4>\n<\/caption>\n<thead>\n<tr>\n<th class=\"tg-dji4\">Hor\u00e1rio<\/th>\n<th class=\"tg-dji4\">Evento<\/th>\n<th class=\"tg-dji4\">Local<\/th>\n<\/tr>\n<\/thead>\n<tbody>\n<tr>\n<td class=\"tg-h3dp\">8h &#8211; 10h<\/td>\n<td class=\"tg-h3dp\">Comunica\u00e7\u00f5es Coordenadas II<\/td>\n<td class=\"tg-h3dp\">Salas 1, 2, 3, 4, Sal\u00e3o de Reuni\u00e3o e Audit\u00f3rio<\/td>\n<\/tr>\n<tr>\n<td class=\"tg-h3dp\">10h &#8211; 10h30<\/td>\n<td class=\"tg-h3dp\">Caf\u00e9 com Prosa \/ Lan\u00e7amento dos livros<\/p>\n<p>Lesson Study em Matem\u00e1tica: Caf\u00e9, leite e Matem\u00e1tica<\/p>\n<p>Ensino e Aprendizagem na Vis\u00e3o de Grande Pensadores<\/td>\n<td class=\"tg-h3dp\">P\u00e1tio do Cefor<\/td>\n<\/tr>\n<tr>\n<td class=\"tg-h3dp\">10h30 &#8211; 12h<\/td>\n<td class=\"tg-h3dp\">Plen\u00e1ria II &#8211;<\/p>\n<p>\u201c<strong>Constru\u00e7\u00e3o de Uma Pol\u00edtica Lingu\u00edstica da Libras: do Social ao Acad\u00eamico<\/strong>\u201d<\/p>\n<p>Prof. Dr. Andr\u00e9 Ribeiro Reichert (Universidade Federal de Santa Catarina)<br \/>\nMediador: Prof. Ms. Philipe Domingos (Instituto Federal do Esp\u00edrito Santo &#8211; Campi Cefor)<\/td>\n<td class=\"tg-h3dp\">P\u00e1tio do Cefor<\/td>\n<\/tr>\n<tr>\n<td class=\"tg-h3dp\">12h &#8211; 13h30<\/td>\n<td class=\"tg-h3dp\">Almo\u00e7o<\/td>\n<td class=\"tg-h3dp\"><\/td>\n<\/tr>\n<tr>\n<td class=\"tg-h3dp\">13h30 &#8211; 15h30<\/td>\n<td class=\"tg-h3dp\">Minicursos &#8211; 1\u00ba momento<\/td>\n<td class=\"tg-h3dp\">Salas 1, 2, 3, 4, Audit\u00f3rio, Sal\u00e3o de Reuni\u00e3o e P\u00e1tio do Cefor<\/td>\n<\/tr>\n<tr>\n<td class=\"tg-h3dp\">15h30 &#8211; 16h<\/td>\n<td class=\"tg-h3dp\">Caf\u00e9 com Prosa<\/td>\n<td class=\"tg-h3dp\">P\u00e1tio do Cefor<\/td>\n<\/tr>\n<tr>\n<td class=\"tg-h3dp\">16h &#8211; 17h<\/td>\n<td class=\"tg-h3dp\">Comunica\u00e7\u00f5es Especiais<\/td>\n<td class=\"tg-h3dp\">Salas 1 e 2<\/td>\n<\/tr>\n<tr>\n<td class=\"tg-h3dp\">17h &#8211; 19h<\/td>\n<td class=\"tg-h3dp\">Mesa-Redonda II<br \/>\n\u201c<strong>Educa\u00e7\u00e3o Inclusiva: da forma\u00e7\u00e3o \u00e0 inclus\u00e3o<\/strong>\u201d.<br \/>\nArthur B. Powell Jr. (Rutgers University \u2013 EUA), Henrique Manuel Guimar\u00e3es (Universidade de Lisboa \u2013 Portugal), Carla Beatris Valentini (Universidade de Caxias do Sul \u2013 Brasil).<br \/>\nMediadora: Profa. Dra. Maria Alice Veiga Ferreira de Souza\u00a0(Instituto Federal do Esp\u00edrito Santo)<\/td>\n<td class=\"tg-h3dp\">P\u00e1tio de Cefor<\/td>\n<\/tr>\n<\/tbody>\n<\/table>\n<table class=\"tg\">\n<colgroup>\n<col class=\"col1\" \/>\n<col class=\"col2\" \/>\n<col class=\"col3\" \/> <\/colgroup>\n<caption>\n<h4>Dia 18\/08\/18 &#8211; S\u00e1bado<\/h4>\n<\/caption>\n<thead>\n<tr>\n<th class=\"tg-dji4\">Hor\u00e1rio<\/th>\n<th class=\"tg-dji4\">Evento<\/th>\n<th class=\"tg-dji4\">Local<\/th>\n<\/tr>\n<\/thead>\n<tbody>\n<tr>\n<td class=\"tg-h3dp\">8h30 &#8211; 9h<\/td>\n<td class=\"tg-h3dp\">Caf\u00e9 com Prosa<\/td>\n<td class=\"tg-h3dp\">P\u00e1tio do Cefor<\/td>\n<\/tr>\n<\/tbody>\n<tbody>\n<tr>\n<td class=\"tg-h3dp\">9h &#8211; 10h30<\/td>\n<td class=\"tg-h3dp\">Minicursos &#8211; 2\u00b0 momento<\/td>\n<td class=\"tg-h3dp\">Salas 1, 2, 3, 4, Audit\u00f3rio, Sal\u00e3o de Reuni\u00e3o e P\u00e1tio do Cefor<\/td>\n<\/tr>\n<tr>\n<td class=\"tg-h3dp\">10h30 &#8211; 10h45<\/td>\n<td class=\"tg-h3dp\">Premia\u00e7\u00f5es dos Melhores Trabalhos<\/td>\n<td class=\"tg-h3dp\">P\u00e1tio do Cefor<\/td>\n<\/tr>\n<tr>\n<td class=\"tg-h3dp\">10h45<\/td>\n<td class=\"tg-h3dp\">Encerramento<\/td>\n<td class=\"tg-h3dp\">P\u00e1tio do Cefor<\/td>\n<\/tr>\n<\/tbody>\n<\/table>\n<\/div>\n","protected":false},"excerpt":{"rendered":"<p>Dia 16\/08\/18 &#8211; Quinta-feira Hor\u00e1rio Evento Local 8h Credenciamento P\u00e1tio do Cefor 8h30 &#8211; 9h Caf\u00e9 com Prosa P\u00e1tio do Cefor 9h &#8211; 9h30 Abertura do evento P\u00e1tio do Cefor 9h30 &#8211; 10h30 Momento Cultural P\u00e1tio do Cefor 10h30 &#8211; <a class=\"more-link\" href=\"https:\/\/concefor.cefor.ifes.edu.br\/2018\/agenda-do-evento\/\">Leia mais&#8230; &raquo;<\/a><\/p>\n","protected":false},"author":1,"featured_media":0,"parent":0,"menu_order":0,"comment_status":"closed","ping_status":"closed","template":"","meta":[],"_links":{"self":[{"href":"https:\/\/concefor.cefor.ifes.edu.br\/2018\/wp-json\/wp\/v2\/pages\/1109"}],"collection":[{"href":"https:\/\/concefor.cefor.ifes.edu.br\/2018\/wp-json\/wp\/v2\/pages"}],"about":[{"href":"https:\/\/concefor.cefor.ifes.edu.br\/2018\/wp-json\/wp\/v2\/types\/page"}],"author":[{"embeddable":true,"href":"https:\/\/concefor.cefor.ifes.edu.br\/2018\/wp-json\/wp\/v2\/users\/1"}],"replies":[{"embeddable":true,"href":"https:\/\/concefor.cefor.ifes.edu.br\/2018\/wp-json\/wp\/v2\/comments?post=1109"}],"version-history":[{"count":2,"href":"https:\/\/concefor.cefor.ifes.edu.br\/2018\/wp-json\/wp\/v2\/pages\/1109\/revisions"}],"predecessor-version":[{"id":10865,"href":"https:\/\/concefor.cefor.ifes.edu.br\/2018\/wp-json\/wp\/v2\/pages\/1109\/revisions\/10865"}],"wp:attachment":[{"href":"https:\/\/concefor.cefor.ifes.edu.br\/2018\/wp-json\/wp\/v2\/media?parent=1109"}],"curies":[{"name":"wp","href":"https:\/\/api.w.org\/{rel}","templated":true}]}}