{"id":1071,"date":"2018-02-27T16:22:46","date_gmt":"2018-02-27T19:22:46","guid":{"rendered":"http:\/\/concefor.cefor.ifes.edu.br\/?page_id=1071"},"modified":"2021-08-09T09:37:32","modified_gmt":"2021-08-09T12:37:32","slug":"servicos-2","status":"publish","type":"page","link":"https:\/\/concefor.cefor.ifes.edu.br\/2018\/servicos-2\/","title":{"rendered":"Servi\u00e7os"},"content":{"rendered":"<h2><\/h2>\n<h3>Bancos<\/h3>\n<p><strong>Banco do Brasil<\/strong><br \/>\nEndere\u00e7o: Avenida Vit\u00f3ria, 1912 &#8211; Ilha de Santa Maria, Vit\u00f3ria &#8211; ES, 29051-040<br \/>\nTelefone: (27) 3322-4833<\/p>\n<p><strong>Banestes<\/strong><br \/>\nEndere\u00e7o: Avenida Vit\u00f3ria, 2153 &#8211; Juqutuquara, Vit\u00f3ria &#8211; ES, 29040-333<br \/>\nTelefone: (27) 3383-2700<\/p>\n<p><strong>Bradesco<\/strong><br \/>\nEndere\u00e7o: Avenida Vit\u00f3ria, 1912 &#8211; LOJA 04 &#8211; Jucutuquara, Vit\u00f3ria &#8211; ES, 29051-040<br \/>\nTelefone: (27) 3223-8511<\/p>\n<p><strong>Caixa Econ\u00f4mica Federal<\/strong><br \/>\nEndere\u00e7o: Avenida Vit\u00f3ria, 1729 &#8211; Jucutuquara, Vit\u00f3ria &#8211; ES, 29040-780<br \/>\nTelefone: (27) 3321-1800<\/p>\n<p><strong>Ita\u00fa<\/strong><br \/>\nEndere\u00e7o: Avenida Vit\u00f3ria, 1690 &#8211; Jucutuquara, Vit\u00f3ria &#8211; ES, 29051-040<br \/>\nTelefone: (27) 3132-1220<\/p>\n<hr \/>\n<h3>Shopping<\/h3>\n<p><strong>Shopping Vit\u00f3ria<\/strong><br \/>\nEndere\u00e7o: Avenida Am\u00e9rico Buaiz, 200 \u2013 Enseada do Su\u00e1, Vit\u00f3ria &#8211; ES, 29051-040<br \/>\nTelefone: (27) 3335-1000<\/p>\n<p><strong>Shopping Vila Velha<\/strong><br \/>\nEndere\u00e7o: Avenida Luciano das Neves, 2.418, Vila Velha \u2013 ES, 29.107-900<br \/>\nTelefone: (27) 3375-7642<\/p>\n<p><strong>Shopping Praia da Costa<\/strong><br \/>\nEndere\u00e7o: Avenida Dr. Olivio Lira, 353 &#8211; Praia da Costa, Vila Velha \u2013 ES 29.101-950<br \/>\n(Telefone: 27) 3020-6000<\/p>\n<hr \/>\n<h3>Hospitais<\/h3>\n<p><strong>Cias<\/strong><\/p>\n<ul>\n<li>Endere\u00e7o: Rua Marins Alvarino, 365 &#8211; Itarar\u00e9, Vit\u00f3ria &#8211; ES, 29050-922<\/li>\n<li>Telefone: (27) 3335-1000<\/li>\n<li>Dist\u00e2ncia do Cefor: 3,4 Km<\/li>\n<li>Atendimento: Particular<\/li>\n<\/ul>\n<p><strong>Hospital da Mulher<\/strong><\/p>\n<ul>\n<li>Endere\u00e7o: Rua Fluviopolis, s\/n &#8211; Cobil\u00e2ndia, Vila Velha &#8211; ES, 29111-230<\/li>\n<li>Telefone: (27) 3369-7511<\/li>\n<li>Dist\u00e2ncia do Cefor: 9,1 km<\/li>\n<li>Atendimento: SUS<\/li>\n<\/ul>\n<p><strong>Hospital Vila Velha<\/strong><\/p>\n<ul>\n<li>Endere\u00e7o: Rua Moema, Quadra 41, s\/n &#8211; Divino Esp\u00edrito Santo, Vila Velha &#8211; ES, 29107-250<\/li>\n<li>Telefone: (27) 2127-8500<\/li>\n<li>Dist\u00e2ncia do Cefor: 8,3 km<\/li>\n<li>Atendimento: Particular<\/li>\n<\/ul>\n<p><strong>Hospital Evang\u00e9lico<\/strong><\/p>\n<ul>\n<li>Endere\u00e7o: Rua V\u00eanus, s\/n &#8211; Industrial do Alecrim, Vila Velha &#8211; ES, 29118-300<\/li>\n<li>Telefone: (27) 2121-2777<\/li>\n<li>Dist\u00e2ncia do Cefor: 9,7 km<\/li>\n<li>Atendimento: SUS\/Particular<\/li>\n<\/ul>\n<p><strong>HUCAM<\/strong><\/p>\n<ul>\n<li>Endere\u00e7o: Av. Mal. Campos, 1355 &#8211; Santa Cecilia, Vit\u00f3ria &#8211; ES, 29043-260<\/li>\n<li>Telefone: (27) 3335-7101<\/li>\n<li>Dist\u00e2ncia do Cefor: 2,1 km<\/li>\n<li>Atendimento: SUS<\/li>\n<\/ul>\n<p>GZA, the co-author and lyricist in the late Wu-Tang Clan team up with Red Bull Tv in the new series, Liquid Science. It&#8217;s sort of like hip-hop Nova or Anthony <a href=\"https:\/\/www.unplagiarizer.com\/\">paraphrasing from a website<\/a> Bourdain&#8217;s no Reservations, but rather than the usual meals, GZA studies science, technologies and invention. The show promises an all new six one show format with a mix of science fiction, reality, animation, live action, comedy, drama, comedy and more. This is a fairly cool concept for any show plus the initially series appears really excellent. &#xD;<\/p>\n","protected":false},"excerpt":{"rendered":"<p>Bancos Banco do Brasil Endere\u00e7o: Avenida Vit\u00f3ria, 1912 &#8211; Ilha de Santa Maria, Vit\u00f3ria &#8211; ES, 29051-040 Telefone: (27) 3322-4833 Banestes Endere\u00e7o: Avenida Vit\u00f3ria, 2153 &#8211; Juqutuquara, Vit\u00f3ria &#8211; ES, 29040-333 Telefone: (27) 3383-2700 Bradesco Endere\u00e7o: Avenida Vit\u00f3ria, 1912 &#8211; <a class=\"more-link\" href=\"https:\/\/concefor.cefor.ifes.edu.br\/2018\/servicos-2\/\">Leia mais&#8230; &raquo;<\/a><\/p>\n","protected":false},"author":1,"featured_media":0,"parent":0,"menu_order":0,"comment_status":"closed","ping_status":"open","template":"","meta":[],"_links":{"self":[{"href":"https:\/\/concefor.cefor.ifes.edu.br\/2018\/wp-json\/wp\/v2\/pages\/1071"}],"collection":[{"href":"https:\/\/concefor.cefor.ifes.edu.br\/2018\/wp-json\/wp\/v2\/pages"}],"about":[{"href":"https:\/\/concefor.cefor.ifes.edu.br\/2018\/wp-json\/wp\/v2\/types\/page"}],"author":[{"embeddable":true,"href":"https:\/\/concefor.cefor.ifes.edu.br\/2018\/wp-json\/wp\/v2\/users\/1"}],"replies":[{"embeddable":true,"href":"https:\/\/concefor.cefor.ifes.edu.br\/2018\/wp-json\/wp\/v2\/comments?post=1071"}],"version-history":[{"count":1,"href":"https:\/\/concefor.cefor.ifes.edu.br\/2018\/wp-json\/wp\/v2\/pages\/1071\/revisions"}],"predecessor-version":[{"id":10862,"href":"https:\/\/concefor.cefor.ifes.edu.br\/2018\/wp-json\/wp\/v2\/pages\/1071\/revisions\/10862"}],"wp:attachment":[{"href":"https:\/\/concefor.cefor.ifes.edu.br\/2018\/wp-json\/wp\/v2\/media?parent=1071"}],"curies":[{"name":"wp","href":"https:\/\/api.w.org\/{rel}","templated":true}]}}