{"id":1068,"date":"2018-02-27T16:18:46","date_gmt":"2018-02-27T19:18:46","guid":{"rendered":"http:\/\/concefor.cefor.ifes.edu.br\/?page_id=1068"},"modified":"2021-08-09T09:37:16","modified_gmt":"2021-08-09T12:37:16","slug":"opcoes-de-hospedagens","status":"publish","type":"page","link":"https:\/\/concefor.cefor.ifes.edu.br\/2018\/opcoes-de-hospedagens\/","title":{"rendered":"Hospedagens"},"content":{"rendered":"<p>&nbsp;<\/p>\n<p><strong><a href=\"https:\/\/alicevitoriahotel.com.br\/\" target=\"_blank\" rel=\"noopener\">Alice Vit\u00f3ria Hotel<\/a><\/strong><br \/>\nEndere\u00e7o: Rua Maria Helena Murad Neffa, 95 &#8211; Centro. Vit\u00f3ria &#8211; ES, 29010-280. &#8211; Antiga R. Cel. Vicente Peixoto, 95<br \/>\nTelefone: (27) 3331-1144<\/p>\n<p><strong><a href=\"http:\/\/www.atlanticahotels.com.br\/hotel\/vitoria\/comfort-suites-vitoria\">Comfort Suites Vit\u00f3ria<\/a><\/strong><br \/>\nEndere\u00e7o: Avenida Saturnino de Brito, 1327, Praia do Canto, Vit\u00f3ria &#8211; ES.<br \/>\nTelefone: (27) 3183-2500.<\/p>\n<p><strong><a href=\"http:\/\/www.accorhotels.com\/pt-br\/hotel-7220-ibis-budget-vitoria\/index.shtml\">Ibis Budget Reta da Penha<\/a><\/strong><br \/>\nEndere\u00e7o: Av. Nossa Sra. da Penha, 1993, Santa Lucia, Vit\u00f3ria\u00a0&#8211; ES.<br \/>\nTelefone: (27) 3205-6155.<\/p>\n<p><strong><a href=\"http:\/\/www.atlanticahotels.com.br\/hotel\/vitoria\/sleep-inn-vitoria\">Sleep Inn Vit\u00f3ria<\/a><\/strong><br \/>\nEndere\u00e7o: Av. Nossa Sra. da Penha, 1212, Praia do Canto, Vit\u00f3ria &#8211; ES.<br \/>\nTelefone: (27) 3194-4450.<\/p>\n<p><strong><a href=\"http:\/\/www.alliahotels.com.br\/bristol\/vitoria\/bristol-easy-hotel-reta-da-penha\">Bristol Easy &#8211; Reta da Penha<\/a><\/strong><br \/>\nEndere\u00e7o: Av. Nossa Sra. da Penha, 2656,\u00a0Santa Luiza, Vit\u00f3ria &#8211; ES.<br \/>\nTelefone: (27) 3421-3100.<\/p>\n<p><strong><a href=\"http:\/\/www.alliahotels.com.br\/bristol\/vitoria\/costa-victoria\">Bristol Costa Victoria<\/a><\/strong><br \/>\nEndere\u00e7o: R. Chapot Presvot, 51,\u00a0Praia do Canto, Vit\u00f3ria &#8211; ES.<br \/>\nTelefone: (27) 3357-3300.<\/p>\n<p><a href=\"https:\/\/www.accorhotels.com\/pt\/hotel-7220-ibis-budget-vitoria\/index.shtml\" target=\"_blank\" rel=\"noopener\"><strong>Ibis Budget Vit\u00f3ria<\/strong><\/a><br \/>\nEndere\u00e7o: Avenida Nossa Sra. da Penha, 1993 &#8211; Santa Lucia, Vit\u00f3ria &#8211; ES, 29056-075<br \/>\nTelefone: (27) 3205-6155<\/p>\n<p><strong><a href=\"http:\/\/www.accorhotels.com\/pt\/hotel-5223-ibis-vitoria-praia-do-canto\/index.shtml\">Ibis Vit\u00f3ria Praia do Canto<\/a><\/strong><br \/>\nEndere\u00e7o: R. Joao da Cruz, 385,\u00a0Praia do Canto, Vitoria\u00a0&#8211; ES.<br \/>\nTelefone: (27) 2104-4850.<\/p>\n<p><strong><a href=\"http:\/\/www.alliahotels.com.br\/bristol\/vitoria\/praia-do-canto\">Bristol Praia do Canto<\/a><\/strong><br \/>\nEndere\u00e7o: Av. Saturnino de Brito, 1075,\u00a0Praia Canto, Vit\u00f3ria &#8211; ES.<br \/>\nTelefone: (27) 3334-9494.<\/p>\n<p><strong><a href=\"http:\/\/www.goldentulipportovitoria.com\">Golden Tulip Porto Vit\u00f3ria<\/a><\/strong><br \/>\nEndere\u00e7o: Av. Nossa Sra. dos Navegantes, 635,\u00a0Enseada do Su\u00e1, Vit\u00f3ria &#8211; ES.<br \/>\nTelefone: (27) 3533-1300.<\/p>\n<p><strong><a href=\"https:\/\/www.hotelsone.com\/vitoria-hotels-br\/go-inn-vitoria.pt.html?cur=BRL&amp;as=g&amp;aid=173270401100&amp;dsti=594237&amp;dstt=8&amp;label=bh594237&amp;gclid=EAIaIQobChMIt_Th-ubG2QIVUCSBCh1kGgn2EAAYAiAAEgLfd_D_BwE&amp;akw=go%20inn%20vit%C3%B3ria&amp;asrc=Search&amp;ast=_go%20inn%20vit%C3%B3ria\" target=\"_blank\" rel=\"noopener\">Go Inn Vit\u00f3ria<\/a><\/strong><br \/>\nEndere\u00e7o: Condom\u00ednio do Edif\u00edcio N\u00e1poles &#8211; Av. Jo\u00e3o Batista Parra, 261 &#8211; Praia do Su\u00e1, Vit\u00f3ria &#8211; ES, 29052-120<br \/>\nTelefone: (27) 3202-0200<\/p>\n<p><strong><a href=\"http:\/\/www.nobilehoteis.com.br\/hoteis\/red-roof-inn-vitoria\/\" target=\"_blank\" rel=\"noopener\">Red Roof Inn Vit\u00f3ria<\/a><\/strong><br \/>\nEndere\u00e7o: Avenida Dante Michelini, 1057 &#8211; Jardim da Penha, Vit\u00f3ria &#8211; ES, 29060-235<br \/>\nTelefone: (27) 3041-9500<\/p>\n<p><strong><a href=\"http:\/\/www.sheratonvitoria.com.br\">Sheraton Vit\u00f3ria<\/a><\/strong><br \/>\nEndere\u00e7o: Av. Saturnino de Brito, 217,\u00a0Santa Helena, Vit\u00f3ria &#8211; ES.<br \/>\nTelefone: (27) 2125-8000.<\/p>\n<p><strong><a href=\"http:\/\/www.mercure.com\/pt-br\/hotel-5472-mercure-vitoria-hotel\/index.shtml\">Mercure Vit\u00f3ria Hotel<\/a><\/strong><br \/>\nEndere\u00e7o: R. Aleixo Netto, 1385,\u00a0Praia do Canto, Vit\u00f3ria &#8211; ES.<br \/>\nTelefone: (27) 3183-6000.<\/p>\n","protected":false},"excerpt":{"rendered":"<p>&nbsp; Alice Vit\u00f3ria Hotel Endere\u00e7o: Rua Maria Helena Murad Neffa, 95 &#8211; Centro. Vit\u00f3ria &#8211; ES, 29010-280. &#8211; Antiga R. Cel. Vicente Peixoto, 95 Telefone: (27) 3331-1144 Comfort Suites Vit\u00f3ria Endere\u00e7o: Avenida Saturnino de Brito, 1327, Praia do Canto, Vit\u00f3ria <a class=\"more-link\" href=\"https:\/\/concefor.cefor.ifes.edu.br\/2018\/opcoes-de-hospedagens\/\">Leia mais&#8230; &raquo;<\/a><\/p>\n","protected":false},"author":1,"featured_media":0,"parent":0,"menu_order":0,"comment_status":"closed","ping_status":"closed","template":"","meta":[],"_links":{"self":[{"href":"https:\/\/concefor.cefor.ifes.edu.br\/2018\/wp-json\/wp\/v2\/pages\/1068"}],"collection":[{"href":"https:\/\/concefor.cefor.ifes.edu.br\/2018\/wp-json\/wp\/v2\/pages"}],"about":[{"href":"https:\/\/concefor.cefor.ifes.edu.br\/2018\/wp-json\/wp\/v2\/types\/page"}],"author":[{"embeddable":true,"href":"https:\/\/concefor.cefor.ifes.edu.br\/2018\/wp-json\/wp\/v2\/users\/1"}],"replies":[{"embeddable":true,"href":"https:\/\/concefor.cefor.ifes.edu.br\/2018\/wp-json\/wp\/v2\/comments?post=1068"}],"version-history":[{"count":1,"href":"https:\/\/concefor.cefor.ifes.edu.br\/2018\/wp-json\/wp\/v2\/pages\/1068\/revisions"}],"predecessor-version":[{"id":10847,"href":"https:\/\/concefor.cefor.ifes.edu.br\/2018\/wp-json\/wp\/v2\/pages\/1068\/revisions\/10847"}],"wp:attachment":[{"href":"https:\/\/concefor.cefor.ifes.edu.br\/2018\/wp-json\/wp\/v2\/media?parent=1068"}],"curies":[{"name":"wp","href":"https:\/\/api.w.org\/{rel}","templated":true}]}}