{"id":1000,"date":"2018-02-22T15:07:55","date_gmt":"2018-02-22T18:07:55","guid":{"rendered":"http:\/\/concefor.cefor.ifes.edu.br\/?page_id=1000"},"modified":"2021-08-09T09:37:16","modified_gmt":"2021-08-09T12:37:16","slug":"historico-do-evento","status":"publish","type":"page","link":"https:\/\/concefor.cefor.ifes.edu.br\/2018\/historico-do-evento\/","title":{"rendered":"Hist\u00f3rico"},"content":{"rendered":"<h2><\/h2>\n<p>Nos anos de 2011 e 2012, o Ifes\/Campus Serra sediou o I e o II Encontro de Inform\u00e1tica na Educa\u00e7\u00e3o, e ambos os eventos tiveram como proposta possibilitar reflex\u00f5es e discuss\u00f5es quanto \u00e0s pesquisas desenvolvidas nas \u00e1reas de Inform\u00e1tica e Educa\u00e7\u00e3o a partir dos Trabalhos de Conclus\u00e3o de Curso (TCC), realizados pelos alunos da turma de 2010 e 2011 do curso de P\u00f3s-gradua\u00e7\u00e3o em Inform\u00e1tica na Educa\u00e7\u00e3o, ofertado na modalidade de EaD.<\/p>\n<p>Em 2014, al\u00e9m do III Encontro de Inform\u00e1tica na Educa\u00e7\u00e3o, aconteceu simultaneamente o I Encontro Regional de Educa\u00e7\u00e3o e Tecnologia do Esp\u00edrito Santo, ambos com o objetivo de realizar debates sobre as tend\u00eancias que surgiam em tecnologias educacionais. Em novembro do mesmo ano, o Cefor\/Ifes, atual denomina\u00e7\u00e3o do antigo Cead, promoveu o I Semin\u00e1rio de Forma\u00e7\u00e3o e Educa\u00e7\u00e3o a Dist\u00e2ncia e o VI Encontro de Capacita\u00e7\u00e3o Continuada \u2013 UAB.<\/p>\n<p>Em maio de 2015, foi realizado o II Encontro Regional de Educa\u00e7\u00e3o e Tecnologia do Esp\u00edrito Santo, junto ao qual tamb\u00e9m ocorreu o IV Encontro de Inform\u00e1tica na Educa\u00e7\u00e3o. E, seguindo a programa\u00e7\u00e3o dos eventos dos anos anteriores, o Cefor\/Ifes tamb\u00e9m realizou, no dia 28 de novembro de 2015, o II Semin\u00e1rio de Forma\u00e7\u00e3o e Educa\u00e7\u00e3o a Dist\u00e2ncia e o VII Encontro de Capacita\u00e7\u00e3o Continuada \u2013 UAB.<\/p>\n<p>Em virtude do sucesso de cr\u00edtica e de p\u00fablico das vers\u00f5es anteriores, no ano de 2016 o Cefor congregou, de forma regionalizada, todos os eventos anuais previstos em um \u00fanico, englobando as tem\u00e1ticas que t\u00eam sido trabalhadas desde 2011, transformando-os em um Congresso Regional. Como no ano de 2016 seria realizado o III Semin\u00e1rio de Forma\u00e7\u00e3o e Educa\u00e7\u00e3o a Dist\u00e2ncia, decidiu-se nome\u00e1-lo como III Concefor \u2013 Congresso Regional de Forma\u00e7\u00e3o e Educa\u00e7\u00e3o a Dist\u00e2ncia, de forma a dar continuidade e n\u00e3o perder o hist\u00f3rico dos eventos anteriores. Dada a nova localiza\u00e7\u00e3o f\u00edsica do Cefor, em 2016, o III Concefor foi realizado em Vit\u00f3ria e passou a ser regional, ganhando maior abrang\u00eancia.<\/p>\n<p>Em 2017, foi realizado o IV Concefor, que teve como objetivo ampliar e fortalecer um espa\u00e7o \u00a0de discuss\u00e3o e reflex\u00e3o da comunidade acad\u00eamica de forma\u00e7\u00e3o continuada e EaD sobre pr\u00e1ticas pedag\u00f3gicas e tecnologias educacionais, promovendo a\u00e7\u00f5es que contribu\u00edssem para o alcance da interconex\u00e3o entre educa\u00e7\u00e3o e tecnologias. Para alcan\u00e7ar esse objetivo, no IV Concefor foram realizadas discuss\u00f5es sobre EaD e forma\u00e7\u00e3o de professores, na perspectiva do uso da media\u00e7\u00e3o tecnol\u00f3gica e das metodologias ativas e inovadoras. O evento proporcionou diferentes formatos de intera\u00e7\u00e3o e debate entre os participantes, tais como mesas-redondas, palestras e grupos de trabalhos, com a presen\u00e7a de convidados, profissionais do Cefor e de outros campi do Ifes, todos especialistas do campo da educa\u00e7\u00e3o, estabelecendo di\u00e1logo aberto com o p\u00fablico participante.<\/p>\n","protected":false},"excerpt":{"rendered":"<p>Nos anos de 2011 e 2012, o Ifes\/Campus Serra sediou o I e o II Encontro de Inform\u00e1tica na Educa\u00e7\u00e3o, e ambos os eventos tiveram como proposta possibilitar reflex\u00f5es e discuss\u00f5es quanto \u00e0s pesquisas desenvolvidas nas \u00e1reas de Inform\u00e1tica e <a class=\"more-link\" href=\"https:\/\/concefor.cefor.ifes.edu.br\/2018\/historico-do-evento\/\">Leia mais&#8230; &raquo;<\/a><\/p>\n","protected":false},"author":1,"featured_media":0,"parent":0,"menu_order":0,"comment_status":"closed","ping_status":"closed","template":"","meta":[],"_links":{"self":[{"href":"https:\/\/concefor.cefor.ifes.edu.br\/2018\/wp-json\/wp\/v2\/pages\/1000"}],"collection":[{"href":"https:\/\/concefor.cefor.ifes.edu.br\/2018\/wp-json\/wp\/v2\/pages"}],"about":[{"href":"https:\/\/concefor.cefor.ifes.edu.br\/2018\/wp-json\/wp\/v2\/types\/page"}],"author":[{"embeddable":true,"href":"https:\/\/concefor.cefor.ifes.edu.br\/2018\/wp-json\/wp\/v2\/users\/1"}],"replies":[{"embeddable":true,"href":"https:\/\/concefor.cefor.ifes.edu.br\/2018\/wp-json\/wp\/v2\/comments?post=1000"}],"version-history":[{"count":1,"href":"https:\/\/concefor.cefor.ifes.edu.br\/2018\/wp-json\/wp\/v2\/pages\/1000\/revisions"}],"predecessor-version":[{"id":10846,"href":"https:\/\/concefor.cefor.ifes.edu.br\/2018\/wp-json\/wp\/v2\/pages\/1000\/revisions\/10846"}],"wp:attachment":[{"href":"https:\/\/concefor.cefor.ifes.edu.br\/2018\/wp-json\/wp\/v2\/media?parent=1000"}],"curies":[{"name":"wp","href":"https:\/\/api.w.org\/{rel}","templated":true}]}}