{"id":642,"date":"2016-04-11T18:40:45","date_gmt":"2016-04-11T18:40:45","guid":{"rendered":"http:\/\/concefor.cefor.ifes.edu.br\/?page_id=2"},"modified":"2016-04-11T18:40:45","modified_gmt":"2016-04-11T18:40:45","slug":"pagina-exemplo-2","status":"publish","type":"page","link":"https:\/\/concefor.cefor.ifes.edu.br\/2017\/","title":{"rendered":"O Evento"},"content":{"rendered":"<p style=\"text-align: justify\">O <strong>Concefor<\/strong> \u00e9 um evento anual de abrang\u00eancia regional promovido pelo <strong>Centro de Refer\u00eancia em Forma\u00e7\u00e3o e em Educa\u00e7\u00e3o a Dist\u00e2ncia (Cefor)<\/strong>, do Instituto Federal de Educa\u00e7\u00e3o do Esp\u00edrito Santo (Ifes). Neste ano ocorrer\u00e1 o IV Concefor, que pretende, al\u00e9m de refor\u00e7ar seu car\u00e1ter regional, ampliar o seu alcance, buscando contribui\u00e7\u00f5es nacionais e internacionais, que se justificam pelo crescente interesse da comunidade cient\u00edfica e acad\u00eamica pelos temas relacionados \u00e0 forma\u00e7\u00e3o de profissionais da Educa\u00e7\u00e3o, em geral, e da EaD, que permeiam os eventos do Cefor. A participa\u00e7\u00e3o de pesquisadores internacionais se justifica pela oportunidade de se conhecer novas metodologias educacionais oriundas de pa\u00edses que v\u00eam apresentando resultados inovadores sobre a aprendizagem de seus alunos.<\/p>\n<p style=\"text-align: justify\">O <strong>IV Concefor ocorrer\u00e1 em agosto de 2017<\/strong> e ter\u00e1 como tema \u201cInterconex\u00f5es entre Educa\u00e7\u00e3o e Tecnologias\u201d. Esse tema foi concebido tendo em vista a necessidade de uma reflex\u00e3o profunda sobre novas estrat\u00e9gias e, tamb\u00e9m, novos mecanismos educacionais relacionados ao processo de ensino e de aprendizagem, que tem mudado significativamente nos \u00faltimos anos, principalmente em virtude da introdu\u00e7\u00e3o de novas tecnologias e metodologias nesse processo. Isto porque, apesar dos avan\u00e7os em torno do uso das tecnologias na Educa\u00e7\u00e3o, ainda \u00e9 um desafio transformar as informa\u00e7\u00f5es dispon\u00edveis em conhecimentos que possam contribuir com uma educa\u00e7\u00e3o e forma\u00e7\u00e3o de qualidade.<\/p>\n<p style=\"text-align: justify\">Na atualidade, os recursos tecnol\u00f3gicos t\u00eam evolu\u00eddo em uma velocidade muito r\u00e1pida, necessitando, assim, que o uso destes seja difundido, tamb\u00e9m, no \u00e2mbito educacional, tornando-se fundamental criar espa\u00e7os de debate, reflex\u00e3o e troca de experi\u00eancias para abordagem dessa tem\u00e1tica. Sendo assim, justifica-se a execu\u00e7\u00e3o desse projeto, especialmente pela estrat\u00e9gia de divulga\u00e7\u00e3o, reflex\u00e3o e discuss\u00e3o sobre o uso de Tecnologias na Educa\u00e7\u00e3o, legitimando o tema \u201cInterconex\u00f5es entre Educa\u00e7\u00e3o e Tecnologias\u201d.<\/p>\n<h2 style=\"text-align: justify\"><\/h2>\n<h2>ISBN Dispon\u00edvel<\/h2>\n<p>N\u00famero ISBN: 978-85-8263-245-1<br \/>\nT\u00edtulo: IV Congresso Regional de Forma\u00e7\u00e3o e Educa\u00e7\u00e3o a Dist\u00e2ncia<\/p>\n<p>&nbsp;<\/p>\n<h2>Eixos Tem\u00e1ticos<\/h2>\n<ul>\n<li>Pol\u00edticas educacionais e curr\u00edculo. Forma\u00e7\u00e3o inicial e continuada de educadores.<\/li>\n<li>Metodologias e pr\u00e1ticas pedag\u00f3gicas da Educa\u00e7\u00e3o B\u00e1sica, Profissional e Tecnol\u00f3gica.<\/li>\n<li>Educa\u00e7\u00e3o n\u00e3o formal,\u00a0sustentabilidade, diversidades e inclus\u00e3o social.<\/li>\n<li>Tecnologias digitais no processo educativo.<\/li>\n<li>Hist\u00f3ria e mem\u00f3ria dos processos educativos.<\/li>\n<\/ul>\n<p>&nbsp;<\/p>\n<h2>Finalidades do evento<\/h2>\n<p style=\"text-align: justify\">O IV Concefor tem por finalidade fortalecer e ampliar o espa\u00e7o de discuss\u00e3o e reflex\u00e3o da comunidade acad\u00eamica sobre a forma\u00e7\u00e3o, as pr\u00e1ticas docentes, a EaD e a utiliza\u00e7\u00e3o de tecnologias na educa\u00e7\u00e3o. Al\u00e9m disso, visa a promover o encontro e a integra\u00e7\u00e3o de pesquisadores, alunos de p\u00f3s-gradua\u00e7\u00e3o e professores para troca de experi\u00eancias e divulga\u00e7\u00e3o de pesquisas relacionadas \u00e0s \u00e1reas de forma\u00e7\u00e3o, EaD e tecnologias educacionais.<\/p>\n<p style=\"text-align: justify\">Para a sua realiza\u00e7\u00e3o , contamos com o apoio das Prefeituras da Grande Vit\u00f3ria-ES, da Secretaria de Educa\u00e7\u00e3o do estado do Esp\u00edrito Santo (SEDU) e algumas entidades cient\u00edficas relacionadas \u00e0 Educa\u00e7\u00e3o a Dist\u00e2ncia e \u00e0 Forma\u00e7\u00e3o inicial e Continuada de educadores como, por exemplo, a Associa\u00e7\u00e3o Nacional de Pol\u00edtica e Administra\u00e7\u00e3o da Educa\u00e7\u00e3o (ANPAE). O p\u00fablico-alvo desse evento comp\u00f5e-se de alunos de p\u00f3s-gradua\u00e7\u00e3o, pesquisadores, professores e gestores que atuam no \u00e2mbito educacional. Dessa forma, a realiza\u00e7\u00e3o do IV Concefor revela-se de grande import\u00e2ncia para a educa\u00e7\u00e3o em geral, tendo em vista proporcionar um espa\u00e7o para o compartilhamento de ideias, pesquisas e experi\u00eancias voltadas para a forma\u00e7\u00e3o e a pr\u00e1tica docente, perpassadas pela utiliza\u00e7\u00e3o de tecnologias educacionais. A programa\u00e7\u00e3o cient\u00edfica do evento constituir-se-\u00e1 de palestras, mesas redondas, grupo de trabalhos (GT\u2019s), sess\u00f5es t\u00e9cnicas de comunica\u00e7\u00e3o oral e apresenta\u00e7\u00e3o de p\u00f4steres. Para a submiss\u00e3o dos trabalhos ser\u00e3o propostos seis eixos tem\u00e1ticos, embasados nos quais ser\u00e3o aceitos, classificados e distribu\u00eddos os p\u00f4steres e as comunica\u00e7\u00f5es cient\u00edficas.<\/p>\n<p>&nbsp;<\/p>\n<h2>Hist\u00f3rico do Evento<\/h2>\n<p style=\"text-align: justify\">Nos anos de 2011 e 2012, o Ifes\/Campus Serra sediou o I e II Encontro de Inform\u00e1tica na Educa\u00e7\u00e3o, e ambos os eventos tiveram como proposta possibilitar reflex\u00f5es e discuss\u00f5es quanto \u00e0s pesquisas desenvolvidas nas \u00e1reas de Inform\u00e1tica e Educa\u00e7\u00e3o a partir dos Trabalhos de Conclus\u00e3o de Curso (TCC), realizados pelos alunos da turma de 2010 e 2011 do curso de P\u00f3s-gradua\u00e7\u00e3o em Inform\u00e1tica na Educa\u00e7\u00e3o, ofertado na modalidade de EaD.<\/p>\n<p style=\"text-align: justify\">Em 2014, al\u00e9m do III Encontro de Inform\u00e1tica na Educa\u00e7\u00e3o, aconteceu simultaneamente o I Encontro Regional de Educa\u00e7\u00e3o e Tecnologia do Esp\u00edrito Santo, ambos com o objetivo de realizar debates sobre as tend\u00eancias que surgiam em tecnologias educacionais. Em novembro do mesmo ano, o Cefor\/Ifes, atual denomina\u00e7\u00e3o do antigo Cead, promoveu, o I Semin\u00e1rio de Forma\u00e7\u00e3o e Educa\u00e7\u00e3o a Dist\u00e2ncia e o VI Encontro de Capacita\u00e7\u00e3o Continuada \u2013 UAB.<\/p>\n<p style=\"text-align: justify\">Em maio de 2015, foi realizado o II Encontro Regional de Educa\u00e7\u00e3o e Tecnologia do Esp\u00edrito Santo. Junto a esse evento, ocorreu o IV Encontro de Inform\u00e1tica na Educa\u00e7\u00e3o. E, seguindo a programa\u00e7\u00e3o dos eventos dos anos anteriores, o Cefor\/Ifes tamb\u00e9m realizou, no dia 28 de novembro de 2015, o II Semin\u00e1rio de Forma\u00e7\u00e3o e Educa\u00e7\u00e3o a Dist\u00e2ncia e o VII Encontro de Capacita\u00e7\u00e3o Continuada \u2013 UAB.<\/p>\n<p style=\"text-align: justify\">Em virtude do sucesso de cr\u00edtica e de p\u00fablico das vers\u00f5es anteriores, no ano de 2016 o Cefor congregou, de forma regionalizada, todos os eventos anuais previstos em um \u00fanico, englobando as tem\u00e1ticas que t\u00eam sido trabalhadas desde 2011, transformando-os em um Congresso Regional. Como no ano de 2016 ter\u00edamos o III Semin\u00e1rio de Forma\u00e7\u00e3o e Educa\u00e7\u00e3o a Dist\u00e2ncia, decidimos nome\u00e1-lo como III Concefor \u2013 Congresso Regional de Forma\u00e7\u00e3o e Educa\u00e7\u00e3o a Dist\u00e2ncia, de forma a dar continuidade e n\u00e3o perder o hist\u00f3rico dos eventos anteriores, ocorrendo, agora, em Vit\u00f3ria, dada a nova localiza\u00e7\u00e3o f\u00edsica desta Unidade Administrativa do Ifes. Dessa forma, com a realiza\u00e7\u00e3o do III Concefor, em 2016, o evento passou a ser regional, ganhando maior abrang\u00eancia.<\/p>\n<p>&nbsp;<\/p>\n<h2>Localiza\u00e7\u00e3o<\/h2>\n<p>O evento acontecer\u00e1 no Cefor &#8211; Centro de Refer\u00eancia em Forma\u00e7\u00e3o e em Educa\u00e7\u00e3o a Dist\u00e2ncia, do Instituto Federal do Esp\u00edrito Santo \u2013 Ifes.<br \/>\nEndere\u00e7o:\u00a0Rua Bar\u00e3o de Mau\u00e1, n\u00ba 30, Jucutuquara, Vit\u00f3ria &#8211; ES<\/p>\n<p>Para mais informa\u00e7\u00f5es, acesso o\u00a0<a href=\"http:\/\/cefor.ifes.edu.br\/\" target=\"_blank\">Site do Cefor<\/a>.<\/p>\n<p>&nbsp;<\/p>\n<h2>Equipe<\/h2>\n<div class=\"page\" title=\"Page 2\">\n<div class=\"section\">\n<div class=\"layoutArea\">\n<div class=\"column\">\n<h5>Comiss\u00e3o Organizadora<\/h5>\n<div class=\"page\" title=\"Page 2\">\n<div class=\"section\">\n<div class=\"layoutArea\">\n<div class=\"column\">\n<ul>\n<li>Profa. Dra.\u00a0Danielli Veiga Carneiro Sondermann &#8211; Ifes<\/li>\n<li>Profa. Msc. Dulcil\u00e9ia Marchesi Costa &#8211; Ifes<\/li>\n<li>Profa. Msc. Esther Ortilieb Faria de Almeida\u00a0&#8211; Ifes<\/li>\n<li>Profa. Dra.<sup>\u00a0<\/sup>Jaqueline Maissiat &#8211; Ifes<\/li>\n<li>Profa. Dra J\u00falia Schaetzle Wrobel \u2013 Ufes<\/li>\n<li>Profa. Dra. Maria Alice Veiga Ferreira de Souza &#8211; Ifes<\/li>\n<li>Profa. Dra. Maria das Gra\u00e7as Ferreira Lobino &#8211; Ifes<\/li>\n<li>Profa. Dra. M\u00e1rcia Gon\u00e7alves de Oliveira &#8211; Ifes<\/li>\n<li>Prof.\u00a0Dr. Sidnei Quezada Meireles Leite &#8211; Ifes<\/li>\n<li>Profa. Dra. Vanessa Battestin Nunes &#8211; Ifes<\/li>\n<\/ul>\n<h5>Comit\u00ea Cient\u00edfico<\/h5>\n<ul>\n<li>Prof. Dr. Antonio Donizetti Sgarbi &#8211; Ifes<\/li>\n<li>Profa. Dra. Danielli Veiga Carneiro Sondermann &#8211; Ifes<\/li>\n<li>Profa. Dra. Eliana Zandonade &#8211; Ufes<\/li>\n<li>Prof. Dr. Elias Silva De Oliveira &#8211; Ufes<\/li>\n<li>Profa. Dra. Erica Valeria Alves &#8211;\u00a0Uneb<\/li>\n<li>Profa. Dra. Isaura Alcina Martins Nobre &#8211; Ifes<\/li>\n<li>Profa. Dra. Jaqueline Maissiat &#8211; Ifes<\/li>\n<li>Profa. Dra J\u00falia Schaetzle Wrobel &#8211; Ufes<\/li>\n<li>Profa. Dra. Ligia Arantes Sad &#8211; Ifes<\/li>\n<li>Profa. Dra. Liliane Ferreira Neves Inglez De Souza &#8211; Unip<\/li>\n<li>Profa. Dra. Marcia Goncalves de Oliveira &#8211; Ifes<\/li>\n<li>Profa. Dra. Maria Alice Veiga Ferreira De Souza &#8211; Ifes<\/li>\n<li>Profa. Dra. Maria Auxiliadora Vilela Paiva &#8211; Ifes<\/li>\n<li>Profa. Dra. Maria das Gra\u00e7as Ferreira Lobino &#8211; Ifes<\/li>\n<li>Profa. Dra. Maria Helena Carvalho de Castro Goncalez &#8211; Unip<\/li>\n<li>Profa. Dra. Mariella Berger Andrade &#8211; Ifes<\/li>\n<li>Profa. Dra. Marize Lyra Silva Passos &#8211; Ifes<\/li>\n<li>Profa. Dra. Michelle Francisco De Azevedo &#8211;\u00a0UTFPR<\/li>\n<li>Profa. Dra. Milene Carneiro Machado &#8211;\u00a0Fatec<\/li>\n<li>Profa. Dra. Miriam Cardoso Da Cruz &#8211;\u00a0Unicamp<\/li>\n<li>Prof. Dr. Nelson Antonio Pirola &#8211;\u00a0Unesp<\/li>\n<li>Profa. Dra. Odalea Aparecida Viana &#8211;\u00a0UFU<\/li>\n<li>Prof. Dr. Orivaldo De Lira Tavares &#8211;\u00a0Ufes<\/li>\n<li>Profa. Dra. Poliana Dare Zampirolli &#8211; Ifes<\/li>\n<li>Profa. Msc.\u00a0Rutinelli da Penha F\u00e1vero &#8211; Ifes<\/li>\n<li>Prof.\u00a0Dr.\u00a0Sidnei Quezada Meireles Leite &#8211; Ifes<\/li>\n<li>Profa. Dra. Vanessa Battestin Nunes &#8211; Ifes<\/li>\n<li>Profa. Dra. Vilma Reis Terra &#8211; Ifes<\/li>\n<li>Profa. Msc. Yvina Pavan Baldo &#8211; Ifes<\/li>\n<\/ul>\n<p>&nbsp;<\/p>\n<\/div>\n<\/div>\n<\/div>\n<\/div>\n<\/div>\n<\/div>\n<\/div>\n<\/div>\n","protected":false},"excerpt":{"rendered":"<p>O Concefor \u00e9 um evento anual de abrang\u00eancia regional promovido pelo Centro de Refer\u00eancia em Forma\u00e7\u00e3o e em Educa\u00e7\u00e3o a Dist\u00e2ncia (Cefor), do Instituto Federal de Educa\u00e7\u00e3o do Esp\u00edrito Santo (Ifes). Neste ano ocorrer\u00e1 o IV Concefor, que pretende, al\u00e9m <a class=\"more-link\" href=\"https:\/\/concefor.cefor.ifes.edu.br\/2017\/\">Leia mais&#8230; &raquo;<\/a><\/p>\n","protected":false},"author":1,"featured_media":0,"parent":0,"menu_order":0,"comment_status":"closed","ping_status":"open","template":"","meta":[],"_links":{"self":[{"href":"https:\/\/concefor.cefor.ifes.edu.br\/2017\/wp-json\/wp\/v2\/pages\/642"}],"collection":[{"href":"https:\/\/concefor.cefor.ifes.edu.br\/2017\/wp-json\/wp\/v2\/pages"}],"about":[{"href":"https:\/\/concefor.cefor.ifes.edu.br\/2017\/wp-json\/wp\/v2\/types\/page"}],"author":[{"embeddable":true,"href":"https:\/\/concefor.cefor.ifes.edu.br\/2017\/wp-json\/wp\/v2\/users\/1"}],"replies":[{"embeddable":true,"href":"https:\/\/concefor.cefor.ifes.edu.br\/2017\/wp-json\/wp\/v2\/comments?post=642"}],"version-history":[{"count":0,"href":"https:\/\/concefor.cefor.ifes.edu.br\/2017\/wp-json\/wp\/v2\/pages\/642\/revisions"}],"wp:attachment":[{"href":"https:\/\/concefor.cefor.ifes.edu.br\/2017\/wp-json\/wp\/v2\/media?parent=642"}],"curies":[{"name":"wp","href":"https:\/\/api.w.org\/{rel}","templated":true}]}}