{"id":345,"date":"2016-07-04T12:58:40","date_gmt":"2016-07-04T12:58:40","guid":{"rendered":"http:\/\/concefor.cefor.ifes.edu.br\/?page_id=345"},"modified":"2016-07-04T12:58:40","modified_gmt":"2016-07-04T12:58:40","slug":"servicos","status":"publish","type":"page","link":"https:\/\/concefor.cefor.ifes.edu.br\/2017\/servicos\/","title":{"rendered":"Servi\u00e7os"},"content":{"rendered":"<h4 class=\"western\"><\/h4>\n<h2 class=\"western\">Hospedagem<\/h2>\n<p>&nbsp;<\/p>\n<p><strong><a href=\"http:\/\/www.atlanticahotels.com.br\/hotel\/vitoria\/comfort-suites-vitoria\" target=\"_blank\">Comfort Suites Vit\u00f3ria<\/a><\/strong><\/p>\n<ul>\n<li>Endere\u00e7o: Avenida Saturnino de Brito, 1327, Praia do Canto, Vit\u00f3ria &#8211; ES.<\/li>\n<li>Telefone: (27) 3183-2500.<\/li>\n<\/ul>\n<p><strong><a href=\"http:\/\/www.accorhotels.com\/pt-br\/hotel-7220-ibis-budget-vitoria\/index.shtml\" target=\"_blank\">Ibis Budget Reta da Penha<\/a><\/strong><\/p>\n<ul>\n<li>Endere\u00e7o: Av. Nossa Sra. da Penha, 1993, Santa Lucia, Vit\u00f3ria\u00a0&#8211; ES.<\/li>\n<li>Telefone: (27) 3205-6155.<\/li>\n<\/ul>\n<p><strong><a href=\"http:\/\/www.atlanticahotels.com.br\/hotel\/vitoria\/sleep-inn-vitoria\" target=\"_blank\">Sleep Inn Vit\u00f3ria<\/a><\/strong><\/p>\n<ul>\n<li>Endere\u00e7o: Av. Nossa Sra. da Penha, 1212, Praia do Canto, Vit\u00f3ria &#8211; ES.<\/li>\n<li>Telefone: (27) 3194-4450.<\/li>\n<\/ul>\n<p><strong><a href=\"http:\/\/www.bristolhotels.com.br\/easy-lapa-reta-penha\/hotel-overview.html\" target=\"_blank\">Bristol Easy &#8211; Reta da Penha<\/a><\/strong><\/p>\n<ul>\n<li>Endere\u00e7o: Av. Nossa Sra. da Penha, 2656,\u00a0Santa Luiza, Vit\u00f3ria &#8211; ES.<\/li>\n<li>Telefone: (27) 3421-3100.<\/li>\n<\/ul>\n<p><strong><a href=\"http:\/\/www.accorhotels.com\/pt\/hotel-5223-ibis-vitoria-praia-do-canto\/index.shtml\" target=\"_blank\">Ibis Vit\u00f3ria Praia do Canto<\/a><\/strong><\/p>\n<ul>\n<li>Endere\u00e7o: R. Joao da Cruz, 385,\u00a0Praia do Canto, Vitoria\u00a0&#8211; ES.<\/li>\n<li>Telefone: (27) 2104-4850.<\/li>\n<\/ul>\n<p><strong><a href=\"http:\/\/www.bristolhotels.com.br\/praia-do-canto-hotel\/hotel-overview.html\" target=\"_blank\">Bristol Praia do Canto<\/a><\/strong><\/p>\n<ul>\n<li>Endere\u00e7o: Av. Saturnino de Brito, 1075,\u00a0Praia Canto, Vit\u00f3ria &#8211; ES.<\/li>\n<li>Telefone: (27) 3334-9494.<\/li>\n<\/ul>\n<p><strong><a href=\"http:\/\/www.goldentulipportovitoria.com\" target=\"_blank\">Golden Tulip Porto Vit\u00f3ria<\/a><\/strong><\/p>\n<ul>\n<li>Endere\u00e7o: Av. Nossa Sra. dos Navegantes, 635,\u00a0Enseada do Su\u00e1, Vit\u00f3ria &#8211; ES.<\/li>\n<li>Telefone: (27) 3533-1300.<\/li>\n<\/ul>\n<p><strong><a href=\"http:\/\/www.sheratonvitoria.com.br\" target=\"_blank\">Sheraton Vit\u00f3ria<\/a><\/strong><\/p>\n<ul>\n<li>Endere\u00e7o: Av. Saturnino de Brito, 217,\u00a0Santa Helena, Vit\u00f3ria &#8211; ES.<\/li>\n<li>Telefone: (27) 2125-8000.<\/li>\n<\/ul>\n<p><strong><a href=\"http:\/\/www.mercure.com\/pt-br\/hotel-5472-mercure-vitoria-hotel\/index.shtml\" target=\"_blank\">Mercure Vit\u00f3ria Hotel<\/a><\/strong><\/p>\n<ul>\n<li>Endere\u00e7o: R. Aleixo Netto, 1385,\u00a0Praia do Canto, Vit\u00f3ria &#8211; ES.<\/li>\n<li>Telefone: (27) 3183-6000.<\/li>\n<\/ul>\n<p>&nbsp;<\/p>\n<h2 class=\"western\">Alimenta\u00e7\u00e3o<\/h2>\n<p>&nbsp;<\/p>\n<p><strong>Restaurante Pioneiro<\/strong><\/p>\n<ul>\n<li>Endere\u00e7o: Av. Paulino Muller, 815 &#8211; Jucutuquara, Vit\u00f3ria &#8211; ES, 29040-715<\/li>\n<li>Telefone: (27) 3222-0612<\/li>\n<\/ul>\n<p><strong>Carlitos Restaurante<\/strong><\/p>\n<ul>\n<li>Endere\u00e7o: Av. Paulino Muller, 981 &#8211; Jucutuquara, Vit\u00f3ria &#8211; ES, 29040-715<\/li>\n<li>Telefone: (27) 3222-5731<\/li>\n<\/ul>\n<p><strong>Madrecita Deliceria<\/strong><\/p>\n<ul>\n<li>Endere\u00e7o: Av. Paulino M\u00fcller, 976 &#8211; Jucutuquara, Vit\u00f3ria &#8211; ES, 29040-715<\/li>\n<li>Telefone: (27) 3232-0400<\/li>\n<\/ul>\n<p><strong>Restaurante Bangal\u00f4<\/strong><\/p>\n<ul>\n<li>Endere\u00e7o: Av. Paulino Muller, 162 &#8211; Ilha de Santa Maria, Vit\u00f3ria &#8211; ES, 29051-035<\/li>\n<li>Telefone: (27) 3223-0477<\/li>\n<\/ul>\n<p><strong>Restaurante Maravilha<\/strong><\/p>\n<ul>\n<li>Endere\u00e7o: Av. Jo\u00e3o Santos Filho, 461 &#8211; Ilha de Santa Maria, Vit\u00f3ria &#8211; ES, 29051-147<\/li>\n<li>Telefone: (27) 3222-0290<\/li>\n<\/ul>\n<p><strong>Sabor da Ilha<\/strong><\/p>\n<ul>\n<li>Endere\u00e7o: Av. Carlos Moreira Lima, 1273 &#8211; Monte Belo, Vit\u00f3ria &#8211; ES, 29053-365<\/li>\n<li>Telefone: (27) 3084-7177<\/li>\n<\/ul>\n<p><strong>Mister Cook<\/strong><\/p>\n<ul>\n<li>Endere\u00e7o: R. Chafic Murad, 990, Vit\u00f3ria &#8211; ES, 29050-660<\/li>\n<li>Telefone: (27) 3223-8607<\/li>\n<\/ul>\n<p><strong>Lanchonete Gourmet &amp;Cia<\/strong><\/p>\n<ul>\n<li>Endere\u00e7o: Av. Mal. Mascarenhas de Moraes &#8211; Bento Ferreira, Vit\u00f3ria &#8211; ES, 29052-121<\/li>\n<li>Telefone: (27) 3225-3146<\/li>\n<\/ul>\n<p><strong>Subway<\/strong><\/p>\n<ul>\n<li>Endere\u00e7o: Avenida Vit\u00f3ria, 1980, Loja 1, Vit\u00f3ria &#8211; ES<\/li>\n<\/ul>\n<p><strong>Horto Mercado<\/strong><\/p>\n<ul>\n<li>Endere\u00e7o: R. Lic\u00ednio dos Santos Conte, 51 &#8211; Enseada do Su\u00e1, Vit\u00f3ria &#8211; ES, 29050-333<\/li>\n<li>Telefone: (27) 3235-7556<\/li>\n<\/ul>\n<p><strong>Restaurante La Salsa<\/strong><\/p>\n<ul>\n<li>Endere\u00e7o: R. Madeira de Freitas, 76 &#8211; Praia do Canto, Vit\u00f3ria &#8211; ES, 29055-320<\/li>\n<li>Telefone: (27) 3315-7511<\/li>\n<\/ul>\n<p>&nbsp;<\/p>\n<h2><\/h2>\n<p>&nbsp;<\/p>\n<h2>Como chegar?<\/h2>\n<h4><\/h4>\n<h4>Pontos de taxi<\/h4>\n<p>Acesse a p\u00e1gina da Prefeitura de Vit\u00f3ria onde possuem os <a href=\"http:\/\/www.vitoria.es.gov.br\/cidade\/taxis\" target=\"_blank\">Endere\u00e7os e Telefones dos Pontos de Taxi da Capital<\/a><\/p>\n<p>&nbsp;<\/p>\n<h4>Download de Aplicativo<\/h4>\n<p><a href=\"https:\/\/meudestinoapp.com\/\" target=\"_blank\">Meu Destino Vix &#8211; Aplicativo de \u00d4nibus e Tr\u00e2nsito do ES<\/a><\/p>\n<p>&nbsp;<\/p>\n<h4>\u00d4nibus &#8211; Transcol<\/h4>\n<h5><img loading=\"lazy\" class=\"alignnone wp-image-538 size-full\" src=\"http:\/\/concefor.cefor.ifes.edu.br\/2017\/wp-content\/uploads\/sites\/4\/2016\/07\/mapa_cefor_transcol.jpg\" alt=\"mapa_cefor_transcol\" width=\"867\" height=\"792\" srcset=\"https:\/\/concefor.cefor.ifes.edu.br\/2017\/wp-content\/uploads\/sites\/4\/2016\/07\/mapa_cefor_transcol.jpg 867w, https:\/\/concefor.cefor.ifes.edu.br\/2017\/wp-content\/uploads\/sites\/4\/2016\/07\/mapa_cefor_transcol-300x274.jpg 300w, https:\/\/concefor.cefor.ifes.edu.br\/2017\/wp-content\/uploads\/sites\/4\/2016\/07\/mapa_cefor_transcol-768x702.jpg 768w\" sizes=\"(max-width: 867px) 100vw, 867px\" \/><\/h5>\n<h5>Ponto em frente ao IFES (Ambos os sentidos):<\/h5>\n<ul>\n<li>500 &#8211; T. Vila Velha \/ T. Itacib\u00e1 (Via 3\u00aa Ponte)<\/li>\n<li>503 &#8211; T. Laranjeiras \/ T. Vila Velha<\/li>\n<li>504 &#8211; T. Laranjeiras \/ T. Itacib\u00e1<\/li>\n<li>509 &#8211; T. Carapina \/ T. Campo Grande (Via T. Jardim Am\u00e9rica)<\/li>\n<li>517 &#8211; T. Laranjeiras \/ Rodovi\u00e1ria (Expresso)<\/li>\n<li>519 &#8211; T. Carapina \/ T. Ibes (Expresso)<\/li>\n<li>559 &#8211; T. Laranjeiras \/ T. S\u00e3o Torquato<\/li>\n<li>562 &#8211; T. Laranjeiras \/ T. Campo Grande<\/li>\n<li>573 &#8211; T. Carapina \/ T. S\u00e3o Torquato<\/li>\n<li>591 &#8211; Serra \/ T. Campo Grande<\/li>\n<li>597 &#8211; Andr\u00e9 Carloni \/ T. S\u00e3o Torquato<\/li>\n<\/ul>\n<h5>Ponto perto do CEFOR (Av. Paulino Muller \/ lateral ao CEFOR \/ Ambos os sentidos)<\/h5>\n<ul>\n<li>506 &#8211; T. Laranjeiras \/ T. Itacib\u00e1 \/ T. Jardim Am\u00e9rica (Via Maru\u00edpe)<\/li>\n<li>516 &#8211; T. Jacara\u00edpe \/ T. Ibes (Via T. Carapina \/ Maru\u00edpe \/ T. S\u00e3o Torquato)<\/li>\n<li>531 &#8211; T. Campo Grande \/ T. Vila Velha (Via Maru\u00edpe)<\/li>\n<li>571 &#8211; T. Jardim Am\u00e9rica \/ Pra\u00e7a do Eucalipto (Via Marechal Campos \/ Circular)<\/li>\n<li>575 &#8211; T. Jardim Am\u00e9rica \/ Pra\u00e7a do Eucalipto (Via Marechal Campos \/ Circular)<\/li>\n<\/ul>\n<p>&nbsp;<\/p>\n<h4>\u00d4nibus &#8211; Ponto Vit\u00f3ria<\/h4>\n<p><img loading=\"lazy\" class=\"alignnone size-full wp-image-542\" src=\"http:\/\/concefor.cefor.ifes.edu.br\/2017\/wp-content\/uploads\/sites\/4\/2017\/05\/mapa_cefor_vix.jpg\" alt=\"mapa_cefor_vix\" width=\"867\" height=\"792\" srcset=\"https:\/\/concefor.cefor.ifes.edu.br\/2017\/wp-content\/uploads\/sites\/4\/2017\/05\/mapa_cefor_vix.jpg 867w, https:\/\/concefor.cefor.ifes.edu.br\/2017\/wp-content\/uploads\/sites\/4\/2017\/05\/mapa_cefor_vix-300x274.jpg 300w, https:\/\/concefor.cefor.ifes.edu.br\/2017\/wp-content\/uploads\/sites\/4\/2017\/05\/mapa_cefor_vix-768x702.jpg 768w\" sizes=\"(max-width: 867px) 100vw, 867px\" \/><\/p>\n<h5>Ponto 3014 &#8211; Em frente ao IFES (Av. Vit\u00f3ria \/ Sentido Serra-Vila Velha):<\/h5>\n<ul>\n<li>052 &#8211; Santo Ant\u00f4nio \/ Itarar\u00e9 \/ Consola\u00e7\u00e3o;<\/li>\n<li>071 &#8211; S\u00e3o Pedro \/ Maru\u00edpe \/ Centro (Circular);<\/li>\n<li>101 &#8211; Praia do Canto \/ Rodovi\u00e1ria (Via Ilha do Pr\u00edncipe);<\/li>\n<li>103 &#8211; M\u00e1rio Cypreste \/ Jardim Camburi (Via Carato\u00edra);<\/li>\n<li>105 &#8211; Curva da Jurema \/ Cruzamento (Via Rom\u00e3o);<\/li>\n<li>110 &#8211; Estrelinha \/ Jardim Camburi (Via Reta da Penha);<\/li>\n<li>111 &#8211; Bairro Moscoso \/ Atl\u00e2ntica Ville (Via Av. Vit\u00f3ria);<\/li>\n<li>112 &#8211; Maria Ortiz \/ Rodovi\u00e1ria (Via Av. Vit\u00f3ria);<\/li>\n<li>121 &#8211; M\u00e1rio Cypreste \/ Jardim Camburi (Via Reta da Penha);<\/li>\n<li>122 &#8211; Aeroporto \/ Rodovi\u00e1ria (Via Av. Vit\u00f3ria);<\/li>\n<li>123 &#8211; Bairro Rep\u00fablica \/ Bela Vista (Via Reta da Penha);<\/li>\n<li>124 &#8211; Jardim da Penha \/ Estrelinha (Via Reta da Penha);<\/li>\n<li>125 &#8211; Alto Tabuazeiro \/ Fonte Grande (Via Reta da Penha);<\/li>\n<li>130 &#8211; Resist\u00eancia \/ Jardim da Penha (Via Marechal Campos);<\/li>\n<li>151 &#8211; Santa Marta \/ Rodovi\u00e1ria (Via Av. Vit\u00f3ria);<\/li>\n<li>164 &#8211; M\u00e1rio Cypreste \/ Jardim Camburi (Via Marechal Campos);<\/li>\n<li>181 &#8211; Grande Vit\u00f3ria \/ Tabuazeiro (Via Bairro Universit\u00e1rio);<\/li>\n<li>182 &#8211; M\u00e1rio Cypreste \/ Bairro da Penha (Via Alagoano);<\/li>\n<li>184 &#8211; Jardim da Penha \/ Rodovi\u00e1ria (Via Av. Maru\u00edpe);<\/li>\n<li>204 &#8211; M\u00e1rio Cypreste \/ Jaburu (Via Shopping Vit\u00f3ria &#8211; Circular);<\/li>\n<li>333 &#8211; Ilha das Caieiras \/ Praia do Su\u00e1 (Via Jucutuquara).<\/li>\n<\/ul>\n<h5>Ponto 3013 &#8211; Em frente ao IFES (Av. Vit\u00f3ria \/ Sentido Vila Velha-Serra):<\/h5>\n<ul>\n<li>051 &#8211; Santo Ant\u00f4nio \/ Consola\u00e7\u00e3o \/ Itarar\u00e9;<\/li>\n<li>072 &#8211; S\u00e3o Pedro \/ Centro \/ Maru\u00edpe (Circular);<\/li>\n<li>101 &#8211; Praia do Canto \/ Rodovi\u00e1ria (Via Ilha do Pr\u00edncipe);<\/li>\n<li>103 &#8211; M\u00e1rio Cypreste \/ Jardim Camburi (Via Carato\u00edra);<\/li>\n<li>105 &#8211; Curva da Jurema \/ Cruzamento (Via Rom\u00e3o);<\/li>\n<li>110 &#8211; Estrelinha \/ Jardim Camburi (Via Reta da Penha);<\/li>\n<li>111 &#8211; Bairro Moscoso \/ Atl\u00e2ntica Ville (Via Av. Vit\u00f3ria);<\/li>\n<li>112 &#8211; Maria Ortiz \/ Rodovi\u00e1ria (Via Av. Vit\u00f3ria);<\/li>\n<li>121 &#8211; M\u00e1rio Cypreste \/ Jardim Camburi (Via Reta da Penha);<\/li>\n<li>122 &#8211; Aeroporto \/ Rodovi\u00e1ria (Via Av. Vit\u00f3ria);<\/li>\n<li>123 &#8211; Bairro Rep\u00fablica \/ Bela Vista (Via Reta da Penha);<\/li>\n<li>124 &#8211; Jardim da Penha \/ Estrelinha (Via Reta da Penha);<\/li>\n<li>125 &#8211; Alto Tabuazeiro \/ Fonte Grande (Via Reta da Penha);<\/li>\n<li>130 &#8211; Resist\u00eancia \/ Jardim da Penha (Via Marechal Campos);<\/li>\n<li>151 &#8211; Santa Marta \/ Rodovi\u00e1ria (Via Av. Vit\u00f3ria);<\/li>\n<li>164 &#8211; M\u00e1rio Cypreste \/ Jardim Camburi (Via Marechal Campos);<\/li>\n<li>181 &#8211; Grande Vit\u00f3ria \/ Tabuazeiro (Via Bairro Universit\u00e1rio);<\/li>\n<li>182 &#8211; M\u00e1rio Cypreste \/ Bairro da Penha (Via Alagoano);<\/li>\n<li>184 &#8211; Jardim da Penha \/ Rodovi\u00e1ria (Via Av. Maru\u00edpe);<\/li>\n<li>331 &#8211; Ilha das Caieiras \/ Praia do Su\u00e1 (Via Shopping Vit\u00f3ria).<\/li>\n<\/ul>\n<h5>Ponto 3143 &#8211; Lateral do IFES (Av. Alberto Torres):<\/h5>\n<ul>\n<li>333 &#8211; Ilha das Caieiras \/ Praia do Su\u00e1 (Via Jucutuquara).<\/li>\n<\/ul>\n<h5>Ponto 3026 &#8211; Ponto perto do CEFOR (Av. Paulino Muller \/ lateral ao CEFOR \/ Sentido para Maru\u00edpe):<\/h5>\n<ul>\n<li>010 &#8211; Nova Palestina \/ Fradinhos (Via Av. Vit\u00f3ria);<\/li>\n<li>010A &#8211; Nova Palestina \/ Fradinhos (Via Ilha das Caieiras);<\/li>\n<li>073N &#8211; Tabuazeiro \/ Shopping Vit\u00f3ria (Via Reta da Penha &#8211; Norte);<\/li>\n<li>104 &#8211; Santos Dumont \/ Bela Vista (Via Morro do Quadro);<\/li>\n<li>160 &#8211; Jardim Camburi \/ Rodovi\u00e1ria (Via Av. Maru\u00edpe);<\/li>\n<li>161 &#8211; M\u00e1rio Cypreste \/ Jardim Camburi (Via Maru\u00edpe);<\/li>\n<li>163 &#8211; Aeroporto \/ Parque Moscoso (Via Maria Ortiz);<\/li>\n<li>171 &#8211; M\u00e1rio Cypreste \/ Joana D\u2019Arc;<\/li>\n<li>172 &#8211; M\u00e1rio Cypreste \/ Itarar\u00e9;<\/li>\n<li>173 &#8211; Tabuazeiro \/ Rodovi\u00e1ria;<\/li>\n<li>175 &#8211; Resist\u00eancia \/ Rodovi\u00e1ria;<\/li>\n<\/ul>\n<h5>Ponto 3027 &#8211; Ponto perto do CEFOR (Av. Paulino Muller \/ lateral ao CEFOR \/ Em frente \u00e0 Igreja S\u00e3o Sebasti\u00e3o \/ Sentido saindo de Maru\u00edpe):<\/h5>\n<ul>\n<li>010 &#8211; Nova Palestina \/ Fradinhos (Via Av. Vit\u00f3ria);<\/li>\n<li>010A &#8211; Nova Palestina \/ Fradinhos (Via Ilha das Caieiras);<\/li>\n<li>073S &#8211; Tabuazeiro \/ Shopping Vit\u00f3ria (Via Jucutuquara &#8211; Sul);<\/li>\n<li>074 &#8211; S\u00e3o Crist\u00f3v\u00e3o \/ Bairro da Penha (Circular);<\/li>\n<li>104 &#8211; Santos Dumont \/ Bela Vista (Via Morro do Quadro);<\/li>\n<li>160 &#8211; Jardim Camburi \/ Rodovi\u00e1ria (Via Av. Maru\u00edpe);<\/li>\n<li>161 &#8211; M\u00e1rio Cypreste \/ Jardim Camburi (Via Maru\u00edpe);<\/li>\n<li>163 &#8211; Aeroporto \/ Parque Moscoso (Via Maria Ortiz);<\/li>\n<li>171 &#8211; M\u00e1rio Cypreste \/ Joana D\u2019Arc;<\/li>\n<li>172 &#8211; M\u00e1rio Cypreste \/ Itarar\u00e9;<\/li>\n<li>173 &#8211; Tabuazeiro \/ Rodovi\u00e1ria;<\/li>\n<li>175 &#8211; Resist\u00eancia \/ Rodovi\u00e1ria;<\/li>\n<li>333 &#8211; Ilha das Caieiras \/ Praia do Su\u00e1 (Via Jucutuquara).<\/li>\n<\/ul>\n","protected":false},"excerpt":{"rendered":"<p>Hospedagem &nbsp; Comfort Suites Vit\u00f3ria Endere\u00e7o: Avenida Saturnino de Brito, 1327, Praia do Canto, Vit\u00f3ria &#8211; ES. Telefone: (27) 3183-2500. Ibis Budget Reta da Penha Endere\u00e7o: Av. Nossa Sra. da Penha, 1993, Santa Lucia, Vit\u00f3ria\u00a0&#8211; ES. Telefone: (27) 3205-6155. Sleep <a class=\"more-link\" href=\"https:\/\/concefor.cefor.ifes.edu.br\/2017\/servicos\/\">Leia mais&#8230; &raquo;<\/a><\/p>\n","protected":false},"author":1,"featured_media":0,"parent":0,"menu_order":0,"comment_status":"closed","ping_status":"closed","template":"","meta":[],"_links":{"self":[{"href":"https:\/\/concefor.cefor.ifes.edu.br\/2017\/wp-json\/wp\/v2\/pages\/345"}],"collection":[{"href":"https:\/\/concefor.cefor.ifes.edu.br\/2017\/wp-json\/wp\/v2\/pages"}],"about":[{"href":"https:\/\/concefor.cefor.ifes.edu.br\/2017\/wp-json\/wp\/v2\/types\/page"}],"author":[{"embeddable":true,"href":"https:\/\/concefor.cefor.ifes.edu.br\/2017\/wp-json\/wp\/v2\/users\/1"}],"replies":[{"embeddable":true,"href":"https:\/\/concefor.cefor.ifes.edu.br\/2017\/wp-json\/wp\/v2\/comments?post=345"}],"version-history":[{"count":0,"href":"https:\/\/concefor.cefor.ifes.edu.br\/2017\/wp-json\/wp\/v2\/pages\/345\/revisions"}],"wp:attachment":[{"href":"https:\/\/concefor.cefor.ifes.edu.br\/2017\/wp-json\/wp\/v2\/media?parent=345"}],"curies":[{"name":"wp","href":"https:\/\/api.w.org\/{rel}","templated":true}]}}