{"id":28,"date":"2016-04-12T13:37:08","date_gmt":"2016-04-12T13:37:08","guid":{"rendered":"http:\/\/concefor.cefor.ifes.edu.br\/?page_id=28"},"modified":"2016-04-12T13:37:08","modified_gmt":"2016-04-12T13:37:08","slug":"localizacao","status":"publish","type":"page","link":"https:\/\/concefor.cefor.ifes.edu.br\/2017\/localizacao\/","title":{"rendered":"A Cidade"},"content":{"rendered":"<p>&nbsp;<\/p>\n<h4 style=\"text-align: justify\">Centro Hist\u00f3rico de Vit\u00f3ria<\/h4>\n<div id=\"attachment_256\" style=\"width: 810px\" class=\"wp-caption alignnone\"><img aria-describedby=\"caption-attachment-256\" loading=\"lazy\" class=\"wp-image-256\" src=\"http:\/\/concefor.cefor.ifes.edu.br\/2017\/wp-content\/uploads\/sites\/4\/2016\/04\/Pala\u0301cio-Anchieta-eurritimia-1.jpg\" alt=\"Pala\u0301cio Anchieta eurritimia (1)\" width=\"800\" height=\"600\" srcset=\"https:\/\/concefor.cefor.ifes.edu.br\/2017\/wp-content\/uploads\/sites\/4\/2016\/04\/Pala\u0301cio-Anchieta-eurritimia-1.jpg 1200w, https:\/\/concefor.cefor.ifes.edu.br\/2017\/wp-content\/uploads\/sites\/4\/2016\/04\/Pala\u0301cio-Anchieta-eurritimia-1-300x225.jpg 300w, https:\/\/concefor.cefor.ifes.edu.br\/2017\/wp-content\/uploads\/sites\/4\/2016\/04\/Pala\u0301cio-Anchieta-eurritimia-1-768x576.jpg 768w, https:\/\/concefor.cefor.ifes.edu.br\/2017\/wp-content\/uploads\/sites\/4\/2016\/04\/Pala\u0301cio-Anchieta-eurritimia-1-1024x768.jpg 1024w\" sizes=\"(max-width: 800px) 100vw, 800px\" \/><p id=\"caption-attachment-256\" class=\"wp-caption-text\">Pal\u00e1cio Anchieta. Foto: eurritimia.<\/p><\/div>\n<p class=\"western\" style=\"text-align: justify\" align=\"JUSTIFY\"><span style=\"font-family: Arial, sans-serif\"><span style=\"font-size: small\">Vit\u00f3ria foi fundada em 1551 e tem um centro hist\u00f3rico onde os tr\u00eas pontos tur\u00edsticos mais visitados s\u00e3o a Catedral Metropolitana, o Theatro Carlos Gomes e o Pal\u00e1cio Anchieta \u2013 uma das sedes do governo.<\/span><\/span><\/p>\n<h5 style=\"text-align: justify\"><span style=\"font-family: Arial, sans-serif\"><span style=\"font-size: small\"><strong>Theatro Carlos Gomes<\/strong><\/span><\/span><\/h5>\n<ul>\n<li style=\"text-align: justify\"><span style=\"font-family: Arial, sans-serif\"><span style=\"font-size: small\">Endere\u00e7o: Pra\u00e7a Costa Pereira, Centro, Vit\u00f3ria \u2013 ES.<\/span><\/span><\/li>\n<li style=\"text-align: justify\"><span style=\"font-family: Arial, sans-serif\"><span style=\"font-size: small\">Hor\u00e1rio de funcionamento: diariamente, das 8 \u00e0s 17 horas.<\/span><\/span><\/li>\n<li style=\"text-align: justify\"><span style=\"font-family: Arial, sans-serif\"><span style=\"font-size: small\">Telefones: (27) 3132-8396 e 3322-6418.<\/span><\/span><\/li>\n<\/ul>\n<h5 style=\"text-align: justify\"><strong><span style=\"font-family: Arial, sans-serif\"><span style=\"font-size: small\">Pal\u00e1cio Anchieta<\/span><\/span><\/strong><\/h5>\n<ul>\n<li style=\"text-align: justify\"><span style=\"font-family: Arial, sans-serif\"><span style=\"font-size: small\">Endere\u00e7o: Pra\u00e7a Jo\u00e3o Cl\u00edmaco, s\/n, Cidade Alta, Centro, Vit\u00f3ria \u2013 ES.<\/span><\/span><\/li>\n<li style=\"text-align: justify\"><span style=\"font-family: Arial, sans-serif\"><span style=\"font-size: small\">Telefone: (27) 3636-1210.<\/span><\/span><\/li>\n<\/ul>\n<h5 class=\"western\" style=\"text-align: justify\"><strong><span style=\"font-family: Arial, sans-serif\"><span style=\"font-size: small\">Catedral Metropolitana<\/span><\/span><\/strong><\/h5>\n<ul>\n<li style=\"text-align: justify\"><span style=\"font-family: Arial, sans-serif\"><span style=\"font-size: small\">Endere\u00e7o: Pra\u00e7a Luiz Scortegagna, s\/n\u00ba &#8211; Centro, Vit\u00f3ria \u2013 ES.<\/span><\/span><\/li>\n<li style=\"text-align: justify\"><span style=\"font-family: Arial, sans-serif\"><span style=\"font-size: small\">Telefone:(27) 3223-0590<\/span><\/span><\/li>\n<\/ul>\n<p>&nbsp;<\/p>\n<h4 class=\"western\" style=\"text-align: justify\" align=\"JUSTIFY\">Pra\u00e7a dos Namorados<\/h4>\n<div id=\"attachment_250\" style=\"width: 810px\" class=\"wp-caption alignnone\"><img aria-describedby=\"caption-attachment-250\" loading=\"lazy\" class=\"wp-image-250\" src=\"http:\/\/concefor.cefor.ifes.edu.br\/2017\/wp-content\/uploads\/sites\/4\/2016\/05\/Prac\u0327a-dos-Namorados-Tedd-Santana.jpg\" alt=\"Prac\u0327a dos Namorados\" width=\"800\" height=\"592\" srcset=\"https:\/\/concefor.cefor.ifes.edu.br\/2017\/wp-content\/uploads\/sites\/4\/2016\/05\/Prac\u0327a-dos-Namorados-Tedd-Santana.jpg 1200w, https:\/\/concefor.cefor.ifes.edu.br\/2017\/wp-content\/uploads\/sites\/4\/2016\/05\/Prac\u0327a-dos-Namorados-Tedd-Santana-300x222.jpg 300w, https:\/\/concefor.cefor.ifes.edu.br\/2017\/wp-content\/uploads\/sites\/4\/2016\/05\/Prac\u0327a-dos-Namorados-Tedd-Santana-768x568.jpg 768w, https:\/\/concefor.cefor.ifes.edu.br\/2017\/wp-content\/uploads\/sites\/4\/2016\/05\/Prac\u0327a-dos-Namorados-Tedd-Santana-1024x758.jpg 1024w\" sizes=\"(max-width: 800px) 100vw, 800px\" \/><p id=\"caption-attachment-250\" class=\"wp-caption-text\">Pra\u00e7a dos Namorados. Foto: Tedd Santana.<\/p><\/div>\n<p class=\"western\" style=\"text-align: justify\" align=\"JUSTIFY\"><span style=\"font-family: Arial, sans-serif\"><span style=\"font-size: small\">Na regi\u00e3o entre os bairros Praia do Canto e Enseada do Su\u00e1, est\u00e1 uma das \u00e1reas de lazer mais movimentadas de Vit\u00f3ria. Diariamente, a Pra\u00e7a dos Namorados, localizada em frente \u00e0 marina do Iate Clube do Esp\u00edrito Santo, recebe moradores das redondezas e turistas que aproveitam para praticar esportes e apreciar a bela vista.<\/span><\/span><\/p>\n<p class=\"western\" style=\"text-align: justify\" align=\"JUSTIFY\"><span style=\"font-family: Arial, sans-serif\"><span style=\"font-size: small\">Nos finais de semana, abriga a Feira de Artesanato Artes na Pra\u00e7a, que oferece artesanatos e comidas t\u00edpicas. Com mais de 20 anos de tradi\u00e7\u00e3o, a feira conta com 194 expositores, sendo 145 de artesanato e brinquedos de divers\u00e3o e 49 na \u00e1rea de alimenta\u00e7\u00e3o (PMV, 2016).<\/span><\/span><\/p>\n<p style=\"text-align: justify\"><span style=\"font-family: Arial, sans-serif\"><span style=\"font-size: small\">Endere\u00e7o: Avenida Nossa Senhora dos Navegantes, s\/n, Praia do Canto <\/span><\/span><\/p>\n<p>&nbsp;<\/p>\n<h4 class=\"western\" style=\"text-align: justify\" align=\"JUSTIFY\">Parque Bot\u00e2nico da Vale<\/h4>\n<div id=\"attachment_246\" style=\"width: 810px\" class=\"wp-caption alignnone\"><img aria-describedby=\"caption-attachment-246\" loading=\"lazy\" class=\"wp-image-246\" src=\"http:\/\/concefor.cefor.ifes.edu.br\/2017\/wp-content\/uploads\/sites\/4\/2016\/05\/Roger-Fukuda-Parque-botanico-da-vale.jpg\" alt=\"Parque Bot\u00e2nico da Vale\" width=\"800\" height=\"600\" srcset=\"https:\/\/concefor.cefor.ifes.edu.br\/2017\/wp-content\/uploads\/sites\/4\/2016\/05\/Roger-Fukuda-Parque-botanico-da-vale.jpg 1280w, https:\/\/concefor.cefor.ifes.edu.br\/2017\/wp-content\/uploads\/sites\/4\/2016\/05\/Roger-Fukuda-Parque-botanico-da-vale-300x225.jpg 300w, https:\/\/concefor.cefor.ifes.edu.br\/2017\/wp-content\/uploads\/sites\/4\/2016\/05\/Roger-Fukuda-Parque-botanico-da-vale-768x576.jpg 768w, https:\/\/concefor.cefor.ifes.edu.br\/2017\/wp-content\/uploads\/sites\/4\/2016\/05\/Roger-Fukuda-Parque-botanico-da-vale-1024x768.jpg 1024w\" sizes=\"(max-width: 800px) 100vw, 800px\" \/><p id=\"caption-attachment-246\" class=\"wp-caption-text\">Parque Bot\u00e2nico da Vale. Foto: Roger Fukuda.<\/p><\/div>\n<p class=\"western\" style=\"text-align: justify\"><span style=\"font-family: Arial, sans-serif\"><span style=\"font-size: small\">O Parque Bot\u00e2nico Vale em Vit\u00f3ria tem 33 hectares de \u00e1rea \u2013 o equivalente a 33 campos de futebol. Parte do Cintur\u00e3o Verde da Vale \u00e9 um espa\u00e7o de lazer e, principalmente, uma unidade de conserva\u00e7\u00e3o da Mata Atl\u00e2ntica, uma das mais importantes florestas do pa\u00eds.<\/span><\/span><\/p>\n<p class=\"western\" style=\"text-align: justify\"><span style=\"color: #000000\"><span style=\"font-family: Arial, sans-serif\"><span style=\"font-size: small\">O parque abriga mais de 140 esp\u00e9cies de \u00e1rvores, tais como pau-brasil, jacarand\u00e1 e ip\u00ea, al\u00e9m de animais silvestres, como caticocos, gamb\u00e1s, saguis e v\u00e1rias esp\u00e9cies de aves que podem ser vistas em cinco trilhas ecol\u00f3gicas dispon\u00edveis para os visitantes.<\/span><\/span><\/span><\/p>\n<p class=\"western\" style=\"text-align: justify\"><span style=\"color: #000000\"><span style=\"font-family: Arial, sans-serif\"><span style=\"font-size: small\">Hor\u00e1rio de funcionamento: Visita\u00e7\u00e3o de ter\u00e7a a domingo, das 8h \u00e0s 17h. Entrada gratuita.<br \/>\nAvenida dos Expedicion\u00e1rios, s\/n &#8211; Jardim Camburi \u2013 Vit\u00f3ria\/ES<br \/>\nInforma\u00e7\u00f5es e agendamentos: (27) 3333-6200<\/span><\/span><\/span><\/p>\n<p class=\"western\" style=\"text-align: justify\"><span style=\"color: #000000\"><span style=\"font-family: Arial, sans-serif\"><span style=\"font-size: small\">Fonte: http:\/\/www.vale.com\/brasil\/PT\/initiatives\/environmental-social\/botanic-park-v\/Paginas\/default.aspx<\/span><\/span><\/span><\/p>\n<p>&nbsp;<\/p>\n<h4 class=\"western\" style=\"text-align: justify\">Parque Pedra da Cebola<\/h4>\n<div id=\"attachment_263\" style=\"width: 810px\" class=\"wp-caption alignnone\"><img aria-describedby=\"caption-attachment-263\" loading=\"lazy\" class=\"wp-image-263\" src=\"http:\/\/concefor.cefor.ifes.edu.br\/2017\/wp-content\/uploads\/sites\/4\/2016\/04\/Parque-Pedra-da-Cebola-Gabriel-de-Andrade-Fernandes-1.jpg\" alt=\"Parque Pedra da Cebola - Gabriel de Andrade Fernandes (1)\" width=\"800\" height=\"685\" srcset=\"https:\/\/concefor.cefor.ifes.edu.br\/2017\/wp-content\/uploads\/sites\/4\/2016\/04\/Parque-Pedra-da-Cebola-Gabriel-de-Andrade-Fernandes-1.jpg 2200w, https:\/\/concefor.cefor.ifes.edu.br\/2017\/wp-content\/uploads\/sites\/4\/2016\/04\/Parque-Pedra-da-Cebola-Gabriel-de-Andrade-Fernandes-1-300x257.jpg 300w, https:\/\/concefor.cefor.ifes.edu.br\/2017\/wp-content\/uploads\/sites\/4\/2016\/04\/Parque-Pedra-da-Cebola-Gabriel-de-Andrade-Fernandes-1-768x658.jpg 768w, https:\/\/concefor.cefor.ifes.edu.br\/2017\/wp-content\/uploads\/sites\/4\/2016\/04\/Parque-Pedra-da-Cebola-Gabriel-de-Andrade-Fernandes-1-1024x877.jpg 1024w\" sizes=\"(max-width: 800px) 100vw, 800px\" \/><p id=\"caption-attachment-263\" class=\"wp-caption-text\">Parque Pedra da Cebolo. Foto: Gabriel de Andrade Fernandes.<\/p><\/div>\n<p class=\"western\" style=\"text-align: justify\"><b><\/b><span style=\"font-family: Arial, sans-serif\"><span style=\"font-size: small\">Um parque que virou cart\u00e3o-postal do Esp\u00edrito Santo por ter uma pedra em formato de cebola. \u00c0 noite, essa pedra recebe uma ilumina\u00e7\u00e3o especial, deixando o lugar ainda mais bonito. O parque \u00e9 \u00f3timo tamb\u00e9m para um passeio com crian\u00e7as, pois tem uma fazendinha, aves e bastante espa\u00e7o verde.<\/span><\/span><\/p>\n<p class=\"western\" style=\"text-align: justify\"><span style=\"color: #000000\"><span style=\"font-family: Arial, sans-serif\"><span style=\"font-size: small\">O Parque Pedra da Cebola est\u00e1 localizado entre os bairros Jardim da Penha e Mata da Praia, na zona continental do munic\u00edpio.<\/span><\/span><\/span><\/p>\n<p style=\"text-align: justify\"><span style=\"font-family: Arial, sans-serif\"><span style=\"font-size: small\">Endere\u00e7o: R. Ana Vi\u00eaira Mafra, s\/n &#8211; Mata da Praia, Vit\u00f3ria &#8211; ES, 29066-010<br \/>\nHor\u00e1rio: Aberto de ter\u00e7a a domingo \u00b7 05:00\u201322:00<br \/>\nTelefone: (27) 3327-4353<\/span><\/span><\/p>\n<p>&nbsp;<\/p>\n<h4 class=\"western\" style=\"text-align: justify\" align=\"JUSTIFY\">Praia de Camburi<\/h4>\n<div id=\"attachment_247\" style=\"width: 810px\" class=\"wp-caption alignnone\"><img aria-describedby=\"caption-attachment-247\" loading=\"lazy\" class=\"wp-image-247\" src=\"http:\/\/concefor.cefor.ifes.edu.br\/2017\/wp-content\/uploads\/sites\/4\/2016\/05\/Praia-de-Camburi-Giovanna-Faustini.jpg\" alt=\"Praia de Camburi - Giovanna Faustini\" width=\"800\" height=\"600\" srcset=\"https:\/\/concefor.cefor.ifes.edu.br\/2017\/wp-content\/uploads\/sites\/4\/2016\/05\/Praia-de-Camburi-Giovanna-Faustini.jpg 2048w, https:\/\/concefor.cefor.ifes.edu.br\/2017\/wp-content\/uploads\/sites\/4\/2016\/05\/Praia-de-Camburi-Giovanna-Faustini-300x225.jpg 300w, https:\/\/concefor.cefor.ifes.edu.br\/2017\/wp-content\/uploads\/sites\/4\/2016\/05\/Praia-de-Camburi-Giovanna-Faustini-768x576.jpg 768w, https:\/\/concefor.cefor.ifes.edu.br\/2017\/wp-content\/uploads\/sites\/4\/2016\/05\/Praia-de-Camburi-Giovanna-Faustini-1024x768.jpg 1024w\" sizes=\"(max-width: 800px) 100vw, 800px\" \/><p id=\"caption-attachment-247\" class=\"wp-caption-text\">Praia de Camburi. Foto Giovanna Faustini.<\/p><\/div>\n<p class=\"western\" style=\"text-align: justify\" align=\"JUSTIFY\"><b><\/b><span style=\"font-family: Arial, sans-serif\"><span style=\"font-size: small\">Localizada ao Norte da cidade, Camburi \u00e9 a \u00fanica praia da capital que fica na \u00e1rea continental. Com seis quil\u00f4metros de extens\u00e3o, \u00e9 completamente urbanizada e arborizada. Toda a orla tem boa ilumina\u00e7\u00e3o e, no inicio da praia, h\u00e1 um monumento \u00e0 Iemanj\u00e1. J\u00e1 o mar de Camburi, considerado um dos melhores lugares para velejar no Brasil, \u00e9 excelente para praticar windsurf, kitesurf e passear de veleiro.<\/span><\/span><\/p>\n<p class=\"western\" style=\"text-align: justify\"><span style=\"font-family: Arial, sans-serif\"><span style=\"font-size: small\">O cal\u00e7ad\u00e3o tem uma pista espec\u00edfica para corrida, caminhadas, passeios de bicicleta, skate e patins. Tamb\u00e9m possui uma Academia Popular da Pessoa Idosa.<\/span><\/span><\/p>\n<p class=\"western\" style=\"text-align: justify\"><span style=\"font-family: Arial, sans-serif\"><span style=\"font-size: small\">Quiosques para comercializa\u00e7\u00e3o de comida e bebida e deck de madeira com mesinhas para os clientes tamb\u00e9m podem ser encontrados ao longo do cal\u00e7ad\u00e3o. Uma obra, autorizada pela Secretaria do Patrim\u00f4nio da Uni\u00e3o (SPU), est\u00e1 reformando os quiosques e contempla tamb\u00e9m banheiros de uso p\u00fablico, adequados \u00e0s normas de acessibilidade (PMV, 2016).<\/span><\/span><\/p>\n<p>&nbsp;<\/p>\n<h4 class=\"western\" style=\"text-align: justify\">Curva da Jurema<\/h4>\n<div id=\"attachment_245\" style=\"width: 810px\" class=\"wp-caption alignnone\"><img aria-describedby=\"caption-attachment-245\" loading=\"lazy\" class=\"wp-image-245\" src=\"http:\/\/concefor.cefor.ifes.edu.br\/2017\/wp-content\/uploads\/sites\/4\/2016\/05\/Curva-da-Jurema-Ale\u0302-Borba.jpg\" alt=\"Curva da Jurema\" width=\"800\" height=\"600\" srcset=\"https:\/\/concefor.cefor.ifes.edu.br\/2017\/wp-content\/uploads\/sites\/4\/2016\/05\/Curva-da-Jurema-Ale\u0302-Borba.jpg 2048w, https:\/\/concefor.cefor.ifes.edu.br\/2017\/wp-content\/uploads\/sites\/4\/2016\/05\/Curva-da-Jurema-Ale\u0302-Borba-300x225.jpg 300w, https:\/\/concefor.cefor.ifes.edu.br\/2017\/wp-content\/uploads\/sites\/4\/2016\/05\/Curva-da-Jurema-Ale\u0302-Borba-768x576.jpg 768w, https:\/\/concefor.cefor.ifes.edu.br\/2017\/wp-content\/uploads\/sites\/4\/2016\/05\/Curva-da-Jurema-Ale\u0302-Borba-1024x768.jpg 1024w\" sizes=\"(max-width: 800px) 100vw, 800px\" \/><p id=\"caption-attachment-245\" class=\"wp-caption-text\">Curva da Jurema. Foto: Al\u00ea Borba.<\/p><\/div>\n<p class=\"western\" style=\"text-align: justify\"><b><\/b><span style=\"font-family: Arial, sans-serif\"><span style=\"font-size: small\">O visitante pode admirar a paisagem a partir de um quiosque, onde s\u00e3o servidos petiscos da culin\u00e1ria capixaba.<\/span><\/span><\/p>\n<p class=\"western\" style=\"text-align: justify\"><span style=\"font-family: Arial, sans-serif\"><span style=\"font-size: small\">A praia \u00e9 indicada para a pr\u00e1tica de stand up paddle, ou SUP, esporte no qual se rema de p\u00e9 sobre uma prancha, e passeios de veleiro.<\/span><\/span><\/p>\n<p class=\"western\" style=\"text-align: justify\"><span style=\"font-family: Arial, sans-serif\"><span style=\"font-size: small\">Nas proximidades, a orla se inicia do lado do Iate Clube. Depois, chega-se \u00e0 Pra\u00e7a dos Namorados, \u00e0 Pra\u00e7a dos Desejos e \u00e0s proximidades da ponte que interliga a Ilha de Vit\u00f3ria \u00e0 Ilha do Frade (PMV, 2016).<\/span><\/span><\/p>\n<p>&nbsp;<\/p>\n<h4 class=\"western\" style=\"text-align: justify\">Parque Estadual da Fonte Grande<\/h4>\n<div id=\"attachment_251\" style=\"width: 810px\" class=\"wp-caption alignnone\"><img aria-describedby=\"caption-attachment-251\" loading=\"lazy\" class=\"wp-image-251\" src=\"http:\/\/concefor.cefor.ifes.edu.br\/2017\/wp-content\/uploads\/sites\/4\/2016\/05\/Vista-Parque-da-Fonte-Grande-Tedd-Santana.jpg\" alt=\"\" width=\"800\" height=\"533\" srcset=\"https:\/\/concefor.cefor.ifes.edu.br\/2017\/wp-content\/uploads\/sites\/4\/2016\/05\/Vista-Parque-da-Fonte-Grande-Tedd-Santana.jpg 1200w, https:\/\/concefor.cefor.ifes.edu.br\/2017\/wp-content\/uploads\/sites\/4\/2016\/05\/Vista-Parque-da-Fonte-Grande-Tedd-Santana-300x200.jpg 300w, https:\/\/concefor.cefor.ifes.edu.br\/2017\/wp-content\/uploads\/sites\/4\/2016\/05\/Vista-Parque-da-Fonte-Grande-Tedd-Santana-768x512.jpg 768w, https:\/\/concefor.cefor.ifes.edu.br\/2017\/wp-content\/uploads\/sites\/4\/2016\/05\/Vista-Parque-da-Fonte-Grande-Tedd-Santana-1024x683.jpg 1024w\" sizes=\"(max-width: 800px) 100vw, 800px\" \/><p id=\"caption-attachment-251\" class=\"wp-caption-text\">Vista do Parque da Fonte Grande. Foto: Tedd Santana.<\/p><\/div>\n<p class=\"western\" style=\"text-align: justify\"><span style=\"color: #00000a\"><span style=\"font-family: Arial, sans-serif\"><span style=\"font-size: small\">Situado no Maci\u00e7o Central da Ilha de Vit\u00f3ria, o Parque Estadual da Fonte Grande contrasta com a agita\u00e7\u00e3o da metr\u00f3pole e \u00e9 um convite para quem deseja relaxar apreciando a natureza. Na capital, o parque \u00e9 a \u00faltima \u00e1rea cont\u00edgua de grande porte com vegeta\u00e7\u00e3o caracter\u00edstica de encostas da Mata Atl\u00e2ntica (PMV, 2016).<\/span><\/span><\/span><\/p>\n<p class=\"western\" style=\"text-align: justify\"><span style=\"color: #000000\"><span style=\"font-family: Arial, sans-serif\"><span style=\"font-size: small\">Endere\u00e7o:\u00a0Avenida Serafim Derenzi, Grande Vit\u00f3ria.<br \/>\nTelefone: (27) 3381-3521 e 3382-6576.<br \/>\nHor\u00e1rio de funcionamento: ter\u00e7a a domingo, das 8 \u00e0s 17 horas.<\/span><\/span><\/span><\/p>\n<p>&nbsp;<\/p>\n<h4 class=\"western\" style=\"text-align: justify\"><\/h4>\n<h2 class=\"western\">Hospedagem<\/h2>\n<p>&nbsp;<\/p>\n<p><strong><a href=\"http:\/\/www.atlanticahotels.com.br\/hotel\/vitoria\/comfort-suites-vitoria\">Comfort Suites Vit\u00f3ria<\/a><\/strong><\/p>\n<ul>\n<li>Endere\u00e7o: Avenida Saturnino de Brito, 1327, Praia do Canto, Vit\u00f3ria &#8211; ES.<\/li>\n<li>Telefone: (27) 3183-2500.<\/li>\n<\/ul>\n<p><strong><a href=\"http:\/\/www.accorhotels.com\/pt-br\/hotel-7220-ibis-budget-vitoria\/index.shtml\">Ibis Budget Reta da Penha<\/a><\/strong><\/p>\n<ul>\n<li>Endere\u00e7o: Av. Nossa Sra. da Penha, 1993, Santa Lucia, Vit\u00f3ria\u00a0&#8211; ES.<\/li>\n<li>Telefone: (27) 3205-6155.<\/li>\n<\/ul>\n<p><strong><a href=\"http:\/\/www.atlanticahotels.com.br\/hotel\/vitoria\/sleep-inn-vitoria\">Sleep Inn Vit\u00f3ria<\/a><\/strong><\/p>\n<ul>\n<li>Endere\u00e7o: Av. Nossa Sra. da Penha, 1212, Praia do Canto, Vit\u00f3ria &#8211; ES.<\/li>\n<li>Telefone: (27) 3194-4450.<\/li>\n<\/ul>\n<p><strong><a href=\"http:\/\/www.alliahotels.com.br\/bristol\/vitoria\/bristol-easy-hotel-reta-da-penha\">Bristol Easy &#8211; Reta da Penha<\/a><\/strong><\/p>\n<ul>\n<li>Endere\u00e7o: Av. Nossa Sra. da Penha, 2656,\u00a0Santa Luiza, Vit\u00f3ria &#8211; ES.<\/li>\n<li>Telefone: (27) 3421-3100.<\/li>\n<\/ul>\n<p><strong><a href=\"http:\/\/www.alliahotels.com.br\/bristol\/vitoria\/costa-victoria\">Bristol Costa Victoria<\/a><\/strong><\/p>\n<ul>\n<li>Endere\u00e7o: R. Chapot Presvot, 51,\u00a0Praia do Canto, Vit\u00f3ria &#8211; ES.<\/li>\n<li>Telefone: (27) 3357-3300.<\/li>\n<\/ul>\n<p><strong><a href=\"http:\/\/www.accorhotels.com\/pt\/hotel-5223-ibis-vitoria-praia-do-canto\/index.shtml\">Ibis Vit\u00f3ria Praia do Canto<\/a><\/strong><\/p>\n<ul>\n<li>Endere\u00e7o: R. Joao da Cruz, 385,\u00a0Praia do Canto, Vitoria\u00a0&#8211; ES.<\/li>\n<li>Telefone: (27) 2104-4850.<\/li>\n<\/ul>\n<p><strong><a href=\"http:\/\/www.alliahotels.com.br\/bristol\/vitoria\/praia-do-canto\">Bristol Praia do Canto<\/a><\/strong><\/p>\n<ul>\n<li>Endere\u00e7o: Av. Saturnino de Brito, 1075,\u00a0Praia Canto, Vit\u00f3ria &#8211; ES.<\/li>\n<li>Telefone: (27) 3334-9494.<\/li>\n<\/ul>\n<p><strong><a href=\"http:\/\/www.goldentulipportovitoria.com\">Golden Tulip Porto Vit\u00f3ria<\/a><\/strong><\/p>\n<ul>\n<li>Endere\u00e7o: Av. Nossa Sra. dos Navegantes, 635,\u00a0Enseada do Su\u00e1, Vit\u00f3ria &#8211; ES.<\/li>\n<li>Telefone: (27) 3533-1300.<\/li>\n<\/ul>\n<p><strong><a href=\"http:\/\/www.sheratonvitoria.com.br\">Sheraton Vit\u00f3ria<\/a><\/strong><\/p>\n<ul>\n<li>Endere\u00e7o: Av. Saturnino de Brito, 217,\u00a0Santa Helena, Vit\u00f3ria &#8211; ES.<\/li>\n<li>Telefone: (27) 2125-8000.<\/li>\n<\/ul>\n<p><strong><a href=\"http:\/\/www.mercure.com\/pt-br\/hotel-5472-mercure-vitoria-hotel\/index.shtml\">Mercure Vit\u00f3ria Hotel<\/a><\/strong><\/p>\n<ul>\n<li>Endere\u00e7o: R. Aleixo Netto, 1385,\u00a0Praia do Canto, Vit\u00f3ria &#8211; ES.<\/li>\n<li>Telefone: (27) 3183-6000.<\/li>\n<\/ul>\n<p>&nbsp;<\/p>\n<h2 class=\"western\" style=\"text-align: justify\">Alimenta\u00e7\u00e3o<\/h2>\n<p>&nbsp;<\/p>\n<p><strong>Restaurante Pioneiro<\/strong><\/p>\n<ul>\n<li>Endere\u00e7o: Av. Paulino Muller, 815 &#8211; Jucutuquara, Vit\u00f3ria &#8211; ES, 29040-715<\/li>\n<li>Telefone: (27) 3222-0612<\/li>\n<\/ul>\n<p><strong>Carlitos Restaurante<\/strong><\/p>\n<ul>\n<li>Endere\u00e7o: Av. Paulino Muller, 981 &#8211; Jucutuquara, Vit\u00f3ria &#8211; ES, 29040-715<\/li>\n<li>Telefone: (27) 3222-5731<\/li>\n<\/ul>\n<p><strong>Madrecita Deliceria<\/strong><\/p>\n<ul>\n<li>Endere\u00e7o: Av. Paulino M\u00fcller, 976 &#8211; Jucutuquara, Vit\u00f3ria &#8211; ES, 29040-715<\/li>\n<li>Telefone: (27) 3232-0400<\/li>\n<\/ul>\n<p><strong>Restaurante Bangal\u00f4<\/strong><\/p>\n<ul>\n<li>Endere\u00e7o: Av. Paulino Muller, 162 &#8211; Ilha de Santa Maria, Vit\u00f3ria &#8211; ES, 29051-035<\/li>\n<li>Telefone: (27) 3223-0477<\/li>\n<\/ul>\n<p><strong>Restaurante Maravilha<\/strong><\/p>\n<ul>\n<li>Endere\u00e7o: Av. Jo\u00e3o Santos Filho, 461 &#8211; Ilha de Santa Maria, Vit\u00f3ria &#8211; ES, 29051-147<\/li>\n<li>Telefone: (27) 3222-0290<\/li>\n<\/ul>\n<p><strong>Sabor da Ilha<\/strong><\/p>\n<ul>\n<li>Endere\u00e7o: Av. Carlos Moreira Lima, 1273 &#8211; Monte Belo, Vit\u00f3ria &#8211; ES, 29053-365<\/li>\n<li>Telefone: (27) 3084-7177<\/li>\n<\/ul>\n<p><strong>Mister Cook<\/strong><\/p>\n<ul>\n<li>Endere\u00e7o: R. Chafic Murad, 990, Vit\u00f3ria &#8211; ES, 29050-660<\/li>\n<li>Telefone: (27) 3223-8607<\/li>\n<\/ul>\n<p><strong>Lanchonete Gourmet &amp;Cia<\/strong><\/p>\n<ul>\n<li>Endere\u00e7o: Av. Mal. Mascarenhas de Moraes &#8211; Bento Ferreira, Vit\u00f3ria &#8211; ES, 29052-121<\/li>\n<li>Telefone: (27) 3225-3146<\/li>\n<\/ul>\n<p><strong>Subway<\/strong><\/p>\n<ul>\n<li>Endere\u00e7o: Avenida Vit\u00f3ria, 1980, Loja 1, Vit\u00f3ria &#8211; ES<\/li>\n<\/ul>\n<p><strong>Horto Mercado<\/strong><\/p>\n<ul>\n<li>Endere\u00e7o: R. Lic\u00ednio dos Santos Conte, 51 &#8211; Enseada do Su\u00e1, Vit\u00f3ria &#8211; ES, 29050-333<\/li>\n<li>Telefone: (27) 3235-7556<\/li>\n<\/ul>\n<p><strong>Restaurante La Salsa<\/strong><\/p>\n<ul>\n<li>Endere\u00e7o: R. Madeira de Freitas, 76 &#8211; Praia do Canto, Vit\u00f3ria &#8211; ES, 29055-320<\/li>\n<li>Telefone: (27) 3315-7511<\/li>\n<\/ul>\n<p>&nbsp;<\/p>\n","protected":false},"excerpt":{"rendered":"<p>&nbsp; Centro Hist\u00f3rico de Vit\u00f3ria Vit\u00f3ria foi fundada em 1551 e tem um centro hist\u00f3rico onde os tr\u00eas pontos tur\u00edsticos mais visitados s\u00e3o a Catedral Metropolitana, o Theatro Carlos Gomes e o Pal\u00e1cio Anchieta \u2013 uma das sedes do governo. <a class=\"more-link\" href=\"https:\/\/concefor.cefor.ifes.edu.br\/2017\/localizacao\/\">Leia mais&#8230; &raquo;<\/a><\/p>\n","protected":false},"author":1,"featured_media":0,"parent":0,"menu_order":0,"comment_status":"closed","ping_status":"closed","template":"","meta":[],"_links":{"self":[{"href":"https:\/\/concefor.cefor.ifes.edu.br\/2017\/wp-json\/wp\/v2\/pages\/28"}],"collection":[{"href":"https:\/\/concefor.cefor.ifes.edu.br\/2017\/wp-json\/wp\/v2\/pages"}],"about":[{"href":"https:\/\/concefor.cefor.ifes.edu.br\/2017\/wp-json\/wp\/v2\/types\/page"}],"author":[{"embeddable":true,"href":"https:\/\/concefor.cefor.ifes.edu.br\/2017\/wp-json\/wp\/v2\/users\/1"}],"replies":[{"embeddable":true,"href":"https:\/\/concefor.cefor.ifes.edu.br\/2017\/wp-json\/wp\/v2\/comments?post=28"}],"version-history":[{"count":0,"href":"https:\/\/concefor.cefor.ifes.edu.br\/2017\/wp-json\/wp\/v2\/pages\/28\/revisions"}],"wp:attachment":[{"href":"https:\/\/concefor.cefor.ifes.edu.br\/2017\/wp-json\/wp\/v2\/media?parent=28"}],"curies":[{"name":"wp","href":"https:\/\/api.w.org\/{rel}","templated":true}]}}