{"id":26,"date":"2016-04-12T13:36:51","date_gmt":"2016-04-12T13:36:51","guid":{"rendered":"http:\/\/concefor.cefor.ifes.edu.br\/?page_id=26"},"modified":"2016-04-12T13:36:51","modified_gmt":"2016-04-12T13:36:51","slug":"datas-importantes","status":"publish","type":"page","link":"https:\/\/concefor.cefor.ifes.edu.br\/2017\/datas-importantes\/","title":{"rendered":"Datas importantes"},"content":{"rendered":"<p>&nbsp;<\/p>\n<ul>\n<li>Evento: 10, 11 e 12 de Agosto de 2017.<\/li>\n<li>Per\u00edodo de submiss\u00e3o de trabalhos: <del>14\/04 a 14\/05\u00a0<\/del>\u00a0<span style=\"color: #ff0000\">18\/05 (<em>N\u00e3o haver\u00e1 prorroga\u00e7\u00e3o<\/em>)<\/span>.<\/li>\n<li>Resultado final: 12\/06.<\/li>\n<li>Envio da vers\u00e3o final formatada: 18\/06.<\/li>\n<\/ul>\n","protected":false},"excerpt":{"rendered":"<p>&nbsp; Evento: 10, 11 e 12 de Agosto de 2017. Per\u00edodo de submiss\u00e3o de trabalhos: 14\/04 a 14\/05\u00a0\u00a018\/05 (N\u00e3o haver\u00e1 prorroga\u00e7\u00e3o). Resultado final: 12\/06. Envio da vers\u00e3o final formatada: 18\/06.<\/p>\n","protected":false},"author":1,"featured_media":0,"parent":0,"menu_order":0,"comment_status":"closed","ping_status":"closed","template":"","meta":[],"_links":{"self":[{"href":"https:\/\/concefor.cefor.ifes.edu.br\/2017\/wp-json\/wp\/v2\/pages\/26"}],"collection":[{"href":"https:\/\/concefor.cefor.ifes.edu.br\/2017\/wp-json\/wp\/v2\/pages"}],"about":[{"href":"https:\/\/concefor.cefor.ifes.edu.br\/2017\/wp-json\/wp\/v2\/types\/page"}],"author":[{"embeddable":true,"href":"https:\/\/concefor.cefor.ifes.edu.br\/2017\/wp-json\/wp\/v2\/users\/1"}],"replies":[{"embeddable":true,"href":"https:\/\/concefor.cefor.ifes.edu.br\/2017\/wp-json\/wp\/v2\/comments?post=26"}],"version-history":[{"count":0,"href":"https:\/\/concefor.cefor.ifes.edu.br\/2017\/wp-json\/wp\/v2\/pages\/26\/revisions"}],"wp:attachment":[{"href":"https:\/\/concefor.cefor.ifes.edu.br\/2017\/wp-json\/wp\/v2\/media?parent=26"}],"curies":[{"name":"wp","href":"https:\/\/api.w.org\/{rel}","templated":true}]}}