{"id":222,"date":"2016-05-04T14:25:17","date_gmt":"2016-05-04T17:25:17","guid":{"rendered":"http:\/\/concefor.cefor.ifes.edu.br\/?page_id=222"},"modified":"2016-05-04T14:25:17","modified_gmt":"2016-05-04T17:25:17","slug":"grupos-de-trabalhos","status":"publish","type":"page","link":"https:\/\/concefor.cefor.ifes.edu.br\/2017\/grupos-de-trabalhos\/","title":{"rendered":"Grupos de Trabalho"},"content":{"rendered":"<p>&nbsp;<\/p>\n<h3 style=\"text-align: justify\"><\/h3>\n<h3 style=\"text-align: justify\">Organiza\u00e7\u00e3o dos Grupos de Trabalho<\/h3>\n<h5 style=\"text-align: justify\">Objetivo<\/h5>\n<p style=\"text-align: justify\">Oferecer um espa\u00e7o de interlocu\u00e7\u00e3o no qual o debate sobre os resultados de pesquisas e experi\u00eancias contribuam para uma pr\u00e1tica reflexiva. \u00c9 por meio dos GTs que se d\u00e1 o interc\u00e2mbio entre pesquisadores e estudantes, quando s\u00e3o criadas redes de interesses acad\u00eamicos comuns. Assim, procura-se estimular a estrutura de pesquisa e a supera\u00e7\u00e3o do isolamento dos pesquisadores e grupos.<\/p>\n<h5 style=\"text-align: justify\">Orienta\u00e7\u00f5es para os GTs<\/h5>\n<p style=\"text-align: justify\">O mediador deve propor temas e tamb\u00e9m ouvir os temas demandados pelo grupo, no sentido de elencar os assuntos priorit\u00e1rios. Enfim, o grupo deve definir, nessa primeira reuni\u00e3o, uma pauta e uma agenda. \u00c9 importante que os participantes se apresentem, mostrando sua \u00e1rea de atua\u00e7\u00e3o e seus interesses, no sentido do grupo perceber a amplitude de recursos humanos com os quais o grupo pode contar, na defini\u00e7\u00e3o de seus trabalhos.<br \/>\nOutra quest\u00e3o importante \u00e9 definir a forma de encontro dos participantes e os autores e obras a serem estudados\/debatidos. Podem-se sugerir encontros a dist\u00e2ncia com f\u00f3runs de debate.<br \/>\nPor fim, \u00e9 preciso conversar desde a primeira reuni\u00e3o sobre um poss\u00edvel produto do grupo: a elabora\u00e7\u00e3o de uma revista, um documento, um projeto etc. Esta \u00e9 a finalidade do grupo: produzir uma a\u00e7\u00e3o ou objeto concreto.<\/p>\n<h5 style=\"text-align: justify\">Resultados esperados<\/h5>\n<p style=\"text-align: justify\">Discuss\u00e3o na plen\u00e1ria do evento para posterior debate no pr\u00f3ximo evento e\/ou em outras formas de interlocu\u00e7\u00e3o.<\/p>\n<p>&nbsp;<\/p>\n<h3>Temas<\/h3>\n<h6>GT &#8211;\u00a0Forma\u00e7\u00e3o de Professores<\/h6>\n<ul>\n<li><strong>Educa\u00e7\u00e3o B\u00e1sica e forma\u00e7\u00e3o de professores: di\u00e1logos curriculares<\/strong> &#8211; Coordenadora:\u00a0Profa. Dra. Maria das Gra\u00e7as Ferreira Lobino e\u00a0Prof. Msc. Livia Scheiner Costa &#8211; Local:\u00a0Sala 2 (30 vagas)<\/li>\n<li><strong>Abordagens em Forma\u00e7\u00e3o Continuada de Professores<\/strong> &#8211; Coordenadora:\u00a0Profa. Dra. Maria Auxiliadora Vilela Paiva &#8211; Local: Sala 3 (30 vagas)<\/li>\n<li><strong>Especificidades de forma\u00e7\u00e3o de educadores: educa\u00e7\u00e3o n\u00e3o formal, Proeja, educa\u00e7\u00e3o ind\u00edgena, educa\u00e7\u00e3o do campo e educa\u00e7\u00e3o especial<\/strong> &#8211; Coordenadora:\u00a0Profa. Dra. Ligia Arantes Sad &#8211;\u00a0Sala 4 (30 vagas)<\/li>\n<\/ul>\n<h6>GT \u2013\u00a0EaD<\/h6>\n<ul>\n<li><strong>Design educacional e m\u00eddias na EaD<\/strong> &#8211; Coordenadora: Profa. Dra. Danielli Veiga Carneiro Sondermann &#8211; Local: Audit\u00f3rio do Cefor (70 vagas)<\/li>\n<li><strong>O polo e o tutor presencial: potencializando a intera\u00e7\u00e3o na EaD<\/strong> &#8211; Coordenadores:\u00a0Prof. Me. J\u00falio Francelino | Profa. Dra. Ozirlei Teresa Marcilino &#8211; Local:\u00a0P\u00e1tio do Cefor (100 vagas)<\/li>\n<li><strong>Tecnologias digitais e pr\u00e1ticas pedag\u00f3gicas<\/strong> &#8211; Coordenadores:\u00a0Profa. Izabely Furtado | Profa. Me. Rutinelli F\u00e1vero | Profa. Dra. Mariella Berger &#8211; Local:\u00a0Sala de Reuni\u00f5es (30 vagas)<\/li>\n<\/ul>\n<h6><\/h6>\n<p>&nbsp;<\/p>\n","protected":false},"excerpt":{"rendered":"<p>&nbsp; Organiza\u00e7\u00e3o dos Grupos de Trabalho Objetivo Oferecer um espa\u00e7o de interlocu\u00e7\u00e3o no qual o debate sobre os resultados de pesquisas e experi\u00eancias contribuam para uma pr\u00e1tica reflexiva. \u00c9 por meio dos GTs que se d\u00e1 o interc\u00e2mbio entre pesquisadores <a class=\"more-link\" href=\"https:\/\/concefor.cefor.ifes.edu.br\/2017\/grupos-de-trabalhos\/\">Leia mais&#8230; &raquo;<\/a><\/p>\n","protected":false},"author":1,"featured_media":0,"parent":0,"menu_order":0,"comment_status":"closed","ping_status":"closed","template":"","meta":[],"_links":{"self":[{"href":"https:\/\/concefor.cefor.ifes.edu.br\/2017\/wp-json\/wp\/v2\/pages\/222"}],"collection":[{"href":"https:\/\/concefor.cefor.ifes.edu.br\/2017\/wp-json\/wp\/v2\/pages"}],"about":[{"href":"https:\/\/concefor.cefor.ifes.edu.br\/2017\/wp-json\/wp\/v2\/types\/page"}],"author":[{"embeddable":true,"href":"https:\/\/concefor.cefor.ifes.edu.br\/2017\/wp-json\/wp\/v2\/users\/1"}],"replies":[{"embeddable":true,"href":"https:\/\/concefor.cefor.ifes.edu.br\/2017\/wp-json\/wp\/v2\/comments?post=222"}],"version-history":[{"count":0,"href":"https:\/\/concefor.cefor.ifes.edu.br\/2017\/wp-json\/wp\/v2\/pages\/222\/revisions"}],"wp:attachment":[{"href":"https:\/\/concefor.cefor.ifes.edu.br\/2017\/wp-json\/wp\/v2\/media?parent=222"}],"curies":[{"name":"wp","href":"https:\/\/api.w.org\/{rel}","templated":true}]}}