{"id":22,"date":"2016-04-12T13:36:15","date_gmt":"2016-04-12T13:36:15","guid":{"rendered":"http:\/\/concefor.cefor.ifes.edu.br\/?page_id=22"},"modified":"2016-04-12T13:36:15","modified_gmt":"2016-04-12T13:36:15","slug":"inscricoes","status":"publish","type":"page","link":"https:\/\/concefor.cefor.ifes.edu.br\/2017\/inscricoes\/","title":{"rendered":"Inscri\u00e7\u00f5es"},"content":{"rendered":"<p><strong>INSCRI\u00c7\u00d5ES PRORROGADAS AT\u00c9 04 DE AGOSTO<\/strong><\/p>\n<p>Para participar do IV Concefor, inscreva-se por meio do <a href=\"https:\/\/www.even3.com.br\/evento\/login?evento=concefor\" target=\"_blank\">Formul\u00e1rio de Cadastro<\/a>.<\/p>\n<p><b>Valores de Inscri\u00e7\u00f5es<\/b><\/p>\n<table style=\"border: 1px solid #cccccc;height: 130px\" border=\"1\" width=\"432\" cellspacing=\"0\" cellpadding=\"0\">\n<tbody>\n<tr>\n<td valign=\"top\" width=\"374\">Estudantes<\/td>\n<td valign=\"top\" width=\"374\">R$ 30,00<\/td>\n<\/tr>\n<tr>\n<td valign=\"top\" width=\"374\">\n<div>Profissionais da educa\u00e7\u00e3o<\/div>\n<div><\/div>\n<\/td>\n<td valign=\"top\" width=\"374\">R$ 50,00<\/td>\n<\/tr>\n<tr>\n<td valign=\"top\" width=\"374\">P\u00fablico em geral<\/td>\n<td valign=\"top\" width=\"374\">R$ 75,00<\/td>\n<\/tr>\n<\/tbody>\n<\/table>\n<p>As inscri\u00e7\u00f5es estar\u00e3o abertas at\u00e9 o dia 30 de julho.<\/p>\n","protected":false},"excerpt":{"rendered":"<p>INSCRI\u00c7\u00d5ES PRORROGADAS AT\u00c9 04 DE AGOSTO Para participar do IV Concefor, inscreva-se por meio do Formul\u00e1rio de Cadastro. Valores de Inscri\u00e7\u00f5es Estudantes R$ 30,00 Profissionais da educa\u00e7\u00e3o R$ 50,00 P\u00fablico em geral R$ 75,00 As inscri\u00e7\u00f5es estar\u00e3o abertas at\u00e9 o <a class=\"more-link\" href=\"https:\/\/concefor.cefor.ifes.edu.br\/2017\/inscricoes\/\">Leia mais&#8230; &raquo;<\/a><\/p>\n","protected":false},"author":1,"featured_media":0,"parent":0,"menu_order":0,"comment_status":"closed","ping_status":"closed","template":"","meta":[],"_links":{"self":[{"href":"https:\/\/concefor.cefor.ifes.edu.br\/2017\/wp-json\/wp\/v2\/pages\/22"}],"collection":[{"href":"https:\/\/concefor.cefor.ifes.edu.br\/2017\/wp-json\/wp\/v2\/pages"}],"about":[{"href":"https:\/\/concefor.cefor.ifes.edu.br\/2017\/wp-json\/wp\/v2\/types\/page"}],"author":[{"embeddable":true,"href":"https:\/\/concefor.cefor.ifes.edu.br\/2017\/wp-json\/wp\/v2\/users\/1"}],"replies":[{"embeddable":true,"href":"https:\/\/concefor.cefor.ifes.edu.br\/2017\/wp-json\/wp\/v2\/comments?post=22"}],"version-history":[{"count":0,"href":"https:\/\/concefor.cefor.ifes.edu.br\/2017\/wp-json\/wp\/v2\/pages\/22\/revisions"}],"wp:attachment":[{"href":"https:\/\/concefor.cefor.ifes.edu.br\/2017\/wp-json\/wp\/v2\/media?parent=22"}],"curies":[{"name":"wp","href":"https:\/\/api.w.org\/{rel}","templated":true}]}}