{"id":18,"date":"2016-04-12T13:35:25","date_gmt":"2016-04-12T13:35:25","guid":{"rendered":"http:\/\/concefor.cefor.ifes.edu.br\/?page_id=18"},"modified":"2016-04-12T13:35:25","modified_gmt":"2016-04-12T13:35:25","slug":"palestrantes","status":"publish","type":"page","link":"https:\/\/concefor.cefor.ifes.edu.br\/2017\/palestrantes\/","title":{"rendered":"Palestrantes"},"content":{"rendered":"<p>&nbsp;<\/p>\n<h5>Yuriko Yamamoto Baldin<\/h5>\n<p><img loading=\"lazy\" class=\"alignnone wp-image-416 size-full\" src=\"http:\/\/concefor.cefor.ifes.edu.br\/2017\/wp-content\/uploads\/sites\/4\/2016\/04\/Yuriko.jpg\" alt=\"Yuriko\" width=\"126\" height=\"135\" \/><\/p>\n<p style=\"text-align: justify\">\u00c9 Licenciada e Bacharel em Matem\u00e1tica, tendo Mestrado e Doutorado em Matem\u00e1tica, pela Universidade Estadual de Campinas, P\u00f3s-doutorado em USA, tendo participado de visitas cient\u00edficas no Jap\u00e3o. \u00c9 membro do corpo editorial do Eletronic Journal of Mathematics and Technology e da Editora LIMC-UFRJ. Atua, por mais de 30 anos, na Universidade Federal de S\u00e3o Carlos nas \u00e1reas de ensino, pesquisa e extens\u00e3o, e atualmente como professora s\u00eanior, ap\u00f3s aposentadoria. atua com pesquisas na \u00e1rea de Matem\u00e1tica, sub-\u00e1rea Geometria Diferencial, concentrando-se ultimamente no Ensino de Matem\u00e1tica, especialmente nas sub-\u00e1reas de Forma\u00e7\u00e3o Inicial e Continuada de Professores, Desenvolvimento de Materiais Did\u00e1ticos, M\u00e9todos de Ensino e Aprendizagem de Matem\u00e1tica, Desenvolvimento e Problem\u00e1tica dos Curr\u00edculos, Utiliza\u00e7\u00e3o das Tecnologias no Ensino da Matem\u00e1tica, relacionados aos temas: uso de softwares\/tecnologias no ensino, geometria diferencial, ensino integrado, conex\u00e3o entre as matem\u00e1ticas b\u00e1sica e superior, resolu\u00e7\u00e3o de problemas e a an\u00e1lise de erros como estrat\u00e9gias de ensino e pesquisa, Lesson Study, integra\u00e7\u00e3o entre o concreto, o l\u00fadico e o abstrato, Matem\u00e1tica de Singapura. Trabalhou na Rede Nacional de Forma\u00e7\u00e3o Continuada de Professores do MEC e atua como assessora ad-hoc na \u00c1rea de Ensino da CAPES. Atuou por 3 vezes no PNLD-MEC e, tamb\u00e9m, como expert da JICA em cursos de capacita\u00e7\u00e3o de professores em Bol\u00edvia. Foi coordenadora regional da OBMEP, de 2005 a 2013, e atualmente desenvolve o Projeto de Integra\u00e7\u00e3o da OBMEP na forma\u00e7\u00e3o continuada de professores. \u00c9 credenciada no Programa de P\u00f3s-Gradua\u00e7\u00e3o em Ensino de Ci\u00eancias Exatas da UFSCar, orientando disserta\u00e7\u00f5es na \u00e1rea de Ensino de Matem\u00e1tica, especializada em Metodologia de Lesson Study e de Resolu\u00e7\u00e3o de Problemas. Foi representante do Brasil na ICMI-IMU, 2008-2012, membro eleito do Comit\u00ea Executivo do ICMI, de 2013 a 2016, e reeleita para novo mandato a partir de 2017. Foi coordenadora do Projeto Klein de Matem\u00e1tica, em Portugu\u00eas, de 2010 a 2014, e membro do Design Team do The Klein Project for 21st century do ICMI-IMU. Foi membro efetivo do Comit\u00ea de Programa Cient\u00edfico do 12 ICME-!MU em Seul, 2012, do Comit\u00ea Cient\u00edfico do EARCOME-ICMI em Cebu, Filipinas, em 2015, e atua como Coordenadora Geral do projeto CANP-ICMI-IMU em Peru, 2016.<\/p>\n<p style=\"text-align: justify\">Endere\u00e7o para acessar o curr\u00edculo: <a href=\"http:\/\/lattes.cnpq.br\/8785562528979416\" target=\"_blank\">http:\/\/lattes.cnpq.br\/8785562528979416<\/a><\/p>\n<h5><\/h5>\n<h5>Mara Lucia Fernandes Carneiro<\/h5>\n<p><img loading=\"lazy\" class=\"alignnone size-full wp-image-588\" src=\"http:\/\/concefor.cefor.ifes.edu.br\/2017\/wp-content\/uploads\/sites\/4\/2017\/07\/MariaLuciafernandes.jpg\" alt=\"MariaLuciafernandes\" width=\"142\" height=\"142\" \/><\/p>\n<p>Possui gradua\u00e7\u00e3o em Engenharia Qu\u00edmica pela Universidade Federal do Rio Grande do Sul (1978), especializa\u00e7\u00e3o em Metodologia do Ensino Superior (PUCRS, 1987) e em Inform\u00e1tica na Educa\u00e7\u00e3o (PUCRS, 1992), mestrado em Ci\u00eancia da Computa\u00e7\u00e3o pela PUCRS (1996) e doutorado em Inform\u00e1tica na Educa\u00e7\u00e3o pela UFRGS (2003). Foi Vice-Coordenadora do N\u00facleo de Apoio Pedag\u00f3gico \u00e0 Educa\u00e7\u00e3o a Dist\u00e2ncia (NAPEAD\/SEAD) entre 2010 e 212 e Secret\u00e1ria de Educa\u00e7\u00e3o a Dist\u00e2ncia (SEAD\/UFRGS) na gest\u00e3o 2012-2016. Professora Associada II do Departamento de Psicologia Social e Institucional Instituto de Psicologia da Universidade Federal do Rio Grande do Sul, onde atua na forma\u00e7\u00e3o b\u00e1sica em Psicologia Social e suas rela\u00e7\u00f5es com as tecnologias em diversos cursos da universidade. Como pesquisadora, os temas de interesse s\u00e3o educa\u00e7\u00e3o a dist\u00e2ncia, forma\u00e7\u00e3o de docentes e tutores para a EaD, produ\u00e7\u00e3o de objetos de aprendizagem e suas vincula\u00e7\u00f5es com a cogni\u00e7\u00e3o e os processos de subjetiva\u00e7\u00e3o.<\/p>\n<div><\/div>\n","protected":false},"excerpt":{"rendered":"<p>&nbsp; Yuriko Yamamoto Baldin \u00c9 Licenciada e Bacharel em Matem\u00e1tica, tendo Mestrado e Doutorado em Matem\u00e1tica, pela Universidade Estadual de Campinas, P\u00f3s-doutorado em USA, tendo participado de visitas cient\u00edficas no Jap\u00e3o. \u00c9 membro do corpo editorial do Eletronic Journal of <a class=\"more-link\" href=\"https:\/\/concefor.cefor.ifes.edu.br\/2017\/palestrantes\/\">Leia mais&#8230; &raquo;<\/a><\/p>\n","protected":false},"author":1,"featured_media":0,"parent":0,"menu_order":0,"comment_status":"closed","ping_status":"closed","template":"","meta":[],"_links":{"self":[{"href":"https:\/\/concefor.cefor.ifes.edu.br\/2017\/wp-json\/wp\/v2\/pages\/18"}],"collection":[{"href":"https:\/\/concefor.cefor.ifes.edu.br\/2017\/wp-json\/wp\/v2\/pages"}],"about":[{"href":"https:\/\/concefor.cefor.ifes.edu.br\/2017\/wp-json\/wp\/v2\/types\/page"}],"author":[{"embeddable":true,"href":"https:\/\/concefor.cefor.ifes.edu.br\/2017\/wp-json\/wp\/v2\/users\/1"}],"replies":[{"embeddable":true,"href":"https:\/\/concefor.cefor.ifes.edu.br\/2017\/wp-json\/wp\/v2\/comments?post=18"}],"version-history":[{"count":0,"href":"https:\/\/concefor.cefor.ifes.edu.br\/2017\/wp-json\/wp\/v2\/pages\/18\/revisions"}],"wp:attachment":[{"href":"https:\/\/concefor.cefor.ifes.edu.br\/2017\/wp-json\/wp\/v2\/media?parent=18"}],"curies":[{"name":"wp","href":"https:\/\/api.w.org\/{rel}","templated":true}]}}