{"id":22,"date":"2016-04-12T13:36:15","date_gmt":"2016-04-12T13:36:15","guid":{"rendered":"http:\/\/concefor.cefor.ifes.edu.br\/?page_id=22"},"modified":"2016-04-12T13:36:15","modified_gmt":"2016-04-12T13:36:15","slug":"inscricoes","status":"publish","type":"page","link":"https:\/\/concefor.cefor.ifes.edu.br\/2016\/inscricoes\/","title":{"rendered":"Inscri\u00e7\u00f5es"},"content":{"rendered":"<p>&nbsp;<\/p>\n<p>Valores<\/p>\n<p>At\u00e9 30\/06\/2016:<br \/>\nP\u00fablico em geral \u2013 R$ 75,00<br \/>\nProfissionais da Educa\u00e7\u00e3o \u2013 R$ 50,00<br \/>\nEstudantes \u2013 R$ 25,00<\/p>\n<p>Ap\u00f3s 30\/06\/2016:<br \/>\nP\u00fablico em geral \u2013 R$ 90,00<br \/>\nProfissionais da Educa\u00e7\u00e3o \u2013 R$ 60,00<br \/>\nEstudantes \u2013 R$ 30,00<\/p>\n<p><span style=\"color: #ff0000\">INSCRI\u00c7\u00d5ES ENCERRADAS!!!<\/span><\/p>\n<p>&nbsp;<\/p>\n<h4>Grupos de Trabalhos<\/h4>\n<p>Na inscri\u00e7\u00e3o voc\u00ea dever\u00e1 escolher o Grupo de Trabalho do seu interesse. Mais informa\u00e7\u00f5es na p\u00e1gina\u00a0<a href=\"http:\/\/concefor.cefor.ifes.edu.br\/?page_id=222\" target=\"_blank\">Grupos de Trabalho Concefor.<\/a><\/p>\n<p>&nbsp;<\/p>\n<h4>A\u00e7\u00e3o Solid\u00e1ria<\/h4>\n<p style=\"text-align: justify\">O III Concefor convida a todos os participantes do congresso a apoiar\u00a0a SAHUCAM (Sociedade dos Amigos do Hospital Universit\u00e1rio Cassiano Ant\u00f4nio de Moraes), que \u00e9 uma entidade filantr\u00f3pica sem fins lucrativos cujo principal objetivo\u00a0\u00e9\u00a0ajudar os pacientes carentes do HUCAM.<\/p>\n<p>Receberemos doa\u00e7\u00f5es para a SAHUCAM nos dias do evento de:<\/p>\n<ul>\n<li>Toalha de banho, pasta de dente, escova de dente, sabonete e absorvente.<\/li>\n<li>Roupas e cal\u00e7ados usados em bom estado (masculinos, femininos e rec\u00e9m-nascidos).<\/li>\n<li>Fraldas geri\u00e1trica (G e XG) e fraldas infantis (RN e XG).<\/li>\n<\/ul>\n<p>&nbsp;<\/p>\n<h4>Passos para inscri\u00e7\u00e3o no III Concefor<\/h4>\n<h4><\/h4>\n<h6 style=\"text-align: justify\"><strong>Passo 1: Preenchimento do Formul\u00e1rio<\/strong><\/h6>\n<p style=\"text-align: justify\">Preencha o formul\u00e1rio dispon\u00edvel <a href=\"https:\/\/docs.google.com\/forms\/d\/1Fl8ajKtZeSrEzpxCOryujSU38Q22MIx6J74Q-P9Rjhs\/viewform\" target=\"_blank\">aqui<\/a>.<\/p>\n<h6 style=\"text-align: justify\"><strong>Passo 2: Impress\u00e3o e Pagamento da Guia de Recolhimento da Uni\u00e3o (GRU)<\/strong><\/h6>\n<p style=\"text-align: justify\">O pagamento da taxa de inscri\u00e7\u00e3o do evento dever\u00e1 ser realizado\u00a0por meio de GRU (Guia de Recolhimento da Uni\u00e3o). Para emiti-la, acesse o <a href=\"https:\/\/consulta.tesouro.fazenda.gov.br\/gru_novosite\/gru_simples.asp\" target=\"_blank\">site<\/a> e siga o roteiro abaixo:<\/p>\n<p style=\"text-align: justify\">Preencha OBRIGATORIAMENTE os campos a seguir para realizar a impress\u00e3o:<\/p>\n<ul style=\"text-align: justify\">\n<li>Unidade Gestora (UG): 158151<\/li>\n<li>Gest\u00e3o: 26406<\/li>\n<li>C\u00f3digo de Recolhimento: 28883-7<\/li>\n<li>Nome da Unidade: Ser\u00e1 preenchido automaticamente ap\u00f3s digitados o c\u00f3digo e a gest\u00e3o<\/li>\n<li>Refer\u00eancia: 030<\/li>\n<li>CNPJ ou CPF do Contribuinte (*): digite o CPF do solicitante<\/li>\n<li>Nome do Contribuinte \/ Recolhedor (*): digite o nome do solicitante<\/li>\n<li>(=)Valor Principal: valor a ser recolhido (verifique o valor das taxas de acordo com seu perfil)<\/li>\n<li>(=)Valor Total: digite novamente o valor a ser recolhido<\/li>\n<\/ul>\n<p style=\"text-align: justify\">Clique em emitir GRU Simples e uma nova janela ser\u00e1 aberta para gera\u00e7\u00e3o do PDF.<br \/>\nClique em imprimir.<br \/>\nEfetue o pagamento da GRU.<\/p>\n<h6 style=\"text-align: justify\"><strong>Passo 3: Envio de Comprovantes<\/strong><\/h6>\n<p style=\"text-align: justify\">Envie\u00a0o comprovante de pagamento da GRU e o comprovante de perfil para o e-mail <strong>inscricao.concefor@ifes.edu.br.\u00a0<\/strong>Informe seu nome completo no assunto do email.<\/p>\n<p style=\"text-align: justify\">S\u00e3o aceitos como comprovantes de perfil:<\/p>\n<ul style=\"text-align: justify\">\n<li>Declara\u00e7\u00e3o de v\u00ednculo empregat\u00edcio ou de estudante.<\/li>\n<li>Carteira funcional ou carteira de estudante.<\/li>\n<li>Contracheque ou c\u00f3pia da carteira de trabalho.<\/li>\n<\/ul>\n<p style=\"text-align: justify\">Importante: S\u00f3 ser\u00e3o confirmadas as inscri\u00e7\u00f5es mediante envio do e-mail.<\/p>\n<p>&nbsp;<\/p>\n<h4>D\u00favidas<\/h4>\n<p>Em caso de d\u00favidas, escreva para <strong>inscricao.concefor@ifes.edu.br<\/strong><\/p>\n","protected":false},"excerpt":{"rendered":"<p>&nbsp; Valores At\u00e9 30\/06\/2016: P\u00fablico em geral \u2013 R$ 75,00 Profissionais da Educa\u00e7\u00e3o \u2013 R$ 50,00 Estudantes \u2013 R$ 25,00 Ap\u00f3s 30\/06\/2016: P\u00fablico em geral \u2013 R$ 90,00 Profissionais da Educa\u00e7\u00e3o \u2013 R$ 60,00 Estudantes \u2013 R$ 30,00 INSCRI\u00c7\u00d5ES ENCERRADAS!!! <a class=\"more-link\" href=\"https:\/\/concefor.cefor.ifes.edu.br\/2016\/inscricoes\/\">Leia mais&#8230; &raquo;<\/a><\/p>\n","protected":false},"author":1,"featured_media":0,"parent":0,"menu_order":0,"comment_status":"closed","ping_status":"closed","template":"","meta":[],"_links":{"self":[{"href":"https:\/\/concefor.cefor.ifes.edu.br\/2016\/wp-json\/wp\/v2\/pages\/22"}],"collection":[{"href":"https:\/\/concefor.cefor.ifes.edu.br\/2016\/wp-json\/wp\/v2\/pages"}],"about":[{"href":"https:\/\/concefor.cefor.ifes.edu.br\/2016\/wp-json\/wp\/v2\/types\/page"}],"author":[{"embeddable":true,"href":"https:\/\/concefor.cefor.ifes.edu.br\/2016\/wp-json\/wp\/v2\/users\/1"}],"replies":[{"embeddable":true,"href":"https:\/\/concefor.cefor.ifes.edu.br\/2016\/wp-json\/wp\/v2\/comments?post=22"}],"version-history":[{"count":0,"href":"https:\/\/concefor.cefor.ifes.edu.br\/2016\/wp-json\/wp\/v2\/pages\/22\/revisions"}],"wp:attachment":[{"href":"https:\/\/concefor.cefor.ifes.edu.br\/2016\/wp-json\/wp\/v2\/media?parent=22"}],"curies":[{"name":"wp","href":"https:\/\/api.w.org\/{rel}","templated":true}]}}